{"id":11,"date":"2022-01-04T00:37:50","date_gmt":"2022-01-04T00:37:50","guid":{"rendered":"http:\/\/www.isef11.edu.ar\/?page_id=11"},"modified":"2025-09-25T22:57:31","modified_gmt":"2025-09-26T01:57:31","slug":"carreras","status":"publish","type":"page","link":"http:\/\/www.isef11.edu.ar\/?page_id=11","title":{"rendered":"Carreras"},"content":{"rendered":"\t\t<div data-elementor-type=\"wp-page\" data-elementor-id=\"11\" class=\"elementor elementor-11\">\n\t\t\t\t\t\t<section class=\"elementor-section elementor-top-section elementor-element elementor-element-27b9c9f1 elementor-section-full_width elementor-section-height-default elementor-section-height-default exad-glass-effect-no exad-sticky-section-no\" data-id=\"27b9c9f1\" data-element_type=\"section\">\n\t\t\t\t\t\t<div class=\"elementor-container elementor-column-gap-default\">\n\t\t\t\t\t<div class=\"elementor-column elementor-col-100 elementor-top-column elementor-element elementor-element-fc0f781 exad-glass-effect-no exad-sticky-section-no\" data-id=\"fc0f781\" data-element_type=\"column\">\n\t\t\t<div class=\"elementor-widget-wrap elementor-element-populated\">\n\t\t\t\t\t\t<div class=\"elementor-element elementor-element-b8f5fae exad-sticky-section-no exad-glass-effect-no elementor-widget elementor-widget-heading\" data-id=\"b8f5fae\" data-element_type=\"widget\" data-widget_type=\"heading.default\">\n\t\t\t\t<div class=\"elementor-widget-container\">\n\t\t\t\t\t<h2 class=\"elementor-heading-title elementor-size-default\">carreras\n\n<\/h2>\t\t\t\t<\/div>\n\t\t\t\t<\/div>\n\t\t\t\t<section class=\"elementor-section elementor-inner-section elementor-element elementor-element-50a6fd8a elementor-section-boxed elementor-section-height-default elementor-section-height-default exad-glass-effect-no exad-sticky-section-no\" data-id=\"50a6fd8a\" data-element_type=\"section\">\n\t\t\t\t\t\t<div class=\"elementor-container elementor-column-gap-default\">\n\t\t\t\t\t<div class=\"elementor-column elementor-col-33 elementor-inner-column elementor-element elementor-element-138da338 exad-glass-effect-no exad-sticky-section-no\" data-id=\"138da338\" data-element_type=\"column\">\n\t\t\t<div class=\"elementor-widget-wrap\">\n\t\t\t\t\t\t\t<\/div>\n\t\t<\/div>\n\t\t\t\t<div class=\"elementor-column elementor-col-33 elementor-inner-column elementor-element elementor-element-3d1fed7a exad-glass-effect-no exad-sticky-section-no\" data-id=\"3d1fed7a\" data-element_type=\"column\">\n\t\t\t<div class=\"elementor-widget-wrap\">\n\t\t\t\t\t\t\t<\/div>\n\t\t<\/div>\n\t\t\t\t<div class=\"elementor-column elementor-col-33 elementor-inner-column elementor-element elementor-element-4a08133b exad-glass-effect-no exad-sticky-section-no\" data-id=\"4a08133b\" data-element_type=\"column\">\n\t\t\t<div class=\"elementor-widget-wrap\">\n\t\t\t\t\t\t\t<\/div>\n\t\t<\/div>\n\t\t\t\t\t<\/div>\n\t\t<\/section>\n\t\t\t\t\t<\/div>\n\t\t<\/div>\n\t\t\t\t\t<\/div>\n\t\t<\/section>\n\t\t\t\t<section class=\"elementor-section elementor-top-section elementor-element elementor-element-7461e8e elementor-section-boxed elementor-section-height-default elementor-section-height-default exad-glass-effect-no exad-sticky-section-no\" data-id=\"7461e8e\" data-element_type=\"section\">\n\t\t\t\t\t\t<div class=\"elementor-container elementor-column-gap-default\">\n\t\t\t\t\t<div class=\"elementor-column elementor-col-50 elementor-top-column elementor-element elementor-element-ae0a476 exad-glass-effect-no exad-sticky-section-no\" data-id=\"ae0a476\" data-element_type=\"column\">\n\t\t\t<div class=\"elementor-widget-wrap elementor-element-populated\">\n\t\t\t\t\t\t<div class=\"elementor-element elementor-element-4c1980b8 exad-sticky-section-no exad-glass-effect-no elementor-widget elementor-widget-exad-flipbox\" data-id=\"4c1980b8\" data-element_type=\"widget\" data-widget_type=\"exad-flipbox.default\">\n\t\t\t\t<div class=\"elementor-widget-container\">\n\t\t\t\t\t\r\n\t\t<div class=\"exad-flip-box\">\r\n\t      \t<div class=\"exad-flip-box-inner fade-in-out\">\r\n\t        \t<div class=\"exad-flip-box-front center\">\r\n\t\t\t\t\t<div class=\"exad-flip-box-front-overlay\"><\/div>\r\n\t        \t\t<div class=\"exad-flip-box-front-content\">\r\n\t\t\t\t\t\t\t\t\t\t\t\r\n\t\t\t\t        <h3 class=\"exad-flip-box-front-title\">\r\n\t\t\t\t\t\t\tProfesorado de Educaci\u00f3n F\u00edsica\t\t\t\t\t\t<\/h3>\r\n\t\t\t\t\t\t\r\n\t\t\t\t\t\t\t        \t\t<\/div>\r\n\t        \t<\/div>\r\n\r\n\t\t        <div class=\"exad-flip-box-back center\">\r\n\t\t\t\t\t<div class=\"exad-flip-box-back-overlay\"><\/div>\r\n\t\t        \t<div class=\"exad-flip-box-back-content\">\r\n\t\t\t        \t\t\t\t\t\t\r\n\t\t\t\t        <div class=\"exad-flip-box-back-description\">\r\n\t\t\t\t\t\tAcced\u00e9 a toda la info\t\t\t\t\t\t<\/div>\r\n\t\t\t\t\t\t\r\n\t\t\t\t\t\t\t\t\t\t\t\t\t<a class=\"exad-flip-box-back-action\" href=\"http:\/\/www.isef11.edu.ar\/?page_id=607\">\r\n\t\t\t\t\t\t\t\t<span >Haciendo click ac\u00e1<\/span>\r\n\t\t\t\t\t\t\t<\/a>\r\n\t\t\t\t\t\t\t\t\t        <\/div>\r\n\t\t        <\/div>\r\n\t      \t<\/div>\r\n\t    <\/div>\r\n\t\t\t\t\t<\/div>\n\t\t\t\t<\/div>\n\t\t\t\t\t<\/div>\n\t\t<\/div>\n\t\t\t\t<div class=\"elementor-column elementor-col-50 elementor-top-column elementor-element elementor-element-14ed01c exad-glass-effect-no exad-sticky-section-no\" data-id=\"14ed01c\" data-element_type=\"column\">\n\t\t\t<div class=\"elementor-widget-wrap elementor-element-populated\">\n\t\t\t\t\t\t<div class=\"elementor-element elementor-element-4ee11e1a exad-sticky-section-no exad-glass-effect-no elementor-widget elementor-widget-exad-flipbox\" data-id=\"4ee11e1a\" data-element_type=\"widget\" data-widget_type=\"exad-flipbox.default\">\n\t\t\t\t<div class=\"elementor-widget-container\">\n\t\t\t\t\t\r\n\t\t<div class=\"exad-flip-box\">\r\n\t      \t<div class=\"exad-flip-box-inner fade-in-out\">\r\n\t        \t<div class=\"exad-flip-box-front center\">\r\n\t\t\t\t\t<div class=\"exad-flip-box-front-overlay\"><\/div>\r\n\t        \t\t<div class=\"exad-flip-box-front-content\">\r\n\t\t\t\t\t\t\t\t\t\t\t\r\n\t\t\t\t        <h3 class=\"exad-flip-box-front-title\">\r\n\t\t\t\t\t\t\tPeriodismo Deportivo\t\t\t\t\t\t<\/h3>\r\n\t\t\t\t\t\t\r\n\t\t\t\t\t\t\t        \t\t<\/div>\r\n\t        \t<\/div>\r\n\r\n\t\t        <div class=\"exad-flip-box-back center\">\r\n\t\t\t\t\t<div class=\"exad-flip-box-back-overlay\"><\/div>\r\n\t\t        \t<div class=\"exad-flip-box-back-content\">\r\n\t\t\t        \t\t\t\t\t\t\r\n\t\t\t\t        <div class=\"exad-flip-box-back-description\">\r\n\t\t\t\t\t\tAcced\u00e9 a toda la info\t\t\t\t\t\t<\/div>\r\n\t\t\t\t\t\t\r\n\t\t\t\t\t\t\t\t\t\t\t\t\t<a class=\"exad-flip-box-back-action\" href=\"http:\/\/www.isef11.edu.ar\/?page_id=610\">\r\n\t\t\t\t\t\t\t\t<span >Haciendo click ac\u00e1<\/span>\r\n\t\t\t\t\t\t\t<\/a>\r\n\t\t\t\t\t\t\t\t\t        <\/div>\r\n\t\t        <\/div>\r\n\t      \t<\/div>\r\n\t    <\/div>\r\n\t\t\t\t\t<\/div>\n\t\t\t\t<\/div>\n\t\t\t\t\t<\/div>\n\t\t<\/div>\n\t\t\t\t\t<\/div>\n\t\t<\/section>\n\t\t\t\t<\/div>\n\t\t","protected":false},"excerpt":{"rendered":"<p>carreras Profesorado de Educaci\u00f3n F\u00edsica Acced\u00e9 a toda la info Haciendo click ac\u00e1 Periodismo Deportivo Acced\u00e9 a toda la info Haciendo click ac\u00e1<\/p>\n","protected":false},"author":1,"featured_media":0,"parent":0,"menu_order":0,"comment_status":"closed","ping_status":"closed","template":"elementor_header_footer","meta":{"footnotes":""},"class_list":["post-11","page","type-page","status-publish","hentry"],"_links":{"self":[{"href":"http:\/\/www.isef11.edu.ar\/index.php?rest_route=\/wp\/v2\/pages\/11","targetHints":{"allow":["GET"]}}],"collection":[{"href":"http:\/\/www.isef11.edu.ar\/index.php?rest_route=\/wp\/v2\/pages"}],"about":[{"href":"http:\/\/www.isef11.edu.ar\/index.php?rest_route=\/wp\/v2\/types\/page"}],"author":[{"embeddable":true,"href":"http:\/\/www.isef11.edu.ar\/index.php?rest_route=\/wp\/v2\/users\/1"}],"replies":[{"embeddable":true,"href":"http:\/\/www.isef11.edu.ar\/index.php?rest_route=%2Fwp%2Fv2%2Fcomments&post=11"}],"version-history":[{"count":31,"href":"http:\/\/www.isef11.edu.ar\/index.php?rest_route=\/wp\/v2\/pages\/11\/revisions"}],"predecessor-version":[{"id":1858,"href":"http:\/\/www.isef11.edu.ar\/index.php?rest_route=\/wp\/v2\/pages\/11\/revisions\/1858"}],"wp:attachment":[{"href":"http:\/\/www.isef11.edu.ar\/index.php?rest_route=%2Fwp%2Fv2%2Fmedia&parent=11"}],"curies":[{"name":"wp","href":"https:\/\/api.w.org\/{rel}","templated":true}]}}