{"id":1788,"date":"2025-09-24T16:28:36","date_gmt":"2025-09-24T19:28:36","guid":{"rendered":"https:\/\/www.isef11.edu.ar\/?page_id=1788"},"modified":"2026-01-10T11:10:00","modified_gmt":"2026-01-10T14:10:00","slug":"ingreso-dt","status":"publish","type":"page","link":"http:\/\/www.isef11.edu.ar\/?page_id=1788","title":{"rendered":"Ingreso DT"},"content":{"rendered":"\t\t<div data-elementor-type=\"wp-page\" data-elementor-id=\"1788\" class=\"elementor elementor-1788\">\n\t\t\t\t\t\t<section class=\"elementor-section elementor-top-section elementor-element elementor-element-b72452f elementor-section-full_width elementor-section-content-top elementor-section-stretched elementor-section-height-default elementor-section-height-default exad-glass-effect-no exad-sticky-section-no\" data-id=\"b72452f\" data-element_type=\"section\" data-settings=\"{&quot;stretch_section&quot;:&quot;section-stretched&quot;}\">\n\t\t\t\t\t\t<div class=\"elementor-container elementor-column-gap-default\">\n\t\t\t\t\t<div class=\"elementor-column elementor-col-100 elementor-top-column elementor-element elementor-element-c33a87b exad-glass-effect-no exad-sticky-section-no\" data-id=\"c33a87b\" data-element_type=\"column\">\n\t\t\t<div class=\"elementor-widget-wrap elementor-element-populated\">\n\t\t\t\t\t\t<section class=\"elementor-section elementor-inner-section elementor-element elementor-element-72bf0f0 elementor-section-boxed elementor-section-height-default elementor-section-height-default exad-glass-effect-no exad-sticky-section-no\" data-id=\"72bf0f0\" data-element_type=\"section\">\n\t\t\t\t\t\t<div class=\"elementor-container elementor-column-gap-default\">\n\t\t\t\t\t<div class=\"elementor-column elementor-col-50 elementor-inner-column elementor-element elementor-element-7360ad5 exad-glass-effect-no exad-sticky-section-no\" data-id=\"7360ad5\" data-element_type=\"column\">\n\t\t\t<div class=\"elementor-widget-wrap elementor-element-populated\">\n\t\t\t\t\t\t<div class=\"elementor-element elementor-element-2ac1538 exad-sticky-section-no exad-glass-effect-no elementor-widget elementor-widget-premium-image-scroll\" data-id=\"2ac1538\" data-element_type=\"widget\" data-widget_type=\"premium-image-scroll.default\">\n\t\t\t\t<div class=\"elementor-widget-container\">\n\t\t\t\t\t\t\t\t<div class=\"premium-image-scroll-section\" >\r\n\t\t\t\t<div class=\"premium-image-scroll-container\" data-settings=\"{&quot;trigger&quot;:&quot;hover&quot;,&quot;direction&quot;:&quot;horizontal&quot;,&quot;reverse&quot;:&quot;&quot;}\">\r\n\t\t\t\t\t\t\t\t\t\t<div class=\"premium-image-scroll-horizontal premium-image-scroll-mask-media\">\r\n\t\t\t\t\t\t<img decoding=\"async\" src=\"http:\/\/www.isef11.edu.ar\/wp-content\/uploads\/2022\/01\/EPI-Mesas-de-examen-FEB-MAR-2022-CURSO-INST.-FUTBOL-INFTIL.png\" title=\"EPI &#8211; Mesas de examen FEB MAR 2022 &#8211; CURSO INST. F\u00daTBOL INFTIL\" alt=\"EPI - Mesas de examen FEB MAR 2022 - CURSO INST. F\u00daTBOL INFTIL\" loading=\"lazy\" \/>\t\t\t\t\t<\/div>\r\n\t\t\t\t<\/div>\r\n\t\t\t<\/div>\r\n\t\t\t\t\t\t<\/div>\n\t\t\t\t<\/div>\n\t\t\t\t\t<\/div>\n\t\t<\/div>\n\t\t\t\t<div class=\"elementor-column elementor-col-50 elementor-inner-column elementor-element elementor-element-d0894ea exad-glass-effect-no exad-sticky-section-no\" data-id=\"d0894ea\" data-element_type=\"column\">\n\t\t\t<div class=\"elementor-widget-wrap elementor-element-populated\">\n\t\t\t\t\t\t<div class=\"elementor-element elementor-element-3f3a067 premium-header-inline premium-lq__none premium-box-lq__none exad-sticky-section-no exad-glass-effect-no elementor-widget elementor-widget-premium-addon-dual-header\" data-id=\"3f3a067\" data-element_type=\"widget\" data-widget_type=\"premium-addon-dual-header.default\">\n\t\t\t\t<div class=\"elementor-widget-container\">\n\t\t\t\t\t\r\n\t\t\t\t\t<span class=\"premium-dual-header-first-header \"><span class=\"premium-dual-header-first-span\">Curso de Director T\u00e9cnico de F\u00fatbol <\/span><span class=\"premium-dual-header-second-header \">Ingreso<\/span><\/span> \t\t\r\n\t\t\t\t\t\t<\/div>\n\t\t\t\t<\/div>\n\t\t\t\t<div class=\"elementor-element elementor-element-67ce11f exad-sticky-section-no exad-glass-effect-no elementor-widget elementor-widget-text-editor\" data-id=\"67ce11f\" data-element_type=\"widget\" data-widget_type=\"text-editor.default\">\n\t\t\t\t<div class=\"elementor-widget-container\">\n\t\t\t\t\t\t\t\t\t<h4><span style=\"font-weight: 400;\">Puntos clave a tener en cuenta<\/span><\/h4><p><span style=\"font-weight: 400;\">El curso es una formaci\u00f3n t\u00e9cnico-profesional con una duraci\u00f3n de <\/span><b>dos a\u00f1os<\/b><span style=\"font-weight: 400;\">. Los cupos son <\/span><b>limitados<\/b><span style=\"font-weight: 400;\">.<\/span><\/p><h4><span style=\"font-weight: 400;\">Inscripci\u00f3n y Documentaci\u00f3n<\/span><\/h4><h5><span style=\"font-weight: 400;\">Proceso de Inscripci\u00f3n en 2 Etapas<\/span><\/h5><p><span style=\"font-weight: 400;\">El proceso de inscripci\u00f3n es un requisito obligatorio que consta de dos etapas complementarias. Es indispensable que cumplas con ambas para formalizar tu ingreso, ya que una no puede completarse sin la otra.<\/span><\/p><ul><li style=\"font-weight: 400;\" aria-level=\"1\"><p><strong>Etapa 1: Preinscripci\u00f3n y Solicitud de Turno Online<\/strong><\/p><\/li><\/ul><p><span style=\"font-weight: 400;\">Es el primer paso que debes realizar. A trav\u00e9s de la plataforma web, completar\u00e1s tus datos personales y solicitar\u00e1s un turno para la entrega de la documentaci\u00f3n de manera presencial. Al hacerlo, podr\u00e1s elegir el d\u00eda y la hora que m\u00e1s te convengan para presentarte en el Instituto.<\/span><\/p><p><span style=\"font-weight: 400;\">Importante: Por favor, no solicites un turno hasta tener la totalidad de la documentaci\u00f3n requerida.<\/span><\/p><ul><li style=\"font-weight: 400;\" aria-level=\"1\"><p><strong>Etapa 2: Entrega de Documentaci\u00f3n F\u00edsica<\/strong><\/p><\/li><\/ul><p><span style=\"font-weight: 400;\">En esta etapa, debes presentarte en la fecha y hora de tu turno con toda la documentaci\u00f3n completa y en el orden solicitado.<\/span><\/p><p><strong>La inscripci\u00f3n se considera finalizada y v\u00e1lida \u00fanicamente cuando se hayan cumplido estas dos instancias.<\/strong><\/p><h4><span style=\"font-weight: 400;\">Fechas importantes<\/span><\/h4><ul><li style=\"font-weight: 400;\" aria-level=\"1\"><b>Solicitud de turnos web:<\/b><ul><li style=\"font-weight: 400;\" aria-level=\"2\"><span style=\"font-weight: 400;\">Del 27 de octubre al 12 de diciembre de 2025.<\/span><\/li><li>Del 18 de febrero al 31 de marzo de 2026.<\/li><\/ul><\/li><li style=\"font-weight: 400;\" aria-level=\"1\"><b>Entrega de documentaci\u00f3n f\u00edsica:<\/b><ul><li style=\"font-weight: 400;\" aria-level=\"2\"><span style=\"font-weight: 400;\">\u00a0\u00a0Del 03 de noviembre al 12 de diciembre de 2025.<\/span><\/li><li>Del 18 de febrero al 31 de marzo de 2026.<\/li><\/ul><\/li><\/ul><h4><span style=\"font-weight: 400;\">Documentaci\u00f3n obligatoria<\/span><\/h4><p><span style=\"font-weight: 400;\">Para poder inscribirte, debes presentar la totalidad de los documentos. De lo contrario, <\/span><b>no se recibir\u00e1 la documentaci\u00f3n<\/b><span style=\"font-weight: 400;\">.<\/span><\/p><ol><li style=\"font-weight: 400;\" aria-level=\"1\"><b>T\u00edtulo secundario:<\/b><span style=\"font-weight: 400;\"> Fotocopia autenticada del certificado de estudios completos. Si a\u00fan no lo tienes, puedes presentar una constancia de t\u00edtulo en tr\u00e1mite o de alumno regular. Para mayores de 25 a\u00f1os, se exigir\u00e1 solo el T\u00edtulo de Estudios Primarios Completos<\/span><\/li><li style=\"font-weight: 400;\" aria-level=\"1\"><b>Partida de nacimiento:<\/b><span style=\"font-weight: 400;\"> Original y fotocopia, actualizada.<\/span><\/li><li style=\"font-weight: 400;\" aria-level=\"1\"><b>DNI:<\/b><span style=\"font-weight: 400;\"> Original y fotocopia de ambos lados en una sola hoja A4.<\/span><\/li><li style=\"font-weight: 400;\" aria-level=\"1\"><b>Fotos:<\/b><span style=\"font-weight: 400;\"> Dos (2) fotos carnet 4&#215;4, con tu nombre y DNI al dorso.<\/span><\/li><li style=\"font-weight: 400;\" aria-level=\"1\"><b>Certificado de Salud Psicof\u00edsica<\/b><span style=\"font-weight: 400;\"> (con sello del Colegio de M\u00e9dicos si es de efector privado)<\/span><\/li><li style=\"font-weight: 400;\" aria-level=\"1\"><b>Evaluaci\u00f3n cardiovascular:<\/b><span style=\"font-weight: 400;\"> Realizada por cardi\u00f3logo. Debe incluir un electrocardiograma y una ergometr\u00eda. Cada estudio debe contar con su informe m\u00e9dico correspondiente.<\/span><\/li><li style=\"font-weight: 400;\" aria-level=\"1\"><b>Ficha m\u00e9dica final:<\/b><span style=\"font-weight: 400;\"> Completada y firmada por tu m\u00e9dico de cabecera y sellada por el Colegio de M\u00e9dicos. Puedes descargarla desde la p\u00e1gina oficial del instituto.<span style=\"color: #0000ff;\"><strong><a style=\"color: #0000ff;\" href=\"http:\/\/www.isef11.edu.ar\/wp-content\/uploads\/2025\/09\/FM-DT.pdf\" target=\"_blank\" rel=\"noopener\">FichaM\u00e9dica<\/a><\/strong><\/span><\/span><\/li><li style=\"font-weight: 400;\" aria-level=\"1\"><b>Declaraci\u00f3n Jurada de Antecedentes M\u00e9dicos:<\/b><span style=\"font-weight: 400;\"> Este documento ser\u00e1 entregado de manera presencial una vez que se haya presentado toda la documentaci\u00f3n requerida.Se firma al momento de la inscripci\u00f3n. Los menores de 18 a\u00f1os deben ir acompa\u00f1ados por su padre, madre o tutor.<\/span><\/li><\/ol><p><b>Importante:<\/b><span style=\"font-weight: 400;\"> Toda la documentaci\u00f3n m\u00e9dica solicitada debe tener el <\/span><b>sello, la firma y la letra legible del profesional<\/b><span style=\"font-weight: 400;\">.<\/span><\/p>\t\t\t\t\t\t\t\t<\/div>\n\t\t\t\t<\/div>\n\t\t\t\t<section class=\"elementor-section elementor-inner-section elementor-element elementor-element-ccb1afd elementor-section-boxed elementor-section-height-default elementor-section-height-default exad-glass-effect-no exad-sticky-section-no\" data-id=\"ccb1afd\" data-element_type=\"section\">\n\t\t\t\t\t\t<div class=\"elementor-container elementor-column-gap-default\">\n\t\t\t\t\t<div class=\"elementor-column elementor-col-33 elementor-inner-column elementor-element elementor-element-be97738 exad-glass-effect-no exad-sticky-section-no\" data-id=\"be97738\" data-element_type=\"column\">\n\t\t\t<div class=\"elementor-widget-wrap elementor-element-populated\">\n\t\t\t\t\t\t<div class=\"elementor-element elementor-element-c24f6e1 exad-sticky-section-no exad-glass-effect-no elementor-widget elementor-widget-exad-exclusive-card\" data-id=\"c24f6e1\" data-element_type=\"widget\" data-widget_type=\"exad-exclusive-card.default\">\n\t\t\t\t<div class=\"elementor-widget-container\">\n\t\t\t\t\t\r\n\t\t<div class=\"exad-card left default \">\r\n\t\t\t\r\n          \t<div class=\"exad-card-body\">\r\n\t\t\t  \t\t          \t\t<a class=\"exad-card-title\">\r\n\t            \t\t<span>Reservar turno\t\t\t\t\t\t<\/span>\r\n\t        \t\t<\/a>\r\n\t\t\t\t\t\t\t\t\t\t<a class=\"exad-card-action\" href=\"http:\/\/app1.isef11.com.ar\" target=\"_blank\">\r\n\t\t\t\t\t\t\r\n\t\t\t\t\t\t<span>\r\n\t\t\t\t\t\t\tTurno\t\t\t\t\t\t<\/span>\r\n\r\n\t\t\t\t\t\t\t            \t<\/a>\r\n\t\t\t\t          \t<\/div>\r\n        <\/div>\r\n\t\t\t\t\t<\/div>\n\t\t\t\t<\/div>\n\t\t\t\t\t<\/div>\n\t\t<\/div>\n\t\t\t\t<div class=\"elementor-column elementor-col-33 elementor-inner-column elementor-element elementor-element-01a57a6 exad-glass-effect-no exad-sticky-section-no\" data-id=\"01a57a6\" data-element_type=\"column\">\n\t\t\t<div class=\"elementor-widget-wrap elementor-element-populated\">\n\t\t\t\t\t\t<div class=\"elementor-element elementor-element-8314f0e exad-sticky-section-no exad-glass-effect-no elementor-widget elementor-widget-exad-exclusive-card\" data-id=\"8314f0e\" data-element_type=\"widget\" data-widget_type=\"exad-exclusive-card.default\">\n\t\t\t\t<div class=\"elementor-widget-container\">\n\t\t\t\t\t\r\n\t\t<div class=\"exad-card left default \">\r\n\t\t\t\r\n          \t<div class=\"exad-card-body\">\r\n\t\t\t  \t\t          \t\t<a class=\"exad-card-title\">\r\n\t            \t\t<span>Usuario nuevo\t\t\t\t\t\t<\/span>\r\n\t        \t\t<\/a>\r\n\t\t\t\t\t\t\t\t\t\t<a class=\"exad-card-action\" href=\"http:\/\/www.isef11.edu.ar\/wp-content\/uploads\/2025\/09\/PaPRegistro.pdf\" target=\"_blank\">\r\n\t\t\t\t\t\t\r\n\t\t\t\t\t\t<span>\r\n\t\t\t\t\t\t\tInstructivo\t\t\t\t\t\t<\/span>\r\n\r\n\t\t\t\t\t\t\t            \t<\/a>\r\n\t\t\t\t          \t<\/div>\r\n        <\/div>\r\n\t\t\t\t\t<\/div>\n\t\t\t\t<\/div>\n\t\t\t\t\t<\/div>\n\t\t<\/div>\n\t\t\t\t<div class=\"elementor-column elementor-col-33 elementor-inner-column elementor-element elementor-element-68ccb1e exad-glass-effect-no exad-sticky-section-no\" data-id=\"68ccb1e\" data-element_type=\"column\">\n\t\t\t<div class=\"elementor-widget-wrap elementor-element-populated\">\n\t\t\t\t\t\t<div class=\"elementor-element elementor-element-64c731a exad-sticky-section-no exad-glass-effect-no elementor-widget elementor-widget-exad-exclusive-card\" data-id=\"64c731a\" data-element_type=\"widget\" data-widget_type=\"exad-exclusive-card.default\">\n\t\t\t\t<div class=\"elementor-widget-container\">\n\t\t\t\t\t\r\n\t\t<div class=\"exad-card left default \">\r\n\t\t\t\r\n          \t<div class=\"exad-card-body\">\r\n\t\t\t  \t\t          \t\t<a class=\"exad-card-title\">\r\n\t            \t\t<span>Usuario existente\t\t\t\t\t\t<\/span>\r\n\t        \t\t<\/a>\r\n\t\t\t\t\t\t\t\t\t\t<a class=\"exad-card-action\" href=\"http:\/\/www.isef11.edu.ar\/wp-content\/uploads\/2025\/09\/PaPPreinscripcion.pdf\" target=\"_blank\">\r\n\t\t\t\t\t\t\r\n\t\t\t\t\t\t<span>\r\n\t\t\t\t\t\t\tInstructivo\t\t\t\t\t\t<\/span>\r\n\r\n\t\t\t\t\t\t\t            \t<\/a>\r\n\t\t\t\t          \t<\/div>\r\n        <\/div>\r\n\t\t\t\t\t<\/div>\n\t\t\t\t<\/div>\n\t\t\t\t\t<\/div>\n\t\t<\/div>\n\t\t\t\t\t<\/div>\n\t\t<\/section>\n\t\t\t\t\t<\/div>\n\t\t<\/div>\n\t\t\t\t\t<\/div>\n\t\t<\/section>\n\t\t\t\t<div class=\"elementor-element elementor-element-e0fbe6b exad-sticky-section-no exad-glass-effect-no elementor-widget elementor-widget-text-editor\" data-id=\"e0fbe6b\" data-element_type=\"widget\" data-widget_type=\"text-editor.default\">\n\t\t\t\t<div class=\"elementor-widget-container\">\n\t\t\t\t\t\t\t\t\t<h4><span style=\"font-weight: 400;\">Otros aspectos a considerar<\/span><\/h4><h5><span style=\"font-weight: 400;\">Horarios y r\u00e9gimen de cursado<\/span><\/h5><p><span style=\"font-weight: 400;\">El curso tiene una duraci\u00f3n de <\/span><b>dos a\u00f1os<\/b><span style=\"font-weight: 400;\">, con cursado regular los <\/span><b>lunes y martes desde las 18:30 horas<\/b><span style=\"font-weight: 400;\">. Es importante destacar que tambi\u00e9n existen actividades curriculares obligatorias en otros horarios, incluyendo fines de semana o feriados.<\/span><\/p><h5><span style=\"font-weight: 400;\">Jornadas de Introducci\u00f3n a la Carrera<\/span><\/h5><p><span style=\"font-weight: 400;\">Los aspirantes inscritos participar\u00e1n obligatoriamente en las Jornadas de Introducci\u00f3n que se desarrollar\u00e1n en marzo de 2026. Estos encuentros tienen como objetivo orientar a los futuros estudiantes sobre el plan de estudios, el r\u00e9gimen de evaluaci\u00f3n y los contenidos espec\u00edficos de la especialidad.<\/span><\/p><h5><span style=\"font-weight: 400;\">Apoyo a la Cooperadora<\/span><\/h5><p><span style=\"font-weight: 400;\">La Asociaci\u00f3n Cooperadora es un pilar fundamental en la vida de nuestro Instituto. Gracias al aporte solidario de estudiantes, familias, personal docente y no docente, se hacen posibles numerosas mejoras en infraestructura, equipamiento e insumos que acompa\u00f1an la formaci\u00f3n de calidad que caracteriza al ISEF N\u00b011.<\/span><\/p><p><span style=\"font-weight: 400;\">Con la convicci\u00f3n de que <\/span><b>la educaci\u00f3n se construye entre todos<\/b><span style=\"font-weight: 400;\">, invitamos a sumarse y asociarse mediante un <\/span><b>bono anual<\/b><span style=\"font-weight: 400;\"> (monto a informar oportunamente). Este gesto sencillo y accesible fortalece nuestro presente y asegura el futuro de la instituci\u00f3n que elegiste para formarte.<\/span><\/p><p><span style=\"font-weight: 400;\">Ser parte de la Cooperadora es m\u00e1s que una colaboraci\u00f3n: es <\/span><b>apostar a la educaci\u00f3n p\u00fablica, al crecimiento colectivo y al bienestar de toda la comunidad educativa<\/b><span style=\"font-weight: 400;\">.<\/span><\/p><p>Montos y Formas de Pago<br \/>\u200bCosto Anual Total: $64.000<br \/>\u200b<br \/>\u200bMedios de Pago Disponibles:<br \/>1- \u200bEFECTIVO<br \/>2- \u200bD\u00c9BITO<br \/>3- \u200bCR\u00c9DITO en 3 cuotas con el 10% de recargo<br \/>4- \u200bPAGO EN 2 CUOTAS<br \/>5-\u200bTRANSFERENCIA BANCARIA<\/p><p><span style=\"font-weight: 400;\">\u00a1Sumate a la Cooperadora y s\u00e9 protagonista de esta construcci\u00f3n compartida!<\/span><\/p>\t\t\t\t\t\t\t\t<\/div>\n\t\t\t\t<\/div>\n\t\t\t\t\t<\/div>\n\t\t<\/div>\n\t\t\t\t\t<\/div>\n\t\t<\/section>\n\t\t\t\t<\/div>\n\t\t","protected":false},"excerpt":{"rendered":"<p>Curso de Director T\u00e9cnico de F\u00fatbol Ingreso Puntos clave a tener en cuenta El curso es una formaci\u00f3n t\u00e9cnico-profesional con una duraci\u00f3n de dos a\u00f1os. Los cupos son limitados. Inscripci\u00f3n [&hellip;]<\/p>\n","protected":false},"author":1,"featured_media":0,"parent":0,"menu_order":0,"comment_status":"closed","ping_status":"closed","template":"","meta":{"footnotes":""},"class_list":["post-1788","page","type-page","status-publish","hentry"],"_links":{"self":[{"href":"http:\/\/www.isef11.edu.ar\/index.php?rest_route=\/wp\/v2\/pages\/1788","targetHints":{"allow":["GET"]}}],"collection":[{"href":"http:\/\/www.isef11.edu.ar\/index.php?rest_route=\/wp\/v2\/pages"}],"about":[{"href":"http:\/\/www.isef11.edu.ar\/index.php?rest_route=\/wp\/v2\/types\/page"}],"author":[{"embeddable":true,"href":"http:\/\/www.isef11.edu.ar\/index.php?rest_route=\/wp\/v2\/users\/1"}],"replies":[{"embeddable":true,"href":"http:\/\/www.isef11.edu.ar\/index.php?rest_route=%2Fwp%2Fv2%2Fcomments&post=1788"}],"version-history":[{"count":13,"href":"http:\/\/www.isef11.edu.ar\/index.php?rest_route=\/wp\/v2\/pages\/1788\/revisions"}],"predecessor-version":[{"id":1978,"href":"http:\/\/www.isef11.edu.ar\/index.php?rest_route=\/wp\/v2\/pages\/1788\/revisions\/1978"}],"wp:attachment":[{"href":"http:\/\/www.isef11.edu.ar\/index.php?rest_route=%2Fwp%2Fv2%2Fmedia&parent=1788"}],"curies":[{"name":"wp","href":"https:\/\/api.w.org\/{rel}","templated":true}]}}