{"id":1917,"date":"2025-10-29T14:50:28","date_gmt":"2025-10-29T17:50:28","guid":{"rendered":"https:\/\/www.isef11.edu.ar\/?page_id=1917"},"modified":"2026-02-23T18:12:39","modified_gmt":"2026-02-23T21:12:39","slug":"ingreso-nutricion","status":"publish","type":"page","link":"http:\/\/www.isef11.edu.ar\/?page_id=1917","title":{"rendered":"Ingreso Nutricion"},"content":{"rendered":"\t\t<div data-elementor-type=\"wp-page\" data-elementor-id=\"1917\" class=\"elementor elementor-1917\">\n\t\t\t\t\t\t<section class=\"elementor-section elementor-top-section elementor-element elementor-element-b72452f elementor-section-full_width elementor-section-content-top elementor-section-stretched elementor-section-height-default elementor-section-height-default exad-glass-effect-no exad-sticky-section-no\" data-id=\"b72452f\" data-element_type=\"section\" data-settings=\"{&quot;stretch_section&quot;:&quot;section-stretched&quot;}\">\n\t\t\t\t\t\t<div class=\"elementor-container elementor-column-gap-default\">\n\t\t\t\t\t<div class=\"elementor-column elementor-col-100 elementor-top-column elementor-element elementor-element-c33a87b exad-glass-effect-no exad-sticky-section-no\" data-id=\"c33a87b\" data-element_type=\"column\">\n\t\t\t<div class=\"elementor-widget-wrap elementor-element-populated\">\n\t\t\t\t\t\t<section class=\"elementor-section elementor-inner-section elementor-element elementor-element-72bf0f0 elementor-section-boxed elementor-section-height-default elementor-section-height-default exad-glass-effect-no exad-sticky-section-no\" data-id=\"72bf0f0\" data-element_type=\"section\">\n\t\t\t\t\t\t<div class=\"elementor-container elementor-column-gap-default\">\n\t\t\t\t\t<div class=\"elementor-column elementor-col-50 elementor-inner-column elementor-element elementor-element-7360ad5 exad-glass-effect-no exad-sticky-section-no\" data-id=\"7360ad5\" data-element_type=\"column\">\n\t\t\t<div class=\"elementor-widget-wrap elementor-element-populated\">\n\t\t\t\t\t\t<div class=\"elementor-element elementor-element-2ac1538 exad-sticky-section-no exad-glass-effect-no elementor-widget elementor-widget-premium-image-scroll\" data-id=\"2ac1538\" data-element_type=\"widget\" data-widget_type=\"premium-image-scroll.default\">\n\t\t\t\t<div class=\"elementor-widget-container\">\n\t\t\t\t\t\t\t\t<div class=\"premium-image-scroll-section\" >\r\n\t\t\t\t<div class=\"premium-image-scroll-container\" data-settings=\"{&quot;trigger&quot;:&quot;hover&quot;,&quot;direction&quot;:&quot;horizontal&quot;,&quot;reverse&quot;:&quot;&quot;}\">\r\n\t\t\t\t\t\t\t\t\t\t<div class=\"premium-image-scroll-horizontal premium-image-scroll-mask-media\">\r\n\t\t\t\t\t\t<img decoding=\"async\" src=\"http:\/\/www.isef11.edu.ar\/wp-content\/uploads\/2025\/10\/istockphoto-1299421209-2048x2048-1.jpg\" title=\"istockphoto-1299421209-2048&#215;2048\" alt=\"Healthy foods next to work out equipment. In the food basket there are fresh vegetables, including zucchinis, radishes, broccoli, artichokes, leaks, mushrooms, and bell peppers. There is also a fruit basked with kiwis, strawberries, blueberries, and bananas. There is also a plate with low carb healthy sources of protein, such a eggs, hard cheese, lentils and a fresh cut of meat (steak). There are also a pair of dumbbells, a grip strengthener, a kettlebell, a foam rolling ball, a yoga mat as well as a water bottle on top of a towel. This image illustrates the concept of healthy eating and exercising which is the best way to stay healthy, loose weight and live a long and happy life.\" loading=\"lazy\" \/>\t\t\t\t\t<\/div>\r\n\t\t\t\t<\/div>\r\n\t\t\t<\/div>\r\n\t\t\t\t\t\t<\/div>\n\t\t\t\t<\/div>\n\t\t\t\t\t<\/div>\n\t\t<\/div>\n\t\t\t\t<div class=\"elementor-column elementor-col-50 elementor-inner-column elementor-element elementor-element-d0894ea exad-glass-effect-no exad-sticky-section-no\" data-id=\"d0894ea\" data-element_type=\"column\">\n\t\t\t<div class=\"elementor-widget-wrap elementor-element-populated\">\n\t\t\t\t\t\t<div class=\"elementor-element elementor-element-3f3a067 premium-header-inline premium-lq__none premium-box-lq__none exad-sticky-section-no exad-glass-effect-no elementor-widget elementor-widget-premium-addon-dual-header\" data-id=\"3f3a067\" data-element_type=\"widget\" data-widget_type=\"premium-addon-dual-header.default\">\n\t\t\t\t<div class=\"elementor-widget-container\">\n\t\t\t\t\t\r\n\t\t\t\t\t<span class=\"premium-dual-header-first-header \"><span class=\"premium-dual-header-first-span\">Curso de Nutrici\u00f3n y Actividad F\u00edsica <\/span><span class=\"premium-dual-header-second-header \">Ingreso<\/span><\/span> \t\t\r\n\t\t\t\t\t\t<\/div>\n\t\t\t\t<\/div>\n\t\t\t\t<div class=\"elementor-element elementor-element-67ce11f exad-sticky-section-no exad-glass-effect-no elementor-widget elementor-widget-text-editor\" data-id=\"67ce11f\" data-element_type=\"widget\" data-widget_type=\"text-editor.default\">\n\t\t\t\t<div class=\"elementor-widget-container\">\n\t\t\t\t\t\t\t\t\t<h4><span style=\"font-weight: 400;\">Puntos clave a tener en cuenta<\/span><\/h4><p><span style=\"font-weight: 400;\">El curso es una capacitaci\u00f3n con una duraci\u00f3n de <\/span><b>un a\u00f1o<\/b><span style=\"font-weight: 400;\"> y su modalidad es <\/span><b>virtual<\/b><span style=\"font-weight: 400;\">. Su objetivo es brindarte las herramientas para aplicar los principios de la nutrici\u00f3n y la psicolog\u00eda a la actividad f\u00edsica, mejorando la salud y el rendimiento deportivo.<\/span><\/p><h4><span style=\"font-weight: 400;\">Inscripci\u00f3n y Documentaci\u00f3n<\/span><\/h4><h5><span style=\"font-weight: 400;\">Proceso de Inscripci\u00f3n en 2 Etapas<\/span><\/h5><p><span style=\"font-weight: 400;\">El proceso de inscripci\u00f3n es un requisito obligatorio que consta de dos etapas complementarias. Es indispensable que cumplas con ambas para formalizar tu ingreso, ya que una no puede completarse sin la otra.<\/span><\/p><ul><li style=\"font-weight: 400;\" aria-level=\"1\"><p><strong>Etapa 1: Preinscripci\u00f3n y Solicitud de Turno Online<\/strong><\/p><\/li><\/ul><p><span style=\"font-weight: 400;\">Es el primer paso que debes realizar. A trav\u00e9s de la plataforma web, completar\u00e1s tus datos personales y solicitar\u00e1s un turno para la entrega de la documentaci\u00f3n de manera presencial. Al hacerlo, podr\u00e1s elegir el d\u00eda y la hora que m\u00e1s te convengan para presentarte en el Instituto.<\/span><\/p><p><span style=\"font-weight: 400;\">Importante: Por favor, no solicites un turno hasta tener la totalidad de la documentaci\u00f3n requerida.<\/span><\/p><ul><li style=\"font-weight: 400;\" aria-level=\"1\"><p><strong>Etapa 2: Entrega de Documentaci\u00f3n F\u00edsica<\/strong><\/p><\/li><\/ul><p><span style=\"font-weight: 400;\">En esta etapa, debes presentarte en la fecha y hora de tu turno con toda la documentaci\u00f3n completa y en el orden solicitado.<\/span><\/p><p><strong>La inscripci\u00f3n se considera finalizada y v\u00e1lida \u00fanicamente cuando se hayan cumplido estas dos instancias.<\/strong><\/p><h4><span style=\"font-weight: 400;\">Fechas importantes<\/span><\/h4><ul><li aria-level=\"1\"><b>Solicitud de turnos web:<\/b><ul><li aria-level=\"2\">Del 27 de octubre al 12 de diciembre de 2025.<\/li><li aria-level=\"2\">Del 18 de febrero al 31 de marzo de 2026.<\/li><\/ul><\/li><li aria-level=\"1\"><b>Entrega de documentaci\u00f3n f\u00edsica:<\/b><ul><li aria-level=\"2\">\u00a0\u00a0Del 03 de noviembre al 12 de diciembre de 2025.<\/li><li>Del 18 de febrero al 31 de marzo de 2026.<\/li><\/ul><\/li><\/ul><ul><li style=\"font-weight: 400;\" aria-level=\"1\">\u00a0<\/li><\/ul><h4><span style=\"font-weight: 400;\">Documentaci\u00f3n obligatoria<\/span><\/h4><p><span style=\"font-weight: 400;\">Para poder inscribirte, debes presentar la totalidad de los documentos. De lo contrario, <\/span><b>no se recibir\u00e1 la documentaci\u00f3n<\/b><span style=\"font-weight: 400;\">.<\/span><\/p><ol><li style=\"font-weight: 400;\" aria-level=\"1\"><b>T\u00edtulo secundario:<\/b><span style=\"font-weight: 400;\"> Fotocopia autenticada del certificado de estudios completos. Si a\u00fan no lo tienes, puedes presentar una constancia de t\u00edtulo en tr\u00e1mite o de alumno regular.\u00a0<\/span><\/li><li style=\"font-weight: 400;\" aria-level=\"1\"><b>DNI:<\/b><span style=\"font-weight: 400;\"> Original y fotocopia de ambos lados en una sola hoja A4.<\/span><\/li><\/ol>\t\t\t\t\t\t\t\t<\/div>\n\t\t\t\t<\/div>\n\t\t\t\t<section class=\"elementor-section elementor-inner-section elementor-element elementor-element-ccb1afd elementor-section-boxed elementor-section-height-default elementor-section-height-default exad-glass-effect-no exad-sticky-section-no\" data-id=\"ccb1afd\" data-element_type=\"section\">\n\t\t\t\t\t\t<div class=\"elementor-container elementor-column-gap-default\">\n\t\t\t\t\t<div class=\"elementor-column elementor-col-33 elementor-inner-column elementor-element elementor-element-be97738 exad-glass-effect-no exad-sticky-section-no\" data-id=\"be97738\" data-element_type=\"column\">\n\t\t\t<div class=\"elementor-widget-wrap elementor-element-populated\">\n\t\t\t\t\t\t<div class=\"elementor-element elementor-element-c24f6e1 exad-sticky-section-no exad-glass-effect-no elementor-widget elementor-widget-exad-exclusive-card\" data-id=\"c24f6e1\" data-element_type=\"widget\" data-widget_type=\"exad-exclusive-card.default\">\n\t\t\t\t<div class=\"elementor-widget-container\">\n\t\t\t\t\t\r\n\t\t<div class=\"exad-card left default \">\r\n\t\t\t\r\n          \t<div class=\"exad-card-body\">\r\n\t\t\t  \t\t          \t\t<a class=\"exad-card-title\">\r\n\t            \t\t<span>Reservar turno\t\t\t\t\t\t<\/span>\r\n\t        \t\t<\/a>\r\n\t\t\t\t\t\t\t\t\t\t<a class=\"exad-card-action\" href=\"http:\/\/app1.isef11.com.ar\" target=\"_blank\">\r\n\t\t\t\t\t\t\r\n\t\t\t\t\t\t<span>\r\n\t\t\t\t\t\t\tTurno\t\t\t\t\t\t<\/span>\r\n\r\n\t\t\t\t\t\t\t            \t<\/a>\r\n\t\t\t\t          \t<\/div>\r\n        <\/div>\r\n\t\t\t\t\t<\/div>\n\t\t\t\t<\/div>\n\t\t\t\t\t<\/div>\n\t\t<\/div>\n\t\t\t\t<div class=\"elementor-column elementor-col-33 elementor-inner-column elementor-element elementor-element-01a57a6 exad-glass-effect-no exad-sticky-section-no\" data-id=\"01a57a6\" data-element_type=\"column\">\n\t\t\t<div class=\"elementor-widget-wrap elementor-element-populated\">\n\t\t\t\t\t\t<div class=\"elementor-element elementor-element-8314f0e exad-sticky-section-no exad-glass-effect-no elementor-widget elementor-widget-exad-exclusive-card\" data-id=\"8314f0e\" data-element_type=\"widget\" data-widget_type=\"exad-exclusive-card.default\">\n\t\t\t\t<div class=\"elementor-widget-container\">\n\t\t\t\t\t\r\n\t\t<div class=\"exad-card left default \">\r\n\t\t\t\r\n          \t<div class=\"exad-card-body\">\r\n\t\t\t  \t\t          \t\t<a class=\"exad-card-title\">\r\n\t            \t\t<span>Usuario nuevo\t\t\t\t\t\t<\/span>\r\n\t        \t\t<\/a>\r\n\t\t\t\t\t\t\t\t\t\t<a class=\"exad-card-action\" href=\"http:\/\/www.isef11.edu.ar\/wp-content\/uploads\/2025\/09\/PaPRegistro.pdf\" target=\"_blank\">\r\n\t\t\t\t\t\t\r\n\t\t\t\t\t\t<span>\r\n\t\t\t\t\t\t\tInstructivo\t\t\t\t\t\t<\/span>\r\n\r\n\t\t\t\t\t\t\t            \t<\/a>\r\n\t\t\t\t          \t<\/div>\r\n        <\/div>\r\n\t\t\t\t\t<\/div>\n\t\t\t\t<\/div>\n\t\t\t\t\t<\/div>\n\t\t<\/div>\n\t\t\t\t<div class=\"elementor-column elementor-col-33 elementor-inner-column elementor-element elementor-element-68ccb1e exad-glass-effect-no exad-sticky-section-no\" data-id=\"68ccb1e\" data-element_type=\"column\">\n\t\t\t<div class=\"elementor-widget-wrap elementor-element-populated\">\n\t\t\t\t\t\t<div class=\"elementor-element elementor-element-64c731a exad-sticky-section-no exad-glass-effect-no elementor-widget elementor-widget-exad-exclusive-card\" data-id=\"64c731a\" data-element_type=\"widget\" data-widget_type=\"exad-exclusive-card.default\">\n\t\t\t\t<div class=\"elementor-widget-container\">\n\t\t\t\t\t\r\n\t\t<div class=\"exad-card left default \">\r\n\t\t\t\r\n          \t<div class=\"exad-card-body\">\r\n\t\t\t  \t\t          \t\t<a class=\"exad-card-title\">\r\n\t            \t\t<span>Usuario existente\t\t\t\t\t\t<\/span>\r\n\t        \t\t<\/a>\r\n\t\t\t\t\t\t\t\t\t\t<a class=\"exad-card-action\" href=\"http:\/\/www.isef11.edu.ar\/wp-content\/uploads\/2025\/09\/PaPPreinscripcion.pdf\" target=\"_blank\">\r\n\t\t\t\t\t\t\r\n\t\t\t\t\t\t<span>\r\n\t\t\t\t\t\t\tInstructivo\t\t\t\t\t\t<\/span>\r\n\r\n\t\t\t\t\t\t\t            \t<\/a>\r\n\t\t\t\t          \t<\/div>\r\n        <\/div>\r\n\t\t\t\t\t<\/div>\n\t\t\t\t<\/div>\n\t\t\t\t\t<\/div>\n\t\t<\/div>\n\t\t\t\t\t<\/div>\n\t\t<\/section>\n\t\t\t\t\t<\/div>\n\t\t<\/div>\n\t\t\t\t\t<\/div>\n\t\t<\/section>\n\t\t\t\t<div class=\"elementor-element elementor-element-e0fbe6b exad-sticky-section-no exad-glass-effect-no elementor-widget elementor-widget-text-editor\" data-id=\"e0fbe6b\" data-element_type=\"widget\" data-widget_type=\"text-editor.default\">\n\t\t\t\t<div class=\"elementor-widget-container\">\n\t\t\t\t\t\t\t\t\t<h4><span style=\"font-weight: 400;\">Otros aspectos a considerar<\/span><\/h4><h5><span style=\"font-weight: 400;\">Horarios y r\u00e9gimen de cursado<\/span><\/h5><p><span style=\"font-weight: 400;\">a modalidad del curso es <\/span><b>virtual<\/b><span style=\"font-weight: 400;\">, con clases sincr\u00f3nicas a trav\u00e9s de la plataforma Meet los <\/span><b>lunes y martes de 19 a 22 hs.<\/b><\/p><p><span style=\"font-weight: 400;\">La asistencia obligatoria es del <\/span><b>80%<\/b><span style=\"font-weight: 400;\">. La evaluaci\u00f3n es continua, con trabajos pr\u00e1cticos y dos ex\u00e1menes escritos integradores a lo largo del a\u00f1o.<\/span><\/p><h5>Contenidos del Curso<\/h5><p>\u00a0<\/p><p><span style=\"font-weight: 400;\">El programa de estudios se divide en dos partes principales:<\/span><\/p><p><b>Primera Parte: Introducci\u00f3n a la Nutrici\u00f3n y la Psicolog\u00eda<\/b><\/p><ul><li style=\"font-weight: 400;\" aria-level=\"1\"><b>Nutrici\u00f3n:<\/b><span style=\"font-weight: 400;\"> Aspectos biol\u00f3gicos, psicol\u00f3gicos y socioculturales de la alimentaci\u00f3n, nutrientes, leyes de la nutrici\u00f3n, metabolismo y energ\u00eda.<\/span><\/li><li style=\"font-weight: 400;\" aria-level=\"1\"><b>Psicolog\u00eda:<\/b><span style=\"font-weight: 400;\"> Conceptos de imagen y esquema corporal, h\u00e1bitos, y trastornos de la conducta alimentaria.<\/span><\/li><\/ul><p><b>Segunda Parte: Nutrici\u00f3n y Psicolog\u00eda Aplicada a la Actividad F\u00edsica<\/b><\/p><ul><li style=\"font-weight: 400;\" aria-level=\"1\"><b>Nutrici\u00f3n Deportiva:<\/b><span style=\"font-weight: 400;\"> Rol de la nutrici\u00f3n en el rendimiento, fisiolog\u00eda del ejercicio, hidrataci\u00f3n, y nutrici\u00f3n para diferentes deportes.<\/span><\/li><li style=\"font-weight: 400;\" aria-level=\"1\"><b>Psicolog\u00eda Deportiva:<\/b><span style=\"font-weight: 400;\"> Identidad deportiva, trastornos alimentarios en el deporte, el papel de la motivaci\u00f3n y la ansiedad, y el rol del psic\u00f3logo deportivo.<\/span><\/li><\/ul>\t\t\t\t\t\t\t\t<\/div>\n\t\t\t\t<\/div>\n\t\t\t\t\t<\/div>\n\t\t<\/div>\n\t\t\t\t\t<\/div>\n\t\t<\/section>\n\t\t\t\t<\/div>\n\t\t","protected":false},"excerpt":{"rendered":"<p>Curso de Nutrici\u00f3n y Actividad F\u00edsica Ingreso Puntos clave a tener en cuenta El curso es una capacitaci\u00f3n con una duraci\u00f3n de un a\u00f1o y su modalidad es virtual. Su [&hellip;]<\/p>\n","protected":false},"author":1,"featured_media":0,"parent":0,"menu_order":0,"comment_status":"closed","ping_status":"closed","template":"","meta":{"footnotes":""},"class_list":["post-1917","page","type-page","status-publish","hentry"],"_links":{"self":[{"href":"http:\/\/www.isef11.edu.ar\/index.php?rest_route=\/wp\/v2\/pages\/1917","targetHints":{"allow":["GET"]}}],"collection":[{"href":"http:\/\/www.isef11.edu.ar\/index.php?rest_route=\/wp\/v2\/pages"}],"about":[{"href":"http:\/\/www.isef11.edu.ar\/index.php?rest_route=\/wp\/v2\/types\/page"}],"author":[{"embeddable":true,"href":"http:\/\/www.isef11.edu.ar\/index.php?rest_route=\/wp\/v2\/users\/1"}],"replies":[{"embeddable":true,"href":"http:\/\/www.isef11.edu.ar\/index.php?rest_route=%2Fwp%2Fv2%2Fcomments&post=1917"}],"version-history":[{"count":7,"href":"http:\/\/www.isef11.edu.ar\/index.php?rest_route=\/wp\/v2\/pages\/1917\/revisions"}],"predecessor-version":[{"id":2065,"href":"http:\/\/www.isef11.edu.ar\/index.php?rest_route=\/wp\/v2\/pages\/1917\/revisions\/2065"}],"wp:attachment":[{"href":"http:\/\/www.isef11.edu.ar\/index.php?rest_route=%2Fwp%2Fv2%2Fmedia&parent=1917"}],"curies":[{"name":"wp","href":"https:\/\/api.w.org\/{rel}","templated":true}]}}