{"id":13,"date":"2022-01-04T00:37:50","date_gmt":"2022-01-04T00:37:50","guid":{"rendered":"http:\/\/www.isef11.edu.ar\/?page_id=13"},"modified":"2025-10-29T15:31:34","modified_gmt":"2025-10-29T18:31:34","slug":"ingresantes","status":"publish","type":"page","link":"https:\/\/www.isef11.edu.ar\/?page_id=13","title":{"rendered":"Ingresantes"},"content":{"rendered":"\t\t<div data-elementor-type=\"wp-page\" data-elementor-id=\"13\" class=\"elementor elementor-13\">\n\t\t\t\t\t\t<section class=\"elementor-section elementor-top-section elementor-element elementor-element-3b2fc86c elementor-section-stretched elementor-section-full_width elementor-section-height-default elementor-section-height-default exad-glass-effect-no exad-sticky-section-no\" data-id=\"3b2fc86c\" data-element_type=\"section\" data-settings=\"{&quot;stretch_section&quot;:&quot;section-stretched&quot;}\">\n\t\t\t\t\t\t<div class=\"elementor-container elementor-column-gap-default\">\n\t\t\t\t\t<div class=\"elementor-column elementor-col-100 elementor-top-column elementor-element elementor-element-32f8800f exad-glass-effect-no exad-sticky-section-no\" data-id=\"32f8800f\" data-element_type=\"column\">\n\t\t\t<div class=\"elementor-widget-wrap elementor-element-populated\">\n\t\t\t\t\t\t<div class=\"elementor-element elementor-element-44d63345 premium-header-block exad-sticky-section-no exad-glass-effect-no elementor-widget elementor-widget-premium-addon-dual-header\" data-id=\"44d63345\" data-element_type=\"widget\" data-settings=\"{&quot;_animation_tablet&quot;:&quot;none&quot;,&quot;_animation_mobile&quot;:&quot;none&quot;}\" data-widget_type=\"premium-addon-dual-header.default\">\n\t\t\t\t<div class=\"elementor-widget-container\">\n\t\t\t\t\t\r\n\t\t\t\t\t<h1 class=\"premium-dual-header-first-header premium-dual-header-first-clip gradient\"><span class=\"premium-dual-header-first-span\"> <\/span><span class=\"premium-dual-header-second-header premium-dual-header-second-clip gradient\">INGRESO<\/span><\/h1> \t\t\r\n\t\t\t\t\t\t<\/div>\n\t\t\t\t<\/div>\n\t\t\t\t<div class=\"elementor-element elementor-element-661edc1e elementor-widget-divider--separator-type-pattern elementor-widget-divider--view-line exad-sticky-section-no exad-glass-effect-no elementor-widget elementor-widget-divider\" data-id=\"661edc1e\" data-element_type=\"widget\" data-settings=\"{&quot;_animation_tablet&quot;:&quot;none&quot;,&quot;_animation_mobile&quot;:&quot;none&quot;}\" data-widget_type=\"divider.default\">\n\t\t\t\t<div class=\"elementor-widget-container\">\n\t\t\t\t\t\t\t<div class=\"elementor-divider\" style=\"--divider-pattern-url: url(&quot;data:image\/svg+xml,%3Csvg xmlns=&#039;http:\/\/www.w3.org\/2000\/svg&#039; preserveAspectRatio=&#039;none&#039; overflow=&#039;visible&#039; height=&#039;100%&#039; viewBox=&#039;0 0 20 16&#039; fill=&#039;none&#039; stroke=&#039;black&#039; stroke-width=&#039;2&#039; stroke-linecap=&#039;square&#039; stroke-miterlimit=&#039;10&#039;%3E%3Cg transform=&#039;translate(-12.000000, 0)&#039;%3E%3Cpath d=&#039;M28,0L10,18&#039;\/%3E%3Cpath d=&#039;M18,0L0,18&#039;\/%3E%3Cpath d=&#039;M48,0L30,18&#039;\/%3E%3Cpath d=&#039;M38,0L20,18&#039;\/%3E%3C\/g%3E%3C\/svg%3E&quot;);\">\n\t\t\t<span class=\"elementor-divider-separator\">\n\t\t\t\t\t\t<\/span>\n\t\t<\/div>\n\t\t\t\t\t\t<\/div>\n\t\t\t\t<\/div>\n\t\t\t\t<div class=\"elementor-element elementor-element-1f3086ec exad-sticky-section-no exad-glass-effect-no elementor-widget elementor-widget-text-editor\" data-id=\"1f3086ec\" data-element_type=\"widget\" data-settings=\"{&quot;_animation_tablet&quot;:&quot;none&quot;,&quot;_animation_mobile&quot;:&quot;none&quot;}\" data-widget_type=\"text-editor.default\">\n\t\t\t\t<div class=\"elementor-widget-container\">\n\t\t\t\t\t\t\t\t\t<div>INSTITUTO SUPERIOR DE EDUCACI\u00d3N F\u00cdSICA N.\u00ba 11 \u201cAbanderado Mariano Grandol\u00ed\u201d<\/div>\t\t\t\t\t\t\t\t<\/div>\n\t\t\t\t<\/div>\n\t\t\t\t\t<\/div>\n\t\t<\/div>\n\t\t\t\t\t<\/div>\n\t\t<\/section>\n\t\t\t\t<section class=\"elementor-section elementor-top-section elementor-element elementor-element-fe9a89f elementor-section-height-min-height elementor-section-boxed elementor-section-height-default elementor-section-items-middle exad-glass-effect-no exad-sticky-section-no\" data-id=\"fe9a89f\" data-element_type=\"section\">\n\t\t\t\t\t\t<div class=\"elementor-container elementor-column-gap-default\">\n\t\t\t\t\t<div class=\"elementor-column elementor-col-16 elementor-top-column elementor-element elementor-element-fcc6ca2 exad-glass-effect-no exad-sticky-section-no\" data-id=\"fcc6ca2\" data-element_type=\"column\">\n\t\t\t<div class=\"elementor-widget-wrap\">\n\t\t\t\t\t\t\t<\/div>\n\t\t<\/div>\n\t\t\t\t<div class=\"elementor-column elementor-col-66 elementor-top-column elementor-element elementor-element-3e90404 exad-glass-effect-no exad-sticky-section-no\" data-id=\"3e90404\" data-element_type=\"column\">\n\t\t\t<div class=\"elementor-widget-wrap elementor-element-populated\">\n\t\t\t\t\t\t<div class=\"elementor-element elementor-element-7f6fbe5 exad-sticky-section-no exad-glass-effect-no elementor-widget elementor-widget-video\" data-id=\"7f6fbe5\" data-element_type=\"widget\" data-settings=\"{&quot;video_type&quot;:&quot;hosted&quot;,&quot;controls&quot;:&quot;yes&quot;}\" data-widget_type=\"video.default\">\n\t\t\t\t<div class=\"elementor-widget-container\">\n\t\t\t\t\t\t\t<div class=\"e-hosted-video elementor-wrapper elementor-open-inline\">\n\t\t\t\t\t<video class=\"elementor-video\" src=\"http:\/\/www.isef11.edu.ar\/wp-content\/uploads\/2025\/09\/WhatsApp-Video-2025-09-24-at-18.12.24.mp4\" controls=\"\" preload=\"metadata\" controlsList=\"nodownload\"><\/video>\n\t\t\t\t<\/div>\n\t\t\t\t\t\t<\/div>\n\t\t\t\t<\/div>\n\t\t\t\t\t<\/div>\n\t\t<\/div>\n\t\t\t\t<div class=\"elementor-column elementor-col-16 elementor-top-column elementor-element elementor-element-8dcc48d exad-glass-effect-no exad-sticky-section-no\" data-id=\"8dcc48d\" data-element_type=\"column\">\n\t\t\t<div class=\"elementor-widget-wrap\">\n\t\t\t\t\t\t\t<\/div>\n\t\t<\/div>\n\t\t\t\t\t<\/div>\n\t\t<\/section>\n\t\t\t\t<section class=\"elementor-section elementor-top-section elementor-element elementor-element-588c404 elementor-section-boxed elementor-section-height-default elementor-section-height-default exad-glass-effect-no exad-sticky-section-no\" data-id=\"588c404\" data-element_type=\"section\">\n\t\t\t\t\t\t<div class=\"elementor-container elementor-column-gap-default\">\n\t\t\t\t\t<div class=\"elementor-column elementor-col-33 elementor-top-column elementor-element elementor-element-792828f exad-glass-effect-no exad-sticky-section-no\" data-id=\"792828f\" data-element_type=\"column\">\n\t\t\t<div class=\"elementor-widget-wrap elementor-element-populated\">\n\t\t\t\t\t\t<div class=\"elementor-element elementor-element-3b8a275 exad-sticky-section-no exad-glass-effect-no elementor-widget elementor-widget-bdt-image-stack\" data-id=\"3b8a275\" data-element_type=\"widget\" data-widget_type=\"bdt-image-stack.default\">\n\t\t\t\t<div class=\"elementor-widget-container\">\n\t\t\t\t\t\t\t<div class=\"bdt-image-stack\">\n\t\t\t\n\t\t\t\t<div class=\"bdt-ep-image-stack-item elementor-repeater-item-c20ce09 bdt-tippy-tooltip\" data-tippy=\"\" data-tippy-arrow=\"true\" data-tippy-placement=\"top\" \n\t\t\t\t\tdata-tippy-content=\"Instructor de F\u00fatbol Infantil\"\n\t\t\t\t>\n\t\t\t\t\t\t\t\t\t\t\t<a href=\"http:\/\/www.isef11.edu.ar\/?page_id=1780\">\n\t\t\t\t\t\t\t\n\t\t\t\t\t<i aria-hidden=\"true\" class=\"far fa-futbol\"><\/i>\t\t\n\t\t\t\t\t\t\t\t<\/a>\n\t\t\t\t\t\t\t\t\t<\/div>\n\n\t\t\t\t\t<\/div>\n\t\t\t\t\t\t<\/div>\n\t\t\t\t<\/div>\n\t\t\t\t<div class=\"elementor-element elementor-element-82571a6 exad-sticky-section-no exad-glass-effect-no elementor-widget elementor-widget-text-editor\" data-id=\"82571a6\" data-element_type=\"widget\" data-settings=\"{&quot;_animation_tablet&quot;:&quot;none&quot;,&quot;_animation_mobile&quot;:&quot;none&quot;}\" data-widget_type=\"text-editor.default\">\n\t\t\t\t<div class=\"elementor-widget-container\">\n\t\t\t\t\t\t\t\t\t<p>Instructor de F\u00fatbol Infantil<\/p>\t\t\t\t\t\t\t\t<\/div>\n\t\t\t\t<\/div>\n\t\t\t\t\t<\/div>\n\t\t<\/div>\n\t\t\t\t<div class=\"elementor-column elementor-col-33 elementor-top-column elementor-element elementor-element-4d6c882 exad-glass-effect-no exad-sticky-section-no\" data-id=\"4d6c882\" data-element_type=\"column\">\n\t\t\t<div class=\"elementor-widget-wrap elementor-element-populated\">\n\t\t\t\t\t\t<div class=\"elementor-element elementor-element-5ab3b8a exad-sticky-section-no exad-glass-effect-no elementor-widget elementor-widget-bdt-image-stack\" data-id=\"5ab3b8a\" data-element_type=\"widget\" data-widget_type=\"bdt-image-stack.default\">\n\t\t\t\t<div class=\"elementor-widget-container\">\n\t\t\t\t\t\t\t<div class=\"bdt-image-stack\">\n\t\t\t\n\t\t\t\t<div class=\"bdt-ep-image-stack-item elementor-repeater-item-c20ce09 bdt-tippy-tooltip\" data-tippy=\"\" data-tippy-arrow=\"true\" data-tippy-placement=\"top\" \n\t\t\t\t\tdata-tippy-content=\"Profesorado de Educaci\u00f3n F\u00edsica\"\n\t\t\t\t>\n\t\t\t\t\t\t\t\t\t\t\t<a href=\"http:\/\/www.isef11.edu.ar\/?page_id=1685\">\n\t\t\t\t\t\t\t\n\t\t\t\t\t<i aria-hidden=\"true\" class=\"fas fa-chalkboard-teacher\"><\/i>\t\t\n\t\t\t\t\t\t\t\t<\/a>\n\t\t\t\t\t\t\t\t\t<\/div>\n\n\t\t\t\t\t<\/div>\n\t\t\t\t\t\t<\/div>\n\t\t\t\t<\/div>\n\t\t\t\t<div class=\"elementor-element elementor-element-25d287d exad-sticky-section-no exad-glass-effect-no elementor-widget elementor-widget-text-editor\" data-id=\"25d287d\" data-element_type=\"widget\" data-settings=\"{&quot;_animation_tablet&quot;:&quot;none&quot;,&quot;_animation_mobile&quot;:&quot;none&quot;}\" data-widget_type=\"text-editor.default\">\n\t\t\t\t<div class=\"elementor-widget-container\">\n\t\t\t\t\t\t\t\t\t<p>Profesorado en Educaci\u00f3n F\u00edsica<\/p>\t\t\t\t\t\t\t\t<\/div>\n\t\t\t\t<\/div>\n\t\t\t\t\t<\/div>\n\t\t<\/div>\n\t\t\t\t<div class=\"elementor-column elementor-col-33 elementor-top-column elementor-element elementor-element-617494e exad-glass-effect-no exad-sticky-section-no\" data-id=\"617494e\" data-element_type=\"column\">\n\t\t\t<div class=\"elementor-widget-wrap elementor-element-populated\">\n\t\t\t\t\t\t<div class=\"elementor-element elementor-element-e42113e exad-sticky-section-no exad-glass-effect-no elementor-widget elementor-widget-bdt-image-stack\" data-id=\"e42113e\" data-element_type=\"widget\" data-widget_type=\"bdt-image-stack.default\">\n\t\t\t\t<div class=\"elementor-widget-container\">\n\t\t\t\t\t\t\t<div class=\"bdt-image-stack\">\n\t\t\t\n\t\t\t\t<div class=\"bdt-ep-image-stack-item elementor-repeater-item-c20ce09 bdt-tippy-tooltip\" data-tippy=\"\" data-tippy-arrow=\"true\" data-tippy-placement=\"top\" \n\t\t\t\t\tdata-tippy-content=\"Director T\u00e9cnico de F\u00fatbol \"\n\t\t\t\t>\n\t\t\t\t\t\t\t\t\t\t\t<a href=\"http:\/\/www.isef11.edu.ar\/?page_id=1788\">\n\t\t\t\t\t\t\t\n\t\t\t\t\t<i aria-hidden=\"true\" class=\"fas fa-futbol\"><\/i>\t\t\n\t\t\t\t\t\t\t\t<\/a>\n\t\t\t\t\t\t\t\t\t<\/div>\n\n\t\t\t\t\t<\/div>\n\t\t\t\t\t\t<\/div>\n\t\t\t\t<\/div>\n\t\t\t\t<div class=\"elementor-element elementor-element-5155f76 exad-sticky-section-no exad-glass-effect-no elementor-widget elementor-widget-text-editor\" data-id=\"5155f76\" data-element_type=\"widget\" data-settings=\"{&quot;_animation_tablet&quot;:&quot;none&quot;,&quot;_animation_mobile&quot;:&quot;none&quot;}\" data-widget_type=\"text-editor.default\">\n\t\t\t\t<div class=\"elementor-widget-container\">\n\t\t\t\t\t\t\t\t\t<p>Director T\u00e9cnico de F\u00fatbol<\/p>\t\t\t\t\t\t\t\t<\/div>\n\t\t\t\t<\/div>\n\t\t\t\t\t<\/div>\n\t\t<\/div>\n\t\t\t\t\t<\/div>\n\t\t<\/section>\n\t\t\t\t<section class=\"elementor-section elementor-top-section elementor-element elementor-element-4e0874b elementor-section-boxed elementor-section-height-default elementor-section-height-default exad-glass-effect-no exad-sticky-section-no\" data-id=\"4e0874b\" data-element_type=\"section\">\n\t\t\t\t\t\t<div class=\"elementor-container elementor-column-gap-default\">\n\t\t\t\t\t<div class=\"elementor-column elementor-col-33 elementor-top-column elementor-element elementor-element-19806be exad-glass-effect-no exad-sticky-section-no\" data-id=\"19806be\" data-element_type=\"column\">\n\t\t\t<div class=\"elementor-widget-wrap elementor-element-populated\">\n\t\t\t\t\t\t<div class=\"elementor-element elementor-element-18d5709 exad-sticky-section-no exad-glass-effect-no elementor-widget elementor-widget-bdt-image-stack\" data-id=\"18d5709\" data-element_type=\"widget\" data-widget_type=\"bdt-image-stack.default\">\n\t\t\t\t<div class=\"elementor-widget-container\">\n\t\t\t\t\t\t\t<div class=\"bdt-image-stack\">\n\t\t\t\n\t\t\t\t<div class=\"bdt-ep-image-stack-item elementor-repeater-item-c20ce09 bdt-tippy-tooltip\" data-tippy=\"\" data-tippy-arrow=\"true\" data-tippy-placement=\"top\" \n\t\t\t\t\tdata-tippy-content=\"Periodismo Deportivo\"\n\t\t\t\t>\n\t\t\t\t\t\t\t\t\t\t\t<a href=\"http:\/\/www.isef11.edu.ar\/?page_id=1759\">\n\t\t\t\t\t\t\t\n\t\t\t\t\t<i aria-hidden=\"true\" class=\"remixicon ri-newspaper-fill\"><\/i>\t\t\n\t\t\t\t\t\t\t\t<\/a>\n\t\t\t\t\t\t\t\t\t<\/div>\n\n\t\t\t\t\t<\/div>\n\t\t\t\t\t\t<\/div>\n\t\t\t\t<\/div>\n\t\t\t\t<div class=\"elementor-element elementor-element-e55bf58 exad-sticky-section-no exad-glass-effect-no elementor-widget elementor-widget-text-editor\" data-id=\"e55bf58\" data-element_type=\"widget\" data-settings=\"{&quot;_animation_tablet&quot;:&quot;none&quot;,&quot;_animation_mobile&quot;:&quot;none&quot;}\" data-widget_type=\"text-editor.default\">\n\t\t\t\t<div class=\"elementor-widget-container\">\n\t\t\t\t\t\t\t\t\t<p>Periodismo Deportivo<\/p>\t\t\t\t\t\t\t\t<\/div>\n\t\t\t\t<\/div>\n\t\t\t\t\t<\/div>\n\t\t<\/div>\n\t\t\t\t<div class=\"elementor-column elementor-col-33 elementor-top-column elementor-element elementor-element-4892dd0 exad-glass-effect-no exad-sticky-section-no\" data-id=\"4892dd0\" data-element_type=\"column\">\n\t\t\t<div class=\"elementor-widget-wrap elementor-element-populated\">\n\t\t\t\t\t\t<div class=\"elementor-element elementor-element-2509182 bdt-backdrop-filter-yes exad-sticky-section-no bdt-filter-backdrop exad-glass-effect-no elementor-widget elementor-widget-bdt-image-stack\" data-id=\"2509182\" data-element_type=\"widget\" data-widget_type=\"bdt-image-stack.default\">\n\t\t\t\t<div class=\"elementor-widget-container\">\n\t\t\t\t\t\t\t<div class=\"bdt-image-stack\">\n\t\t\t\n\t\t\t\t<div class=\"bdt-ep-image-stack-item elementor-repeater-item-c20ce09 bdt-tippy-tooltip\" data-tippy=\"\" data-tippy-arrow=\"true\" data-tippy-placement=\"top\" \n\t\t\t\t\tdata-tippy-content=\"Nutrici\u00f3n\"\n\t\t\t\t>\n\t\t\t\t\t\t\t\t\t\t\t<a href=\"http:\/\/www.isef11.edu.ar\/?page_id=1917\">\n\t\t\t\t\t\t\t\n\t\t\t\t\t<i aria-hidden=\"true\" class=\"remixicon ri-scales-2-line\"><\/i>\t\t\n\t\t\t\t\t\t\t\t<\/a>\n\t\t\t\t\t\t\t\t\t<\/div>\n\n\t\t\t\t\t<\/div>\n\t\t\t\t\t\t<\/div>\n\t\t\t\t<\/div>\n\t\t\t\t<div class=\"elementor-element elementor-element-d0ec3b7 exad-sticky-section-no exad-glass-effect-no elementor-widget elementor-widget-text-editor\" data-id=\"d0ec3b7\" data-element_type=\"widget\" data-settings=\"{&quot;_animation_tablet&quot;:&quot;none&quot;,&quot;_animation_mobile&quot;:&quot;none&quot;}\" data-widget_type=\"text-editor.default\">\n\t\t\t\t<div class=\"elementor-widget-container\">\n\t\t\t\t\t\t\t\t\t<p style=\"text-align: center;\">Nutrici\u00f3n<\/p>\t\t\t\t\t\t\t\t<\/div>\n\t\t\t\t<\/div>\n\t\t\t\t\t<\/div>\n\t\t<\/div>\n\t\t\t\t<div class=\"elementor-column elementor-col-33 elementor-top-column elementor-element elementor-element-6f6fe82 exad-glass-effect-no exad-sticky-section-no\" data-id=\"6f6fe82\" data-element_type=\"column\">\n\t\t\t<div class=\"elementor-widget-wrap elementor-element-populated\">\n\t\t\t\t\t\t<div class=\"elementor-element elementor-element-b3b5147 exad-sticky-section-no exad-glass-effect-no elementor-widget elementor-widget-bdt-image-stack\" data-id=\"b3b5147\" data-element_type=\"widget\" data-widget_type=\"bdt-image-stack.default\">\n\t\t\t\t<div class=\"elementor-widget-container\">\n\t\t\t\t\t\t\t<div class=\"bdt-image-stack\">\n\t\t\t\n\t\t\t\t<div class=\"bdt-ep-image-stack-item elementor-repeater-item-c20ce09 bdt-tippy-tooltip\" data-tippy=\"\" data-tippy-arrow=\"true\" data-tippy-placement=\"top\" \n\t\t\t\t\tdata-tippy-content=\"Guardavidas\"\n\t\t\t\t>\n\t\t\t\t\t\t\t\t\t\t\t<a href=\"http:\/\/www.isef11.edu.ar\/?page_id=1817\">\n\t\t\t\t\t\t\t\n\t\t\t\t\t<i aria-hidden=\"true\" class=\"remixicon ri-heart-add-fill\"><\/i>\t\t\n\t\t\t\t\t\t\t\t<\/a>\n\t\t\t\t\t\t\t\t\t<\/div>\n\n\t\t\t\t\t<\/div>\n\t\t\t\t\t\t<\/div>\n\t\t\t\t<\/div>\n\t\t\t\t<div class=\"elementor-element elementor-element-83ce395 exad-sticky-section-no exad-glass-effect-no elementor-widget elementor-widget-text-editor\" data-id=\"83ce395\" data-element_type=\"widget\" data-settings=\"{&quot;_animation_tablet&quot;:&quot;none&quot;,&quot;_animation_mobile&quot;:&quot;none&quot;}\" data-widget_type=\"text-editor.default\">\n\t\t\t\t<div class=\"elementor-widget-container\">\n\t\t\t\t\t\t\t\t\t<p style=\"text-align: center;\">Guardavidas<\/p>\t\t\t\t\t\t\t\t<\/div>\n\t\t\t\t<\/div>\n\t\t\t\t\t<\/div>\n\t\t<\/div>\n\t\t\t\t\t<\/div>\n\t\t<\/section>\n\t\t\t\t<\/div>\n\t\t","protected":false},"excerpt":{"rendered":"<p>INGRESO INSTITUTO SUPERIOR DE EDUCACI\u00d3N F\u00cdSICA N.\u00ba 11 \u201cAbanderado Mariano Grandol\u00ed\u201dhttp:\/\/www.isef11.edu.ar\/wp-content\/uploads\/2025\/09\/WhatsApp-Video-2025-09-24-at-18.12.24.mp4 Instructor de F\u00fatbol Infantil Profesorado en Educaci\u00f3n F\u00edsica Director T\u00e9cnico de F\u00fatbol Periodismo Deportivo Nutrici\u00f3n Guardavidas<\/p>\n","protected":false},"author":1,"featured_media":0,"parent":0,"menu_order":0,"comment_status":"closed","ping_status":"closed","template":"elementor_header_footer","meta":{"footnotes":""},"class_list":["post-13","page","type-page","status-publish","hentry"],"_links":{"self":[{"href":"https:\/\/www.isef11.edu.ar\/index.php?rest_route=\/wp\/v2\/pages\/13","targetHints":{"allow":["GET"]}}],"collection":[{"href":"https:\/\/www.isef11.edu.ar\/index.php?rest_route=\/wp\/v2\/pages"}],"about":[{"href":"https:\/\/www.isef11.edu.ar\/index.php?rest_route=\/wp\/v2\/types\/page"}],"author":[{"embeddable":true,"href":"https:\/\/www.isef11.edu.ar\/index.php?rest_route=\/wp\/v2\/users\/1"}],"replies":[{"embeddable":true,"href":"https:\/\/www.isef11.edu.ar\/index.php?rest_route=%2Fwp%2Fv2%2Fcomments&post=13"}],"version-history":[{"count":87,"href":"https:\/\/www.isef11.edu.ar\/index.php?rest_route=\/wp\/v2\/pages\/13\/revisions"}],"predecessor-version":[{"id":1934,"href":"https:\/\/www.isef11.edu.ar\/index.php?rest_route=\/wp\/v2\/pages\/13\/revisions\/1934"}],"wp:attachment":[{"href":"https:\/\/www.isef11.edu.ar\/index.php?rest_route=%2Fwp%2Fv2%2Fmedia&parent=13"}],"curies":[{"name":"wp","href":"https:\/\/api.w.org\/{rel}","templated":true}]}}