{"id":14,"date":"2022-01-04T00:37:50","date_gmt":"2022-01-04T00:37:50","guid":{"rendered":"http:\/\/www.isef11.edu.ar\/?page_id=14"},"modified":"2022-06-17T16:57:09","modified_gmt":"2022-06-17T16:57:09","slug":"alumnos","status":"publish","type":"page","link":"https:\/\/www.isef11.edu.ar\/?page_id=14","title":{"rendered":"Alumnos"},"content":{"rendered":"\t\t<div data-elementor-type=\"wp-page\" data-elementor-id=\"14\" class=\"elementor elementor-14\">\n\t\t\t\t\t\t<section class=\"elementor-section elementor-top-section elementor-element elementor-element-52fe849 elementor-section-full_width elementor-section-stretched elementor-section-height-default elementor-section-height-default exad-glass-effect-no exad-sticky-section-no\" data-id=\"52fe849\" data-element_type=\"section\" data-settings=\"{&quot;stretch_section&quot;:&quot;section-stretched&quot;}\">\n\t\t\t\t\t\t<div class=\"elementor-container elementor-column-gap-default\">\n\t\t\t\t\t<div class=\"elementor-column elementor-col-100 elementor-top-column elementor-element elementor-element-9d1f1d1 exad-glass-effect-no exad-sticky-section-no\" data-id=\"9d1f1d1\" data-element_type=\"column\">\n\t\t\t<div class=\"elementor-widget-wrap elementor-element-populated\">\n\t\t\t\t\t\t<div class=\"elementor-element elementor-element-f3a7882 premium-blog-align-left exad-sticky-section-no exad-glass-effect-no elementor-widget elementor-widget-premium-addon-blog\" data-id=\"f3a7882\" data-element_type=\"widget\" data-settings=\"{&quot;premium_blog_grid&quot;:&quot;yes&quot;,&quot;premium_blog_layout&quot;:&quot;even&quot;,&quot;premium_blog_columns_number&quot;:&quot;50%&quot;,&quot;premium_blog_columns_number_tablet&quot;:&quot;50%&quot;,&quot;premium_blog_columns_number_mobile&quot;:&quot;100%&quot;}\" data-widget_type=\"premium-addon-blog.default\">\n\t\t\t\t<div class=\"elementor-widget-container\">\n\t\t\t\t\t\r\n\t\t\t\t<div class=\"premium-blog-wrap  premium-blog-even\" data-page=\"14\">\r\n\t\t\t\t\t<div class=\"premium-blog-post-outer-container\" data-total=\"1\">\r\n\t\t\t<div class=\"premium-blog-post-container premium-blog-skin-side\">\r\n\t\t\t\t\t\t\t\t\t\t\t\t<div class=\"premium-blog-content-wrapper empty-thumb\">\r\n\r\n\t\t\t\t\t<div class=\"premium-blog-inner-container\">\r\n\r\n\t\t\t\t\t\t\t\t\t\t\t\t\t<div class=\"premium-blog-cats-container\">\r\n\t\t\t\t\t\t\t\t<ul class=\"post-categories\">\r\n\t\t\t\t\t\t\t\t\t<li><a href=\"https:\/\/www.isef11.edu.ar\/?cat=8\" class=\"elementor-repeater-item-aba50a3\">Noticias<\/a><\/li>\t\t\t\t\t\t\t\t<\/ul>\r\n\t\t\t\t\t\t\t<\/div>\r\n\t\t\t\t\t\t\t\t\t\t\t\t\t\t<h2 class=\"premium-blog-entry-title\">\r\n\t\t\t<a href=\"https:\/\/www.isef11.edu.ar\/?p=1463\" target=\"_blank\">\r\n\t\t\t\tINSCRIPCI\u00d3N ABIERTA  18, 19 Y 20  DE ABRIL DE 2022\t\t\t<\/a>\r\n\t\t<\/h2>\r\n\t\t\t\t<div class=\"premium-blog-entry-meta\">\r\n\t\t\t\r\n\t\t\t\r\n\t\t\t\r\n\t\t\t\t\t<\/div>\r\n\t\t\r\n\t\t\t\t\t<\/div>\r\n\r\n\t\t\t\t\t\t\t<div class=\"premium-blog-content-inner-wrapper\">\r\n\t\t<p class=\"premium-blog-post-content\">\u00bfCOMO ME INSCRIBO A LA MESA ESPECIAL PARA FINALIZAR CARRERA Para inscribirse, solo deber\u00e1 ingresar y completar el siguiente formulario: https:\/\/docs.google.com\/forms\/d\/e\/1FAIpQLSdRuNL8PrirTJ0L9eoz_DTD8PERBp7v6Kv80ZTUWbSNacb7gQ\/viewform Una \u2026<\/p>\t\t<\/div>\r\n\t\t\t\t\t\t\t\r\n\t\t\t\t<\/div>\r\n\t\t\t<\/div>\r\n\t\t<\/div>\r\n\r\n\t\t\t\t<div class=\"premium-blog-post-outer-container\" data-total=\"1\">\r\n\t\t\t<div class=\"premium-blog-post-container premium-blog-skin-side\">\r\n\t\t\t\t\t\t\t\t\t\t\t\t<div class=\"premium-blog-content-wrapper empty-thumb\">\r\n\r\n\t\t\t\t\t<div class=\"premium-blog-inner-container\">\r\n\r\n\t\t\t\t\t\t\t\t\t\t\t\t\t<div class=\"premium-blog-cats-container\">\r\n\t\t\t\t\t\t\t\t<ul class=\"post-categories\">\r\n\t\t\t\t\t\t\t\t\t<li><a href=\"https:\/\/www.isef11.edu.ar\/?cat=7\" class=\"elementor-repeater-item-aba50a3\">Ayuda<\/a><\/li>\t\t\t\t\t\t\t\t<\/ul>\r\n\t\t\t\t\t\t\t<\/div>\r\n\t\t\t\t\t\t\t\t\t\t\t\t\t\t<h2 class=\"premium-blog-entry-title\">\r\n\t\t\t<a href=\"https:\/\/www.isef11.edu.ar\/?p=1296\" target=\"_blank\">\r\n\t\t\t\tPortal de alumnos\t\t\t<\/a>\r\n\t\t<\/h2>\r\n\t\t\t\t<div class=\"premium-blog-entry-meta\">\r\n\t\t\t\r\n\t\t\t\r\n\t\t\t\r\n\t\t\t\t\t<\/div>\r\n\t\t\r\n\t\t\t\t\t<\/div>\r\n\r\n\t\t\t\t\t\t\t<div class=\"premium-blog-content-inner-wrapper\">\r\n\t\t<p class=\"premium-blog-post-content\">Portal de alumnos Es una herramienta desarrollada por el \u00c1rea Inform\u00e1tica para brindarles a los alumnos el acceso a sus datos acad\u00e9micos \u2026<\/p>\t\t<\/div>\r\n\t\t\t\t\t\t\t\r\n\t\t\t\t<\/div>\r\n\t\t\t<\/div>\r\n\t\t<\/div>\r\n\r\n\t\t\t\t<div class=\"premium-blog-post-outer-container\" data-total=\"1\">\r\n\t\t\t<div class=\"premium-blog-post-container premium-blog-skin-side\">\r\n\t\t\t\t\t\t\t\t\t\t\t\t<div class=\"premium-blog-content-wrapper empty-thumb\">\r\n\r\n\t\t\t\t\t<div class=\"premium-blog-inner-container\">\r\n\r\n\t\t\t\t\t\t\t\t\t\t\t\t\t<div class=\"premium-blog-cats-container\">\r\n\t\t\t\t\t\t\t\t<ul class=\"post-categories\">\r\n\t\t\t\t\t\t\t\t\t<li><a href=\"https:\/\/www.isef11.edu.ar\/?cat=7\" class=\"elementor-repeater-item-aba50a3\">Ayuda<\/a><\/li>\t\t\t\t\t\t\t\t<\/ul>\r\n\t\t\t\t\t\t\t<\/div>\r\n\t\t\t\t\t\t\t\t\t\t\t\t\t\t<h2 class=\"premium-blog-entry-title\">\r\n\t\t\t<a href=\"https:\/\/www.isef11.edu.ar\/?p=1283\" target=\"_blank\">\r\n\t\t\t\tPortal de Alumnos &#8211; Certificado de Alumno Regular OnLine\t\t\t<\/a>\r\n\t\t<\/h2>\r\n\t\t\t\t<div class=\"premium-blog-entry-meta\">\r\n\t\t\t\r\n\t\t\t\r\n\t\t\t\r\n\t\t\t\t\t<\/div>\r\n\t\t\r\n\t\t\t\t\t<\/div>\r\n\r\n\t\t\t\t\t\t\t<div class=\"premium-blog-content-inner-wrapper\">\r\n\t\t<p class=\"premium-blog-post-content\">Portal de Alumnos &#8211; Certificado de Alumno Regular OnLine Seguimos informatizando la administraci\u00f3n para optimizar nuestro trabajo y mejorar la respuesta a \u2026<\/p>\t\t<\/div>\r\n\t\t\t\t\t\t\t\r\n\t\t\t\t<\/div>\r\n\t\t\t<\/div>\r\n\t\t<\/div>\r\n\r\n\t\t\t\t<div class=\"premium-blog-post-outer-container\" data-total=\"1\">\r\n\t\t\t<div class=\"premium-blog-post-container premium-blog-skin-side\">\r\n\t\t\t\t\t\t\t\t\t\t\t\t<div class=\"premium-blog-content-wrapper empty-thumb\">\r\n\r\n\t\t\t\t\t<div class=\"premium-blog-inner-container\">\r\n\r\n\t\t\t\t\t\t\t\t\t\t\t\t\t<div class=\"premium-blog-cats-container\">\r\n\t\t\t\t\t\t\t\t<ul class=\"post-categories\">\r\n\t\t\t\t\t\t\t\t\t<li><a href=\"https:\/\/www.isef11.edu.ar\/?cat=7\" class=\"elementor-repeater-item-aba50a3\">Ayuda<\/a><\/li>\t\t\t\t\t\t\t\t<\/ul>\r\n\t\t\t\t\t\t\t<\/div>\r\n\t\t\t\t\t\t\t\t\t\t\t\t\t\t<h2 class=\"premium-blog-entry-title\">\r\n\t\t\t<a href=\"https:\/\/www.isef11.edu.ar\/?p=1230\" target=\"_blank\">\r\n\t\t\t\tBOT Telegram para alumnos\t\t\t<\/a>\r\n\t\t<\/h2>\r\n\t\t\t\t<div class=\"premium-blog-entry-meta\">\r\n\t\t\t\r\n\t\t\t\r\n\t\t\t\r\n\t\t\t\t\t<\/div>\r\n\t\t\r\n\t\t\t\t\t<\/div>\r\n\r\n\t\t\t\t\t\t\t<div class=\"premium-blog-content-inner-wrapper\">\r\n\t\t<p class=\"premium-blog-post-content\">Bot de Telegram para Alumnos Seguimos avanzando con la informatizaci\u00f3n para optimizar la atenci\u00f3n y mejorar la respuesta a nuestros alumnos. En \u2026<\/p>\t\t<\/div>\r\n\t\t\t\t\t\t\t\r\n\t\t\t\t<\/div>\r\n\t\t\t<\/div>\r\n\t\t<\/div>\r\n\r\n\t\t\t\t<div class=\"premium-blog-post-outer-container\" data-total=\"1\">\r\n\t\t\t<div class=\"premium-blog-post-container premium-blog-skin-side\">\r\n\t\t\t\t\t\t\t\t\t\t\t\t<div class=\"premium-blog-content-wrapper empty-thumb\">\r\n\r\n\t\t\t\t\t<div class=\"premium-blog-inner-container\">\r\n\r\n\t\t\t\t\t\t\t\t\t\t\t\t\t<div class=\"premium-blog-cats-container\">\r\n\t\t\t\t\t\t\t\t<ul class=\"post-categories\">\r\n\t\t\t\t\t\t\t\t\t<li><a href=\"https:\/\/www.isef11.edu.ar\/?cat=7\" class=\"elementor-repeater-item-aba50a3\">Ayuda<\/a><\/li>\t\t\t\t\t\t\t\t<\/ul>\r\n\t\t\t\t\t\t\t<\/div>\r\n\t\t\t\t\t\t\t\t\t\t\t\t\t\t<h2 class=\"premium-blog-entry-title\">\r\n\t\t\t<a href=\"https:\/\/www.isef11.edu.ar\/?p=1163\" target=\"_blank\">\r\n\t\t\t\tCondici\u00f3n Ingresantes Instrucciones\t\t\t<\/a>\r\n\t\t<\/h2>\r\n\t\t\t\t<div class=\"premium-blog-entry-meta\">\r\n\t\t\t\r\n\t\t\t\r\n\t\t\t\r\n\t\t\t\t\t<\/div>\r\n\t\t\r\n\t\t\t\t\t<\/div>\r\n\r\n\t\t\t\t\t\t\t<div class=\"premium-blog-content-inner-wrapper\">\r\n\t\t<p class=\"premium-blog-post-content\">Condici\u00f3n ingresantes &#8211; instrucciones En el ingreso 2022 no se realiz\u00f3 el sorteo y por lo tanto todos los aspirantes que formalizaron \u2026<\/p>\t\t<\/div>\r\n\t\t\t\t\t\t\t\r\n\t\t\t\t<\/div>\r\n\t\t\t<\/div>\r\n\t\t<\/div>\r\n\r\n\t\t\t\t<div class=\"premium-blog-post-outer-container\" data-total=\"1\">\r\n\t\t\t<div class=\"premium-blog-post-container premium-blog-skin-side\">\r\n\t\t\t\t\t\t\t\t\t\t\t\t<div class=\"premium-blog-content-wrapper empty-thumb\">\r\n\r\n\t\t\t\t\t<div class=\"premium-blog-inner-container\">\r\n\r\n\t\t\t\t\t\t\t\t\t\t\t\t\t<div class=\"premium-blog-cats-container\">\r\n\t\t\t\t\t\t\t\t<ul class=\"post-categories\">\r\n\t\t\t\t\t\t\t\t\t<li><a href=\"https:\/\/www.isef11.edu.ar\/?cat=6\" class=\"elementor-repeater-item-aba50a3\">Padrones<\/a><\/li>\t\t\t\t\t\t\t\t<\/ul>\r\n\t\t\t\t\t\t\t<\/div>\r\n\t\t\t\t\t\t\t\t\t\t\t\t\t\t<h2 class=\"premium-blog-entry-title\">\r\n\t\t\t<a href=\"https:\/\/www.isef11.edu.ar\/?p=879\" target=\"_blank\">\r\n\t\t\t\tPublicaci\u00f3n de Padrones Definitivos 2021\/2022\t\t\t<\/a>\r\n\t\t<\/h2>\r\n\t\t\t\t<div class=\"premium-blog-entry-meta\">\r\n\t\t\t\r\n\t\t\t\r\n\t\t\t\r\n\t\t\t\t\t<\/div>\r\n\t\t\r\n\t\t\t\t\t<\/div>\r\n\r\n\t\t\t\t\t\t\t<div class=\"premium-blog-content-inner-wrapper\">\r\n\t\t<p class=\"premium-blog-post-content\">Los padrones exhibidos, tienen car\u00e1cter de definitivo, y para consultas de todos los claustros.&nbsp; DOCENTES EPEF DOCENTES EPI DOCENTES DEC ALUMNOS EPEF \u2026<\/p>\t\t<\/div>\r\n\t\t\t\t\t\t\t\r\n\t\t\t\t<\/div>\r\n\t\t\t<\/div>\r\n\t\t<\/div>\r\n\r\n\t\t\t\t<div class=\"premium-blog-post-outer-container\" data-total=\"1\">\r\n\t\t\t<div class=\"premium-blog-post-container premium-blog-skin-side\">\r\n\t\t\t\t\t\t\t\t\t\t\t\t<div class=\"premium-blog-content-wrapper empty-thumb\">\r\n\r\n\t\t\t\t\t<div class=\"premium-blog-inner-container\">\r\n\r\n\t\t\t\t\t\t\t\t\t\t\t\t\t<div class=\"premium-blog-cats-container\">\r\n\t\t\t\t\t\t\t\t<ul class=\"post-categories\">\r\n\t\t\t\t\t\t\t\t\t<li><a href=\"https:\/\/www.isef11.edu.ar\/?cat=6\" class=\"elementor-repeater-item-aba50a3\">Padrones<\/a><\/li>\t\t\t\t\t\t\t\t<\/ul>\r\n\t\t\t\t\t\t\t<\/div>\r\n\t\t\t\t\t\t\t\t\t\t\t\t\t\t<h2 class=\"premium-blog-entry-title\">\r\n\t\t\t<a href=\"https:\/\/www.isef11.edu.ar\/?p=870\" target=\"_blank\">\r\n\t\t\t\tPublicaci\u00f3n de Padrones Provisorios 2021\/2022\t\t\t<\/a>\r\n\t\t<\/h2>\r\n\t\t\t\t<div class=\"premium-blog-entry-meta\">\r\n\t\t\t\r\n\t\t\t\r\n\t\t\t\r\n\t\t\t\t\t<\/div>\r\n\t\t\r\n\t\t\t\t\t<\/div>\r\n\r\n\t\t\t\t\t\t\t<div class=\"premium-blog-content-inner-wrapper\">\r\n\t\t<p class=\"premium-blog-post-content\">Los padrones exhibidos, tienen car\u00e1cter de provisorio, y para consultas de todos los claustros. Para recurrir alg\u00fan dato, error, u optar ciudadan\u00eda, \u2026<\/p>\t\t<\/div>\r\n\t\t\t\t\t\t\t\r\n\t\t\t\t<\/div>\r\n\t\t\t<\/div>\r\n\t\t<\/div>\r\n\r\n\t\t\t\t<div class=\"premium-blog-post-outer-container\" data-total=\"1\">\r\n\t\t\t<div class=\"premium-blog-post-container premium-blog-skin-side\">\r\n\t\t\t\t\t\t\t\t\t\t\t\t<div class=\"premium-blog-content-wrapper empty-thumb\">\r\n\r\n\t\t\t\t\t<div class=\"premium-blog-inner-container\">\r\n\r\n\t\t\t\t\t\t\t\t\t\t\t\t\t<div class=\"premium-blog-cats-container\">\r\n\t\t\t\t\t\t\t\t<ul class=\"post-categories\">\r\n\t\t\t\t\t\t\t\t\t<li><a href=\"https:\/\/www.isef11.edu.ar\/?cat=3\" class=\"elementor-repeater-item-aba50a3\">Mesas de ex\u00e1men<\/a><\/li>\t\t\t\t\t\t\t\t<\/ul>\r\n\t\t\t\t\t\t\t<\/div>\r\n\t\t\t\t\t\t\t\t\t\t\t\t\t\t<h2 class=\"premium-blog-entry-title\">\r\n\t\t\t<a href=\"https:\/\/www.isef11.edu.ar\/?p=527\" target=\"_blank\">\r\n\t\t\t\tMESAS DE EXAMEN FEB \/ MAR 2022 &#8211; T\u00c9CNICO SUPERIOR EN PERIODISMO DEPORTIVO\t\t\t<\/a>\r\n\t\t<\/h2>\r\n\t\t\t\t<div class=\"premium-blog-entry-meta\">\r\n\t\t\t\r\n\t\t\t\r\n\t\t\t\r\n\t\t\t\t\t<\/div>\r\n\t\t\r\n\t\t\t\t\t<\/div>\r\n\r\n\t\t\t\t\t\t\t<div class=\"premium-blog-content-inner-wrapper\">\r\n\t\t<p class=\"premium-blog-post-content\">1ER. LLAMADO PRIMER A\u00d1O MATERIA D\u00cdA HORA DOCENTES \u00a0 Exp Oral y Foniatr\u00eda 21\/02\/22 18:30 Sojo-Carazay-Pino \u00a0 Ingl\u00e9s I 21\/02\/22 20:30 Pino-Carazay-Marzetti \u2026<\/p>\t\t<\/div>\r\n\t\t\t\t\t\t\t\r\n\t\t\t\t<\/div>\r\n\t\t\t<\/div>\r\n\t\t<\/div>\r\n\r\n\t\t\t\t<div class=\"premium-blog-post-outer-container\" data-total=\"1\">\r\n\t\t\t<div class=\"premium-blog-post-container premium-blog-skin-side\">\r\n\t\t\t\t\t\t\t\t\t\t\t\t<div class=\"premium-blog-content-wrapper empty-thumb\">\r\n\r\n\t\t\t\t\t<div class=\"premium-blog-inner-container\">\r\n\r\n\t\t\t\t\t\t\t\t\t\t\t\t\t<div class=\"premium-blog-cats-container\">\r\n\t\t\t\t\t\t\t\t<ul class=\"post-categories\">\r\n\t\t\t\t\t\t\t\t\t<li><a href=\"https:\/\/www.isef11.edu.ar\/?cat=4\" class=\"elementor-repeater-item-aba50a3\">Inscripci\u00f3n<\/a><\/li>\t\t\t\t\t\t\t\t<\/ul>\r\n\t\t\t\t\t\t\t<\/div>\r\n\t\t\t\t\t\t\t\t\t\t\t\t\t\t<h2 class=\"premium-blog-entry-title\">\r\n\t\t\t<a href=\"https:\/\/www.isef11.edu.ar\/?p=145\" target=\"_blank\">\r\n\t\t\t\t\u201cCRONOGRAMA DE INSCRIPCI\u00d3N CICLO LECTIVO 2022\u201d\t\t\t<\/a>\r\n\t\t<\/h2>\r\n\t\t\t\t<div class=\"premium-blog-entry-meta\">\r\n\t\t\t\r\n\t\t\t\r\n\t\t\t\r\n\t\t\t\t\t<\/div>\r\n\t\t\r\n\t\t\t\t\t<\/div>\r\n\r\n\t\t\t\t\t\t\t<div class=\"premium-blog-content-inner-wrapper\">\r\n\t\t<p class=\"premium-blog-post-content\">\u201cSOLICITUDES DE CAMBIOS DE TURNOS Y DE DIVISI\u00d3N\u201d \u201cINSCRIPCI\u00d3N A 2DO, 3ER, Y 4TO A\u00d1O\u201d \u201cINSCRIPCI\u00d3N A RECURSANTES Y A\u00d1O ACADEMICO (SOLO \u2026<\/p>\t\t<\/div>\r\n\t\t\t\t\t\t\t\r\n\t\t\t\t<\/div>\r\n\t\t\t<\/div>\r\n\t\t<\/div>\r\n\r\n\t\t\t\t<div class=\"premium-blog-post-outer-container\" data-total=\"1\">\r\n\t\t\t<div class=\"premium-blog-post-container premium-blog-skin-side\">\r\n\t\t\t\t\t\t\t\t\t\t\t\t<div class=\"premium-blog-content-wrapper empty-thumb\">\r\n\r\n\t\t\t\t\t<div class=\"premium-blog-inner-container\">\r\n\r\n\t\t\t\t\t\t\t\t\t\t\t\t\t<div class=\"premium-blog-cats-container\">\r\n\t\t\t\t\t\t\t\t<ul class=\"post-categories\">\r\n\t\t\t\t\t\t\t\t\t<li><a href=\"https:\/\/www.isef11.edu.ar\/?cat=3\" class=\"elementor-repeater-item-aba50a3\">Mesas de ex\u00e1men<\/a><\/li>\t\t\t\t\t\t\t\t<\/ul>\r\n\t\t\t\t\t\t\t<\/div>\r\n\t\t\t\t\t\t\t\t\t\t\t\t\t\t<h2 class=\"premium-blog-entry-title\">\r\n\t\t\t<a href=\"https:\/\/www.isef11.edu.ar\/?p=142\" target=\"_blank\">\r\n\t\t\t\tEPI &#8211; Mesas de examen FEB \/ MAR 2022 &#8211; CURSO INST. F\u00daTBOL INFANTIL\t\t\t<\/a>\r\n\t\t<\/h2>\r\n\t\t\t\t<div class=\"premium-blog-entry-meta\">\r\n\t\t\t\r\n\t\t\t\r\n\t\t\t\r\n\t\t\t\t\t<\/div>\r\n\t\t\r\n\t\t\t\t\t<\/div>\r\n\r\n\t\t\t\t\t\t\t<div class=\"premium-blog-content-inner-wrapper\">\r\n\t\t<p class=\"premium-blog-post-content\">Mesas de examen FEBRERO \/ MARZO 2022\u00abCURSO&nbsp;DE INSTRUCTORES EN F\u00daTBOL INFANTIL PRIMER LLAMADO LUNES 21 DE FEBRERO DE 2022 HORA ASIGNATURA PROFESORES \u2026<\/p>\t\t<\/div>\r\n\t\t\t\t\t\t\t\r\n\t\t\t\t<\/div>\r\n\t\t\t<\/div>\r\n\t\t<\/div>\r\n\r\n\t\t\t\t<div class=\"premium-blog-post-outer-container\" data-total=\"1\">\r\n\t\t\t<div class=\"premium-blog-post-container premium-blog-skin-side\">\r\n\t\t\t\t\t\t\t\t\t\t\t\t<div class=\"premium-blog-content-wrapper empty-thumb\">\r\n\r\n\t\t\t\t\t<div class=\"premium-blog-inner-container\">\r\n\r\n\t\t\t\t\t\t\t\t\t\t\t\t\t<div class=\"premium-blog-cats-container\">\r\n\t\t\t\t\t\t\t\t<ul class=\"post-categories\">\r\n\t\t\t\t\t\t\t\t\t<li><a href=\"https:\/\/www.isef11.edu.ar\/?cat=3\" class=\"elementor-repeater-item-aba50a3\">Mesas de ex\u00e1men<\/a><\/li>\t\t\t\t\t\t\t\t<\/ul>\r\n\t\t\t\t\t\t\t<\/div>\r\n\t\t\t\t\t\t\t\t\t\t\t\t\t\t<h2 class=\"premium-blog-entry-title\">\r\n\t\t\t<a href=\"https:\/\/www.isef11.edu.ar\/?p=131\" target=\"_blank\">\r\n\t\t\t\tEPI &#8211; Mesas de ex\u00e1menes FEB \/ MAR 2022 &#8211; CURSO DIR. T\u00c9CNICOS DE F\u00daTBOL\t\t\t<\/a>\r\n\t\t<\/h2>\r\n\t\t\t\t<div class=\"premium-blog-entry-meta\">\r\n\t\t\t\r\n\t\t\t\r\n\t\t\t\r\n\t\t\t\t\t<\/div>\r\n\t\t\r\n\t\t\t\t\t<\/div>\r\n\r\n\t\t\t\t\t\t\t<div class=\"premium-blog-content-inner-wrapper\">\r\n\t\t<p class=\"premium-blog-post-content\">Mesas de ex\u00e1menes FEB \/ MAR 2022 &#8211; CURSO DIR. T\u00c9CNICOS DE F\u00daTBOL Mesas de examen FEBRERO \/ MARZO 2022 DIRECTORES T\u00c9CNICOS \u2026<\/p>\t\t<\/div>\r\n\t\t\t\t\t\t\t\r\n\t\t\t\t<\/div>\r\n\t\t\t<\/div>\r\n\t\t<\/div>\r\n\r\n\t\t\t\t<div class=\"premium-blog-post-outer-container\" data-total=\"1\">\r\n\t\t\t<div class=\"premium-blog-post-container premium-blog-skin-side\">\r\n\t\t\t\t\t\t\t\t\t\t\t\t<div class=\"premium-blog-content-wrapper empty-thumb\">\r\n\r\n\t\t\t\t\t<div class=\"premium-blog-inner-container\">\r\n\r\n\t\t\t\t\t\t\t\t\t\t\t\t\t<div class=\"premium-blog-cats-container\">\r\n\t\t\t\t\t\t\t\t<ul class=\"post-categories\">\r\n\t\t\t\t\t\t\t\t\t<li><a href=\"https:\/\/www.isef11.edu.ar\/?cat=3\" class=\"elementor-repeater-item-aba50a3\">Mesas de ex\u00e1men<\/a><\/li>\t\t\t\t\t\t\t\t<\/ul>\r\n\t\t\t\t\t\t\t<\/div>\r\n\t\t\t\t\t\t\t\t\t\t\t\t\t\t<h2 class=\"premium-blog-entry-title\">\r\n\t\t\t<a href=\"https:\/\/www.isef11.edu.ar\/?p=100\" target=\"_blank\">\r\n\t\t\t\tEPI &#8211; Mesas de ex\u00e1menes FEB \/ MAR 2022 &#8211; CURSO GUARDAVIDAS\t\t\t<\/a>\r\n\t\t<\/h2>\r\n\t\t\t\t<div class=\"premium-blog-entry-meta\">\r\n\t\t\t\r\n\t\t\t\r\n\t\t\t\r\n\t\t\t\t\t<\/div>\r\n\t\t\r\n\t\t\t\t\t<\/div>\r\n\r\n\t\t\t\t\t\t\t<div class=\"premium-blog-content-inner-wrapper\">\r\n\t\t<p class=\"premium-blog-post-content\">Mesas de examen FEBRERO \/ MARZO 2022 \u2013 \u201cCURSO GUARDAVIDAS\u201d SUJETO A CAMBIO SE DEBERA CUMPLIR PROTOCOLOS EXISTENTES&nbsp; ( 2 LLAMADOS 2022) \u2026<\/p>\t\t<\/div>\r\n\t\t\t\t\t\t\t\r\n\t\t\t\t<\/div>\r\n\t\t\t<\/div>\r\n\t\t<\/div>\r\n\r\n\t\t\t\t<\/div>\r\n\r\n\t\t\t\t\t\t<\/div>\n\t\t\t\t<\/div>\n\t\t\t\t\t<\/div>\n\t\t<\/div>\n\t\t\t\t\t<\/div>\n\t\t<\/section>\n\t\t\t\t<\/div>\n\t\t","protected":false},"excerpt":{"rendered":"<p>Ayuda Portal de alumnos Portal de alumnos Es una herramienta desarrollada por el \u00c1rea Inform\u00e1tica para brindarles a los alumnos el acceso a sus datos acad\u00e9micos \u2026 Ayuda Portal de [&hellip;]<\/p>\n","protected":false},"author":1,"featured_media":0,"parent":0,"menu_order":0,"comment_status":"closed","ping_status":"closed","template":"","meta":{"footnotes":""},"class_list":["post-14","page","type-page","status-publish","hentry"],"_links":{"self":[{"href":"https:\/\/www.isef11.edu.ar\/index.php?rest_route=\/wp\/v2\/pages\/14","targetHints":{"allow":["GET"]}}],"collection":[{"href":"https:\/\/www.isef11.edu.ar\/index.php?rest_route=\/wp\/v2\/pages"}],"about":[{"href":"https:\/\/www.isef11.edu.ar\/index.php?rest_route=\/wp\/v2\/types\/page"}],"author":[{"embeddable":true,"href":"https:\/\/www.isef11.edu.ar\/index.php?rest_route=\/wp\/v2\/users\/1"}],"replies":[{"embeddable":true,"href":"https:\/\/www.isef11.edu.ar\/index.php?rest_route=%2Fwp%2Fv2%2Fcomments&post=14"}],"version-history":[{"count":25,"href":"https:\/\/www.isef11.edu.ar\/index.php?rest_route=\/wp\/v2\/pages\/14\/revisions"}],"predecessor-version":[{"id":1430,"href":"https:\/\/www.isef11.edu.ar\/index.php?rest_route=\/wp\/v2\/pages\/14\/revisions\/1430"}],"wp:attachment":[{"href":"https:\/\/www.isef11.edu.ar\/index.php?rest_route=%2Fwp%2Fv2%2Fmedia&parent=14"}],"curies":[{"name":"wp","href":"https:\/\/api.w.org\/{rel}","templated":true}]}}