{"id":2069,"date":"2026-03-04T17:51:26","date_gmt":"2026-03-04T20:51:26","guid":{"rendered":"https:\/\/www.isef11.edu.ar\/?page_id=2069"},"modified":"2026-03-17T13:46:03","modified_gmt":"2026-03-17T16:46:03","slug":"inscripcion-adscripciones","status":"publish","type":"page","link":"https:\/\/www.isef11.edu.ar\/?page_id=2069","title":{"rendered":"Inscripcion Adscripciones"},"content":{"rendered":"\t\t<div data-elementor-type=\"wp-page\" data-elementor-id=\"2069\" class=\"elementor elementor-2069\">\n\t\t\t\t\t\t<section class=\"elementor-section elementor-top-section elementor-element elementor-element-b72452f elementor-section-full_width elementor-section-content-top elementor-section-stretched elementor-section-height-default elementor-section-height-default exad-glass-effect-no exad-sticky-section-no\" data-id=\"b72452f\" data-element_type=\"section\" data-settings=\"{&quot;stretch_section&quot;:&quot;section-stretched&quot;}\">\n\t\t\t\t\t\t<div class=\"elementor-container elementor-column-gap-default\">\n\t\t\t\t\t<div class=\"elementor-column elementor-col-100 elementor-top-column elementor-element elementor-element-c33a87b exad-glass-effect-no exad-sticky-section-no\" data-id=\"c33a87b\" data-element_type=\"column\">\n\t\t\t<div class=\"elementor-widget-wrap elementor-element-populated\">\n\t\t\t\t\t\t<section class=\"elementor-section elementor-inner-section elementor-element elementor-element-72bf0f0 elementor-section-boxed elementor-section-height-default elementor-section-height-default exad-glass-effect-no exad-sticky-section-no\" data-id=\"72bf0f0\" data-element_type=\"section\">\n\t\t\t\t\t\t<div class=\"elementor-container elementor-column-gap-default\">\n\t\t\t\t\t<div class=\"elementor-column elementor-col-50 elementor-inner-column elementor-element elementor-element-7360ad5 exad-glass-effect-no exad-sticky-section-no\" data-id=\"7360ad5\" data-element_type=\"column\">\n\t\t\t<div class=\"elementor-widget-wrap elementor-element-populated\">\n\t\t\t\t\t\t<div class=\"elementor-element elementor-element-2ac1538 exad-sticky-section-no exad-glass-effect-no elementor-widget elementor-widget-premium-image-scroll\" data-id=\"2ac1538\" data-element_type=\"widget\" data-widget_type=\"premium-image-scroll.default\">\n\t\t\t\t<div class=\"elementor-widget-container\">\n\t\t\t\t\t\t\t\t<div class=\"premium-image-scroll-section\" >\r\n\t\t\t\t<div class=\"premium-image-scroll-container\" data-settings=\"{&quot;trigger&quot;:&quot;hover&quot;,&quot;direction&quot;:&quot;horizontal&quot;,&quot;reverse&quot;:&quot;&quot;}\">\r\n\t\t\t\t\t\t\t\t\t\t<div class=\"premium-image-scroll-horizontal premium-image-scroll-mask-media\">\r\n\t\t\t\t\t\t<img decoding=\"async\" src=\"https:\/\/www.isef11.edu.ar\/wp-content\/uploads\/2022\/01\/pexels-startup-stock-photos-7102.jpg\" title=\"pexels-startup-stock-photos-7102\" alt=\"pexels-startup-stock-photos-7102\" loading=\"lazy\" \/>\t\t\t\t\t<\/div>\r\n\t\t\t\t<\/div>\r\n\t\t\t<\/div>\r\n\t\t\t\t\t\t<\/div>\n\t\t\t\t<\/div>\n\t\t\t\t\t<\/div>\n\t\t<\/div>\n\t\t\t\t<div class=\"elementor-column elementor-col-50 elementor-inner-column elementor-element elementor-element-d0894ea exad-glass-effect-no exad-sticky-section-no\" data-id=\"d0894ea\" data-element_type=\"column\">\n\t\t\t<div class=\"elementor-widget-wrap elementor-element-populated\">\n\t\t\t\t\t\t<div class=\"elementor-element elementor-element-3f3a067 premium-header-inline premium-lq__none premium-box-lq__none exad-sticky-section-no exad-glass-effect-no elementor-widget elementor-widget-premium-addon-dual-header\" data-id=\"3f3a067\" data-element_type=\"widget\" data-widget_type=\"premium-addon-dual-header.default\">\n\t\t\t\t<div class=\"elementor-widget-container\">\n\t\t\t\t\t\r\n\t\t\t\t\t<span class=\"premium-dual-header-first-header \"><span class=\"premium-dual-header-first-span\">Inscripci\u00f3n a Adscripciones <\/span><\/span> \t\t\r\n\t\t\t\t\t\t<\/div>\n\t\t\t\t<\/div>\n\t\t\t\t<div class=\"elementor-element elementor-element-67ce11f exad-sticky-section-no exad-glass-effect-no elementor-widget elementor-widget-text-editor\" data-id=\"67ce11f\" data-element_type=\"widget\" data-widget_type=\"text-editor.default\">\n\t\t\t\t<div class=\"elementor-widget-container\">\n\t\t\t\t\t\t\t\t\t<div><b>Inscripci\u00f3n a adscripciones\u00a0<\/b><\/div><div><b>\u00a0<\/b><\/div><div>La Escuela del Profesorado de Educaci\u00f3n F\u00edsica del ISEF N\u00b0 11 invita a docentes (sean o no egresados de esta instituci\u00f3n) a dar continuidad a su desarrollo profesional a trav\u00e9s de la inscripci\u00f3n a adscripciones en los espacios curriculares de la carrera seg\u00fan lo establece el Decreto 4199\/15 en las Unidades Curriculares para las cuales tienen competencia de T\u00edtulo.<\/div><div>\u00a0<\/div><div><b>Periodo de inscripci\u00f3n:\u00a0<\/b>del 6 al 20 de marzo inclusive.<\/div><div>\u00a0<\/div><div><b>Requisitos:<\/b><\/div><div>\u00a0<\/div><div>1) Completar el formulario online: <a href=\"https:\/\/docs.google.com\/forms\/d\/e\/1FAIpQLSfhZFnk2OutaHAEb3AwxYKtfOrT0Zu2OktZPdyRus13T7gzdA\/viewform?usp=sharing&amp;ouid=108664319022688436770\" target=\"_blank\" rel=\"noopener\">FORMULARIO<\/a><\/div><div>\u00a0<\/div><div>2) Entregar en formato papel la siguiente documentaci\u00f3n<\/div><div><ul><li>Formulario de inscripci\u00f3n a adscripciones 2026: <a href=\"https:\/\/docs.google.com\/document\/d\/1y352K0hrSBgKbPF3lQ5HyPga2ibT0Pqe\/edit?usp=sharing&amp;ouid=108664319022688436770&amp;rtpof=true&amp;sd=true\" target=\"_blank\" rel=\"noopener\">FORMULARIO<\/a><\/li><li>Fotocopia autenticada del t\u00edtulo.<\/li><li>Agregar si tiene antecedentes referidos al espacio curricular al que se inscribe (no excluyente)<\/li><\/ul><div>Toda la documentaci\u00f3n debe entregarse por\u00a0<b>MESA DE ENTRADA en los siguientes d\u00edas y horarios:<\/b><\/div><\/div><div><b>\u00a0<\/b><\/div><div><ul><li><b>De Lunes a viernes<\/b><\/li><li><b>De 9:00 a 11:00 Hs y de 14 a 17hs.<\/b><\/li><\/ul><\/div>\t\t\t\t\t\t\t\t<\/div>\n\t\t\t\t<\/div>\n\t\t\t\t\t<\/div>\n\t\t<\/div>\n\t\t\t\t\t<\/div>\n\t\t<\/section>\n\t\t\t\t\t<\/div>\n\t\t<\/div>\n\t\t\t\t\t<\/div>\n\t\t<\/section>\n\t\t\t\t<\/div>\n\t\t","protected":false},"excerpt":{"rendered":"<p>Inscripci\u00f3n a Adscripciones Inscripci\u00f3n a adscripciones\u00a0\u00a0La Escuela del Profesorado de Educaci\u00f3n F\u00edsica del ISEF N\u00b0 11 invita a docentes (sean o no egresados de esta instituci\u00f3n) a dar continuidad a [&hellip;]<\/p>\n","protected":false},"author":1,"featured_media":0,"parent":0,"menu_order":0,"comment_status":"closed","ping_status":"closed","template":"","meta":{"footnotes":""},"class_list":["post-2069","page","type-page","status-publish","hentry"],"_links":{"self":[{"href":"https:\/\/www.isef11.edu.ar\/index.php?rest_route=\/wp\/v2\/pages\/2069","targetHints":{"allow":["GET"]}}],"collection":[{"href":"https:\/\/www.isef11.edu.ar\/index.php?rest_route=\/wp\/v2\/pages"}],"about":[{"href":"https:\/\/www.isef11.edu.ar\/index.php?rest_route=\/wp\/v2\/types\/page"}],"author":[{"embeddable":true,"href":"https:\/\/www.isef11.edu.ar\/index.php?rest_route=\/wp\/v2\/users\/1"}],"replies":[{"embeddable":true,"href":"https:\/\/www.isef11.edu.ar\/index.php?rest_route=%2Fwp%2Fv2%2Fcomments&post=2069"}],"version-history":[{"count":13,"href":"https:\/\/www.isef11.edu.ar\/index.php?rest_route=\/wp\/v2\/pages\/2069\/revisions"}],"predecessor-version":[{"id":2088,"href":"https:\/\/www.isef11.edu.ar\/index.php?rest_route=\/wp\/v2\/pages\/2069\/revisions\/2088"}],"wp:attachment":[{"href":"https:\/\/www.isef11.edu.ar\/index.php?rest_route=%2Fwp%2Fv2%2Fmedia&parent=2069"}],"curies":[{"name":"wp","href":"https:\/\/api.w.org\/{rel}","templated":true}]}}