{"id":2091,"date":"2026-04-08T16:56:27","date_gmt":"2026-04-08T19:56:27","guid":{"rendered":"https:\/\/www.isef11.edu.ar\/?page_id=2091"},"modified":"2026-04-08T17:42:07","modified_gmt":"2026-04-08T20:42:07","slug":"epef-mesas-examinadoras-especiales-2026","status":"publish","type":"page","link":"https:\/\/www.isef11.edu.ar\/?page_id=2091","title":{"rendered":"EPEF &#8211; Mesas Examinadoras Especiales 2026"},"content":{"rendered":"\t\t<div data-elementor-type=\"wp-page\" data-elementor-id=\"2091\" class=\"elementor elementor-2091\">\n\t\t\t\t\t\t<section class=\"elementor-section elementor-top-section elementor-element elementor-element-c969b95 elementor-section-boxed elementor-section-height-default elementor-section-height-default exad-glass-effect-no exad-sticky-section-no\" data-id=\"c969b95\" data-element_type=\"section\">\n\t\t\t\t\t\t<div class=\"elementor-container elementor-column-gap-default\">\n\t\t\t\t\t<div class=\"elementor-column elementor-col-100 elementor-top-column elementor-element elementor-element-7d1b087 exad-glass-effect-no exad-sticky-section-no\" data-id=\"7d1b087\" data-element_type=\"column\">\n\t\t\t<div class=\"elementor-widget-wrap elementor-element-populated\">\n\t\t\t\t\t\t<div class=\"elementor-element elementor-element-848017b exad-sticky-section-no exad-glass-effect-no elementor-widget elementor-widget-text-editor\" data-id=\"848017b\" data-element_type=\"widget\" data-widget_type=\"text-editor.default\">\n\t\t\t\t<div class=\"elementor-widget-container\">\n\t\t\t\t\t\t\t\t\t<h2>Inscripci\u00f3n a Mesas Examinadoras Especiales<\/h2><p>La Escuela del Profesorado de Educaci\u00f3n F\u00edsica del ISEF N\u00b0 11 informa a la comunidad estudiantil las fechas y procedimientos para la solicitud de Mesas Examinadoras Especiales.<\/p><hr \/><h3>Cronograma<\/h3><p><strong>Inscripci\u00f3n:<\/strong>\u00a0del 9 al 15 de abril.<\/p><p><strong>Publicaci\u00f3n de fechas y horarios de mesas:<\/strong>\u00a0del 16 al 19 de abril.<\/p><p><strong>Sustanciaci\u00f3n de mesas examinadoras especiales:<\/strong>\u00a0del 20 al 24 de abril.<\/p><hr \/><h3>Procedimiento de inscripci\u00f3n<\/h3><p>Para solicitar una Mesa Examinadora Especial, el\/la estudiante deber\u00e1:<\/p><ul><li>Entregar por Mesa de Entradas esta\u00a0<strong><span style=\"color: #0000ff;\"><a style=\"color: #0000ff;\" href=\"http:\/\/www.isef11.edu.ar\/wp-content\/uploads\/2026\/04\/FMesaEspecial.pdf\" target=\"_blank\" rel=\"noopener\">Solicitud<\/a><\/span>.<\/strong><\/li><li>Ademas completar el siguiente\u00a0<span style=\"color: #0000ff;\"> <strong><a style=\"color: #0000ff;\" href=\"https:\/\/docs.google.com\/forms\/d\/e\/1FAIpQLSdvn7xB3ZG0mTTo1_NP4o9TGBLY0uwmjSvFObAuL1V-DzwRQw\/viewform?usp=publish-editor\" target=\"_blank\" rel=\"noopener\">Formulario Online.<\/a><\/strong><\/span><\/li><\/ul><div>Los horarios de Mesa de Entradas son:<\/div><div>\u00a0<\/div><div><ul><li>De 8:30 a 12:00<\/li><li>De 13:00 a 19:00<\/li><\/ul><\/div><hr \/><h3>Marco normativo<\/h3><p>Las mesas examinadoras especiales se llevar\u00e1n a cabo de acuerdo con las solicitudes aprobadas, conforme a lo establecido en el Decreto N\u00b0 4199\/15 (RAM), Cap\u00edtulo III, Art\u00edculo 40.<\/p><hr \/><h3>Mesa especial de examen ante tribunal<\/h3><p>Todo\/a estudiante tendr\u00e1 derecho a solicitar Mesa Examinadora Especial en los siguientes casos:<\/p><p>a) Cuando adeude hasta dos (2) materias del \u00faltimo a\u00f1o de la carrera para finalizar sus estudios.<\/p><p>b) Cuando, por razones de enfermedad, causa grave de \u00edndole familiar, laboral u otros motivos debidamente justificados y fehacientemente comprobados en tiempo y forma, no pudiera presentarse a rendir examen en la fecha y horario estipulados, hasta un m\u00e1ximo de tres (3) veces a lo largo de su carrera.<\/p><p>c) Cuando se produzca la caducidad del plan de estudios con el cual curs\u00f3. En este caso, la solicitud deber\u00e1 presentarse mediante nota personal con una antelaci\u00f3n m\u00ednima de quince (15) d\u00edas.<\/p><p>d) Cuando adeude hasta dos (2) unidades curriculares correlativas requeridas para cursar los Talleres de Docencia y\/o Pr\u00e1cticas Profesionalizantes.<\/p><hr \/><h3>Consideraciones finales<\/h3><p>Las solicitudes ser\u00e1n evaluadas conforme a la normativa vigente y aprobadas por consejo acad\u00e9mico.<\/p>\t\t\t\t\t\t\t\t<\/div>\n\t\t\t\t<\/div>\n\t\t\t\t\t<\/div>\n\t\t<\/div>\n\t\t\t\t\t<\/div>\n\t\t<\/section>\n\t\t\t\t<\/div>\n\t\t","protected":false},"excerpt":{"rendered":"<p>Inscripci\u00f3n a Mesas Examinadoras Especiales La Escuela del Profesorado de Educaci\u00f3n F\u00edsica del ISEF N\u00b0 11 informa a la comunidad estudiantil las fechas y procedimientos para la solicitud de Mesas [&hellip;]<\/p>\n","protected":false},"author":1,"featured_media":0,"parent":0,"menu_order":0,"comment_status":"closed","ping_status":"closed","template":"","meta":{"footnotes":""},"class_list":["post-2091","page","type-page","status-publish","hentry"],"_links":{"self":[{"href":"https:\/\/www.isef11.edu.ar\/index.php?rest_route=\/wp\/v2\/pages\/2091","targetHints":{"allow":["GET"]}}],"collection":[{"href":"https:\/\/www.isef11.edu.ar\/index.php?rest_route=\/wp\/v2\/pages"}],"about":[{"href":"https:\/\/www.isef11.edu.ar\/index.php?rest_route=\/wp\/v2\/types\/page"}],"author":[{"embeddable":true,"href":"https:\/\/www.isef11.edu.ar\/index.php?rest_route=\/wp\/v2\/users\/1"}],"replies":[{"embeddable":true,"href":"https:\/\/www.isef11.edu.ar\/index.php?rest_route=%2Fwp%2Fv2%2Fcomments&post=2091"}],"version-history":[{"count":7,"href":"https:\/\/www.isef11.edu.ar\/index.php?rest_route=\/wp\/v2\/pages\/2091\/revisions"}],"predecessor-version":[{"id":2102,"href":"https:\/\/www.isef11.edu.ar\/index.php?rest_route=\/wp\/v2\/pages\/2091\/revisions\/2102"}],"wp:attachment":[{"href":"https:\/\/www.isef11.edu.ar\/index.php?rest_route=%2Fwp%2Fv2%2Fmedia&parent=2091"}],"curies":[{"name":"wp","href":"https:\/\/api.w.org\/{rel}","templated":true}]}}