{"id":593,"date":"2022-01-24T20:05:05","date_gmt":"2022-01-24T20:05:05","guid":{"rendered":"http:\/\/www.isef11.edu.ar\/?page_id=593"},"modified":"2022-07-26T18:45:44","modified_gmt":"2022-07-26T18:45:44","slug":"historia","status":"publish","type":"page","link":"https:\/\/www.isef11.edu.ar\/?page_id=593","title":{"rendered":"Historia"},"content":{"rendered":"\t\t<div data-elementor-type=\"wp-page\" data-elementor-id=\"593\" class=\"elementor elementor-593\">\n\t\t\t\t\t\t<section class=\"elementor-section elementor-top-section elementor-element elementor-element-3e6aae5a elementor-section-content-middle elementor-section-boxed elementor-section-height-default elementor-section-height-default exad-glass-effect-no exad-sticky-section-no\" data-id=\"3e6aae5a\" data-element_type=\"section\" data-settings=\"{&quot;background_background&quot;:&quot;classic&quot;}\">\n\t\t\t\t\t\t\t<div class=\"elementor-background-overlay\"><\/div>\n\t\t\t\t\t\t\t<div class=\"elementor-container elementor-column-gap-no\">\n\t\t\t\t\t<div class=\"elementor-column elementor-col-100 elementor-top-column elementor-element elementor-element-2b2cbb64 exad-glass-effect-no exad-sticky-section-no\" data-id=\"2b2cbb64\" data-element_type=\"column\" data-settings=\"{&quot;background_background&quot;:&quot;classic&quot;}\">\n\t\t\t<div class=\"elementor-widget-wrap elementor-element-populated\">\n\t\t\t\t\t\t<div class=\"elementor-element elementor-element-7f2c8cd7 elementor-view-default elementor-position-top elementor-mobile-position-top exad-sticky-section-no exad-glass-effect-no elementor-widget elementor-widget-icon-box\" data-id=\"7f2c8cd7\" data-element_type=\"widget\" data-widget_type=\"icon-box.default\">\n\t\t\t\t<div class=\"elementor-widget-container\">\n\t\t\t\t\t\t\t<div class=\"elementor-icon-box-wrapper\">\n\n\t\t\t\t\t\t<div class=\"elementor-icon-box-icon\">\n\t\t\t\t<span  class=\"elementor-icon\">\n\t\t\t\t<i aria-hidden=\"true\" class=\"remixicon ri-bookmark-3-fill\"><\/i>\t\t\t\t<\/span>\n\t\t\t<\/div>\n\t\t\t\n\t\t\t\t\t\t<div class=\"elementor-icon-box-content\">\n\n\t\t\t\t\n\t\t\t\t\t\t\t\t\t<p class=\"elementor-icon-box-description\">\n\t\t\t\t\t\tLa Instituci\u00f3n\t\t\t\t\t<\/p>\n\t\t\t\t\n\t\t\t<\/div>\n\t\t\t\n\t\t<\/div>\n\t\t\t\t\t\t<\/div>\n\t\t\t\t<\/div>\n\t\t\t\t<div class=\"elementor-element elementor-element-1df902de exad-sticky-section-no exad-glass-effect-no elementor-widget elementor-widget-text-editor\" data-id=\"1df902de\" data-element_type=\"widget\" data-widget_type=\"text-editor.default\">\n\t\t\t\t<div class=\"elementor-widget-container\">\n\t\t\t\t\t\t\t\t\t<p>El Instituto Superior de Educaci\u00f3n F\u00edsica N\u00ba 11 \u201cAbanderado Mariano Grandoli\u201d, es una Instituci\u00f3n Educativa de Nivel Superior, de Gesti\u00f3n P\u00fablica &#8211; Oficial.<br \/>Nace en la Ciudad de Rosario en noviembre de 1944, encontr\u00e1ndose hoy pronto a cumplir sus primeros 70 a\u00f1os de intensa labor educativa al Servicio de la Comunidad.<br \/>Esta Casa de Estudios, la m\u00e1s grande y antigua de la Provincia, en su calidad de Instituto Superior de Formaci\u00f3n Docente en la Especialidad de Educaci\u00f3n\u00a0 F\u00edsica, es a su vez en su g\u00e9nero uno de los Establecimientos Educativos m\u00e1s grandes e importantes del Pa\u00eds y Sudam\u00e9rica, con Acciones y Programas que lo ubican a la vanguardia de los Institutos de Formaci\u00f3n Docente.<br \/>Posee una Org\u00e1nica de tipo universitario, con un Sistema de Co-Gobierno que se formaliza a trav\u00e9s de Consejos Acad\u00e9micos y de un Consejo Superior, con la participaci\u00f3n democr\u00e1tica de todos sus Claustros: Docentes, Estudiantes, Graduados, Administrativos y de Servicio.<br \/>El I.S.E.F. N\u00ba 11 es una Instituci\u00f3n Educativa que cumple con las Disposiciones vigentes en materia de Educaci\u00f3n Superior, pues abarca los Campos de Docencia, Capacitaci\u00f3n y Perfeccionamiento en Servicio, Investigaci\u00f3n y Extensi\u00f3n a la Comunidad.<\/p>\t\t\t\t\t\t\t\t<\/div>\n\t\t\t\t<\/div>\n\t\t\t\t\t<\/div>\n\t\t<\/div>\n\t\t\t\t\t<\/div>\n\t\t<\/section>\n\t\t\t\t<\/div>\n\t\t","protected":false},"excerpt":{"rendered":"<p>La Instituci\u00f3n El Instituto Superior de Educaci\u00f3n F\u00edsica N\u00ba 11 \u201cAbanderado Mariano Grandoli\u201d, es una Instituci\u00f3n Educativa de Nivel Superior, de Gesti\u00f3n P\u00fablica &#8211; Oficial.Nace en la Ciudad de Rosario [&hellip;]<\/p>\n","protected":false},"author":1,"featured_media":0,"parent":0,"menu_order":0,"comment_status":"closed","ping_status":"closed","template":"elementor_header_footer","meta":{"footnotes":""},"class_list":["post-593","page","type-page","status-publish","hentry"],"_links":{"self":[{"href":"https:\/\/www.isef11.edu.ar\/index.php?rest_route=\/wp\/v2\/pages\/593","targetHints":{"allow":["GET"]}}],"collection":[{"href":"https:\/\/www.isef11.edu.ar\/index.php?rest_route=\/wp\/v2\/pages"}],"about":[{"href":"https:\/\/www.isef11.edu.ar\/index.php?rest_route=\/wp\/v2\/types\/page"}],"author":[{"embeddable":true,"href":"https:\/\/www.isef11.edu.ar\/index.php?rest_route=\/wp\/v2\/users\/1"}],"replies":[{"embeddable":true,"href":"https:\/\/www.isef11.edu.ar\/index.php?rest_route=%2Fwp%2Fv2%2Fcomments&post=593"}],"version-history":[{"count":7,"href":"https:\/\/www.isef11.edu.ar\/index.php?rest_route=\/wp\/v2\/pages\/593\/revisions"}],"predecessor-version":[{"id":1491,"href":"https:\/\/www.isef11.edu.ar\/index.php?rest_route=\/wp\/v2\/pages\/593\/revisions\/1491"}],"wp:attachment":[{"href":"https:\/\/www.isef11.edu.ar\/index.php?rest_route=%2Fwp%2Fv2%2Fmedia&parent=593"}],"curies":[{"name":"wp","href":"https:\/\/api.w.org\/{rel}","templated":true}]}}