{"id":594,"date":"2022-01-24T20:05:05","date_gmt":"2022-01-24T20:05:05","guid":{"rendered":"http:\/\/www.isef11.edu.ar\/?page_id=594"},"modified":"2022-07-26T18:54:36","modified_gmt":"2022-07-26T18:54:36","slug":"cooperadora","status":"publish","type":"page","link":"https:\/\/www.isef11.edu.ar\/?page_id=594","title":{"rendered":"Cooperadora"},"content":{"rendered":"\t\t<div data-elementor-type=\"wp-page\" data-elementor-id=\"594\" class=\"elementor elementor-594\">\n\t\t\t\t\t\t<section class=\"elementor-section elementor-top-section elementor-element elementor-element-10cb9e00 elementor-section-boxed elementor-section-height-default elementor-section-height-default exad-glass-effect-no exad-sticky-section-no\" data-id=\"10cb9e00\" data-element_type=\"section\">\n\t\t\t\t\t\t<div class=\"elementor-container elementor-column-gap-default\">\n\t\t\t\t\t<div class=\"elementor-column elementor-col-100 elementor-top-column elementor-element elementor-element-2b198b50 exad-glass-effect-no exad-sticky-section-no\" data-id=\"2b198b50\" data-element_type=\"column\">\n\t\t\t<div class=\"elementor-widget-wrap elementor-element-populated\">\n\t\t\t\t\t\t<div class=\"elementor-element elementor-element-14ed68d exad-sticky-section-no exad-glass-effect-no elementor-widget elementor-widget-text-editor\" data-id=\"14ed68d\" data-element_type=\"widget\" data-widget_type=\"text-editor.default\">\n\t\t\t\t<div class=\"elementor-widget-container\">\n\t\t\t\t\t\t\t\t\t<p><\/p>\n<p><b>Horario de Atenci\u00f3n:<\/b><\/p>\n<p><\/p>\n<p><\/p>\n<p>Lunes a Viernes 9 a 15 hs y de 17 a 22hs\u00a0<\/p>\n<p><\/p>\n<p><\/p>\n<p><strong>Contacto:<\/strong><\/p>\n<p><\/p>\n<p><\/p>\n<p>Tel: (341) 4755502 Int: 1015 &#8211; (341) 4321707<\/p>\n<p><\/p>\n<p><\/p>\n<p>Correo: cooperadora<a href=\"mailto:mesadeentradas@isef11.com.ar\">@isef11.com.ar<\/a><\/p>\n<p><\/p>\n<p><\/p>\n<h6 class=\"wp-block-heading\"><strong>Integrantes:<\/strong><\/h6>\n<p><\/p>\n<p><\/p>\n<ul>\n<li>Tomas Moldes<\/li>\n<li>Nadin Diangelo<\/li>\n<\/ul>\n<p>\u00a0<\/p>\n<p><\/p>\n<p><\/p>\n<p><\/p>\n<p><\/p>\n<p><\/p>\n<p><\/p>\n<p><a href=\"http:\/\/www.isef11.com.ar\/cooperadora\/Cumple%20Isef.pdf\/view\">Carta abierta Director General I.S.E.F. 11 LIC. ANGEL CORVALAN<\/a>\u00a0<\/p>\n<p><\/p>\n<p><\/p>\n<p>Saludo a la comunidad educativa por 70 aniversario de la creaci\u00f3n de \u00abInstituto\u00bb<\/p>\n<p><\/p>\n<p><\/p>\n<p><a href=\"http:\/\/www.isef11.com.ar\/sitio\/images\/isef11\/documentos\/administracion\/cooperadora\/CumpleIsef.pdf\" target=\"_blank\" rel=\"noreferrer noopener\">Descargar<\/a><\/p>\n<p><\/p>\n<p><\/p>\n<h1 class=\"wp-block-heading\">\u00a0<\/h1>\n<p><\/p>\n<p><\/p>\n<p><strong>PERSONERIA JURIDICA COOPERADORA ISEF 11<\/strong><\/p>\n<p><\/p>\n<p><\/p>\n<p>GESTION 2014-15 LOGRO DE LA ACTUAL COMISION DIRECTIVA (POR PRIMERA VEZ EN LOS 70 A\u00d1OS INSTITUCIONALES) BALANCE CERTIFICADO POR COLEGIO PROFESIONAL CIENCIAS ECON\u00d3MICAS.<\/p>\n<p><\/p>\n<p><\/p>\n<p><a href=\"http:\/\/www.isef11.com.ar\/sitio\/images\/isef11\/documentos\/administracion\/cooperadora\/Perscur.pdf\" target=\"_blank\" rel=\"noreferrer noopener\">Descargar<\/a><\/p>\n<p><a href=\"http:\/\/www.isef11.com.ar\/sitio\/images\/isef11\/documentos\/administracion\/cooperadora\/Perscur.pdf\" target=\"_blank\" rel=\"noreferrer noopener\">\u00a0<\/a><\/p>\n<p><\/p>\n<p><\/p>\n<p><strong>ACCIONES COOPERADORA 2011 Y 2012<\/strong><\/p>\n<p><\/p>\n<p><\/p>\n<p>Haci\u00e9ndose cargo de cuestiones inherentes al estado convencidos del lugar que ocupa la Educaci\u00f3n P\u00fablica y afrontando cuestiones edilicias de un a\u00f1ejo edificio la Asociaci\u00f3n Cooperadora del I.S.E.F. 11 ejecuto las obras que a continuaci\u00f3n se detallan:<\/p>\n<p><\/p>\n<p><\/p>\n<p><a href=\"http:\/\/www.isef11.com.ar\/sitio\/images\/isef11\/documentos\/administracion\/cooperadora\/coop2011.pdf\" target=\"_blank\" rel=\"noreferrer noopener\">Descargar<\/a><\/p>\n<p>\u00a0<\/p>\n<p><\/p>\n<p><\/p>\n<p><strong>ACCIONES COOPERADORA 2013-2014<\/strong><\/p>\n<p><\/p>\n<p><\/p>\n<p><a href=\"http:\/\/www.isef11.com.ar\/sitio\/images\/isef11\/documentos\/administracion\/cooperadora\/ACCIONESDELACOOPERADORA.pdf\" target=\"_blank\" rel=\"noreferrer noopener\">Descargar<\/a><\/p>\n<p>\u00a0<\/p>\n<p><\/p>\n<p><\/p>\n<p><strong>MEMORIA 2013-2014<\/strong><\/p>\n<p><\/p>\n<p><\/p>\n<p>An\u00e1lisis de la memoria y balance ejecutado en el ejercicio, con balance certificado por Colegio Profesional Ciencias Econ\u00f3micas de Rosario.<\/p>\n<p><\/p>\n<p><\/p>\n<h3 class=\"wp-block-heading\">Balance General 2020<\/h3>\n<p><\/p>\n<p><\/p>\n<p><a href=\"http:\/\/www.isef11.com.ar\/sitio\/images\/isef11\/cooperadora\/Balance2020.pdf\" target=\"_blank\" rel=\"noreferrer noopener\">Descargar<\/a><\/p>\n<p><\/p>\n<p><\/p>\n<h3 class=\"wp-block-heading\">Balance General 2021<\/h3>\n<p><\/p>\n<p><\/p>\n<p><a href=\"http:\/\/www.isef11.com.ar\/sitio\/images\/isef11\/cooperadora\/Balance2021.pdf\" target=\"_blank\" rel=\"noreferrer noopener\">Descargar<\/a><\/p>\n<p><\/p>\t\t\t\t\t\t\t\t<\/div>\n\t\t\t\t<\/div>\n\t\t\t\t\t<\/div>\n\t\t<\/div>\n\t\t\t\t\t<\/div>\n\t\t<\/section>\n\t\t\t\t<\/div>\n\t\t","protected":false},"excerpt":{"rendered":"<p>Horario de Atenci\u00f3n: Lunes a Viernes 9 a 15 hs y de 17 a 22hs\u00a0 Contacto: Tel: (341) 4755502 Int: 1015 &#8211; (341) 4321707 Correo: cooperadora@isef11.com.ar Integrantes: Tomas Moldes Nadin [&hellip;]<\/p>\n","protected":false},"author":1,"featured_media":0,"parent":0,"menu_order":0,"comment_status":"closed","ping_status":"closed","template":"elementor_header_footer","meta":{"footnotes":""},"class_list":["post-594","page","type-page","status-publish","hentry"],"_links":{"self":[{"href":"https:\/\/www.isef11.edu.ar\/index.php?rest_route=\/wp\/v2\/pages\/594","targetHints":{"allow":["GET"]}}],"collection":[{"href":"https:\/\/www.isef11.edu.ar\/index.php?rest_route=\/wp\/v2\/pages"}],"about":[{"href":"https:\/\/www.isef11.edu.ar\/index.php?rest_route=\/wp\/v2\/types\/page"}],"author":[{"embeddable":true,"href":"https:\/\/www.isef11.edu.ar\/index.php?rest_route=\/wp\/v2\/users\/1"}],"replies":[{"embeddable":true,"href":"https:\/\/www.isef11.edu.ar\/index.php?rest_route=%2Fwp%2Fv2%2Fcomments&post=594"}],"version-history":[{"count":19,"href":"https:\/\/www.isef11.edu.ar\/index.php?rest_route=\/wp\/v2\/pages\/594\/revisions"}],"predecessor-version":[{"id":1497,"href":"https:\/\/www.isef11.edu.ar\/index.php?rest_route=\/wp\/v2\/pages\/594\/revisions\/1497"}],"wp:attachment":[{"href":"https:\/\/www.isef11.edu.ar\/index.php?rest_route=%2Fwp%2Fv2%2Fmedia&parent=594"}],"curies":[{"name":"wp","href":"https:\/\/api.w.org\/{rel}","templated":true}]}}