{"id":595,"date":"2022-01-24T20:05:05","date_gmt":"2022-01-24T20:05:05","guid":{"rendered":"http:\/\/www.isef11.edu.ar\/?page_id=595"},"modified":"2022-07-26T18:49:36","modified_gmt":"2022-07-26T18:49:36","slug":"secretarias-2","status":"publish","type":"page","link":"https:\/\/www.isef11.edu.ar\/?page_id=595","title":{"rendered":"Secretar\u00edas"},"content":{"rendered":"\t\t<div data-elementor-type=\"wp-page\" data-elementor-id=\"595\" class=\"elementor elementor-595\">\n\t\t\t\t\t\t<section class=\"elementor-section elementor-top-section elementor-element elementor-element-249e5ba3 elementor-section-boxed elementor-section-height-default elementor-section-height-default exad-glass-effect-no exad-sticky-section-no\" data-id=\"249e5ba3\" data-element_type=\"section\">\n\t\t\t\t\t\t<div class=\"elementor-container elementor-column-gap-default\">\n\t\t\t\t\t<div class=\"elementor-column elementor-col-100 elementor-top-column elementor-element elementor-element-34c6c979 exad-glass-effect-no exad-sticky-section-no\" data-id=\"34c6c979\" data-element_type=\"column\">\n\t\t\t<div class=\"elementor-widget-wrap elementor-element-populated\">\n\t\t\t\t\t\t<div class=\"elementor-element elementor-element-409caa26 exad-sticky-section-no exad-glass-effect-no elementor-widget elementor-widget-text-editor\" data-id=\"409caa26\" data-element_type=\"widget\" data-widget_type=\"text-editor.default\">\n\t\t\t\t<div class=\"elementor-widget-container\">\n\t\t\t\t\t\t\t\t\t<p><\/p>\n<p><strong>SECRETAR\u00cdA DE BIENESTAR ESTUDIANTIL I.S.E.F. N\u00ba11<\/strong><\/p>\n<p><\/p>\n<p>Esta Secretar\u00eda fue creada por la resoluci\u00f3n N\u00ba 928 del 1ero. de setiembre de 1998, que entre sus considerandos dice: \u201c\u2026 que se deben abrir mas espacios para recepcionar y procesar las necesidades, inquietudes y demandas del estudiantado y crear canales de comunicaci\u00f3n por los cuales hacer transitar la informaci\u00f3n entre la Direcci\u00f3n General y los alumnos de las distintas Escuelas y Departamentos\u201d.<\/p>\n<p>En su art\u00edculo 2 \u201c\u2026 se le encomienda a la Secretar\u00eda la misi\u00f3n de interrelacionarse con los alumnos, los otros claustros y\/u otros organismos intra e interinstitucionales con el fin de asesorar y proponer acciones que conlleven a procurar la contenci\u00f3n del alumno facilitando su inserci\u00f3n en la Instituci\u00f3n y brindarle un marco \u00f3ptimo para el desarrollo de sus tareas\u201d.<\/p>\n<p>Esta Secretar\u00eda se ocupa de actividades previstas por calendario institucional, todas ellas realizadas junto a los estudiantes. Tambi\u00e9n genera otras que apunten al beneficio fundamentalmente de la formaci\u00f3n de los alumnos.<br>Las mismas son (en orden cronol\u00f3gico):<\/p>\n<p>\u2022 Participaci\u00f3n en la organizaci\u00f3n y desarrollo de las jornadas proped\u00e9uticas a comienzo del ciclo lectivo para ingresantes en la carrera del profesorado de Educaci\u00f3n F\u00edsica.<\/p>\n<p><\/p>\n<p>\u2022 Coordinaci\u00f3n de la designaci\u00f3n de los alumnos becados que se ocupar\u00e1n de la utiler\u00eda.<\/p>\n<p><\/p>\n<p>\u2022 Propuesta a los terceros a\u00f1os para los actos conmemorativos.<\/p>\n<p><\/p>\n<p>\u2022 Organizaci\u00f3n y diagramaci\u00f3n de la presentaci\u00f3n del I.S.E.F. en la Expo- carreras.<\/p>\n<p><\/p>\n<p>\u2022 Organizaci\u00f3n y participaci\u00f3n en la jornada \u201cd\u00eda del Estudiante\u201d.<\/p>\n<p><\/p>\n<p>\u2022 Organizaci\u00f3n y realizaci\u00f3n de los talleres de presentaci\u00f3n de los E.C.O. para alumnos de 3er. A\u00f1o.<\/p>\n<p><\/p>\n<p>\u2022 Diagramaci\u00f3n de la propuesta de los 3eros. A\u00f1os para la elecci\u00f3n de abanderados y escoltas.<\/p>\n<p><\/p>\n<p>\u2022 Orientaci\u00f3n permanente a todo aquel estudiante que la requiera, acerca de las peticiones, sugerencias o inquietudes ante las diferentes Direcciones y los Consejos Acad\u00e9mico y Superior.<\/p>\n<p><\/p>\n<p>\u2022 Inscripci\u00f3n y asignaci\u00f3n de los estudiantes interesados a las diferentes becas y&nbsp;medias becas de capacitaci\u00f3n que se ofrecen.&nbsp;<\/p>\n<p><\/p>\n<p>La metodolog\u00eda de funcionamiento conjunto con los estudiantes se realiza a trav\u00e9s de un cronograma de reuniones peri\u00f3dicas con el Cuerpo de delegados del I.S.E.F.<\/p>\n<p>La mec\u00e1nica de trabajo determina el tratamiento en esas reuniones de temarios puntuales, como el dise\u00f1o del uniforme, la organizaci\u00f3n de la participaci\u00f3n de los alumnos en las actividades del calendario, la organizaci\u00f3n de las pe\u00f1as y toda la<br>informaci\u00f3n sobre fechas importantes, dictado de cursos de capacitaci\u00f3n y toda otra que sea de inter\u00e9s particular de los estudiantes.<\/p>\n<p><\/p>\t\t\t\t\t\t\t\t<\/div>\n\t\t\t\t<\/div>\n\t\t\t\t\t<\/div>\n\t\t<\/div>\n\t\t\t\t\t<\/div>\n\t\t<\/section>\n\t\t\t\t<\/div>\n\t\t","protected":false},"excerpt":{"rendered":"<p>SECRETAR\u00cdA DE BIENESTAR ESTUDIANTIL I.S.E.F. N\u00ba11 Esta Secretar\u00eda fue creada por la resoluci\u00f3n N\u00ba 928 del 1ero. de setiembre de 1998, que entre sus considerandos dice: \u201c\u2026 que se deben [&hellip;]<\/p>\n","protected":false},"author":1,"featured_media":0,"parent":0,"menu_order":0,"comment_status":"closed","ping_status":"closed","template":"elementor_header_footer","meta":{"footnotes":""},"class_list":["post-595","page","type-page","status-publish","hentry"],"_links":{"self":[{"href":"https:\/\/www.isef11.edu.ar\/index.php?rest_route=\/wp\/v2\/pages\/595","targetHints":{"allow":["GET"]}}],"collection":[{"href":"https:\/\/www.isef11.edu.ar\/index.php?rest_route=\/wp\/v2\/pages"}],"about":[{"href":"https:\/\/www.isef11.edu.ar\/index.php?rest_route=\/wp\/v2\/types\/page"}],"author":[{"embeddable":true,"href":"https:\/\/www.isef11.edu.ar\/index.php?rest_route=\/wp\/v2\/users\/1"}],"replies":[{"embeddable":true,"href":"https:\/\/www.isef11.edu.ar\/index.php?rest_route=%2Fwp%2Fv2%2Fcomments&post=595"}],"version-history":[{"count":14,"href":"https:\/\/www.isef11.edu.ar\/index.php?rest_route=\/wp\/v2\/pages\/595\/revisions"}],"predecessor-version":[{"id":1494,"href":"https:\/\/www.isef11.edu.ar\/index.php?rest_route=\/wp\/v2\/pages\/595\/revisions\/1494"}],"wp:attachment":[{"href":"https:\/\/www.isef11.edu.ar\/index.php?rest_route=%2Fwp%2Fv2%2Fmedia&parent=595"}],"curies":[{"name":"wp","href":"https:\/\/api.w.org\/{rel}","templated":true}]}}