{"id":598,"date":"2022-01-24T20:05:06","date_gmt":"2022-01-24T20:05:06","guid":{"rendered":"http:\/\/www.isef11.edu.ar\/?page_id=598"},"modified":"2022-07-26T18:55:16","modified_gmt":"2022-07-26T18:55:16","slug":"consejo-superior","status":"publish","type":"page","link":"https:\/\/www.isef11.edu.ar\/?page_id=598","title":{"rendered":"Consejo Superior"},"content":{"rendered":"\t\t<div data-elementor-type=\"wp-page\" data-elementor-id=\"598\" class=\"elementor elementor-598\">\n\t\t\t\t\t\t<section class=\"elementor-section elementor-top-section elementor-element elementor-element-478ab019 elementor-section-boxed elementor-section-height-default elementor-section-height-default exad-glass-effect-no exad-sticky-section-no\" data-id=\"478ab019\" data-element_type=\"section\">\n\t\t\t\t\t\t<div class=\"elementor-container elementor-column-gap-default\">\n\t\t\t\t\t<div class=\"elementor-column elementor-col-100 elementor-top-column elementor-element elementor-element-44fb7fe4 exad-glass-effect-no exad-sticky-section-no\" data-id=\"44fb7fe4\" data-element_type=\"column\">\n\t\t\t<div class=\"elementor-widget-wrap elementor-element-populated\">\n\t\t\t\t\t\t<div class=\"elementor-element elementor-element-12906c98 exad-sticky-section-no exad-glass-effect-no elementor-widget elementor-widget-text-editor\" data-id=\"12906c98\" data-element_type=\"widget\" data-widget_type=\"text-editor.default\">\n\t\t\t\t<div class=\"elementor-widget-container\">\n\t\t\t\t\t\t\t\t\t\n<p>\u00a0<\/p>\n\n<p><strong>Actividad del Consejo Superior<\/strong><\/p>\n\n<p><span style=\"color: #000000;\"><strong>A\u00f1o 2021:<\/strong><\/span><\/p>\n\n<p><a href=\"http:\/\/www.isef11.com.ar\/sitio\/images\/isef11\/CSuperior\/ActaCS2-2021-195.pdf\" target=\"_blank\" rel=\"noreferrer noopener\">Acta Reunion 2-21 Consejo Superior<\/a><\/p>\n\n<p><a href=\"http:\/\/www.isef11.com.ar\/sitio\/images\/isef11\/CSuperior\/ResDG1288-196.pdf\" target=\"_blank\" rel=\"noreferrer noopener\">Resoluci\u00f3n 1288-21 Direcci\u00f3n General<\/a><\/p>\n\t\t\t\t\t\t\t\t<\/div>\n\t\t\t\t<\/div>\n\t\t\t\t\t<\/div>\n\t\t<\/div>\n\t\t\t\t\t<\/div>\n\t\t<\/section>\n\t\t\t\t<\/div>\n\t\t","protected":false},"excerpt":{"rendered":"<p>\u00a0 Actividad del Consejo Superior A\u00f1o 2021: Acta Reunion 2-21 Consejo Superior Resoluci\u00f3n 1288-21 Direcci\u00f3n General<\/p>\n","protected":false},"author":1,"featured_media":0,"parent":0,"menu_order":0,"comment_status":"closed","ping_status":"closed","template":"elementor_header_footer","meta":{"footnotes":""},"class_list":["post-598","page","type-page","status-publish","hentry"],"_links":{"self":[{"href":"https:\/\/www.isef11.edu.ar\/index.php?rest_route=\/wp\/v2\/pages\/598","targetHints":{"allow":["GET"]}}],"collection":[{"href":"https:\/\/www.isef11.edu.ar\/index.php?rest_route=\/wp\/v2\/pages"}],"about":[{"href":"https:\/\/www.isef11.edu.ar\/index.php?rest_route=\/wp\/v2\/types\/page"}],"author":[{"embeddable":true,"href":"https:\/\/www.isef11.edu.ar\/index.php?rest_route=\/wp\/v2\/users\/1"}],"replies":[{"embeddable":true,"href":"https:\/\/www.isef11.edu.ar\/index.php?rest_route=%2Fwp%2Fv2%2Fcomments&post=598"}],"version-history":[{"count":17,"href":"https:\/\/www.isef11.edu.ar\/index.php?rest_route=\/wp\/v2\/pages\/598\/revisions"}],"predecessor-version":[{"id":1500,"href":"https:\/\/www.isef11.edu.ar\/index.php?rest_route=\/wp\/v2\/pages\/598\/revisions\/1500"}],"wp:attachment":[{"href":"https:\/\/www.isef11.edu.ar\/index.php?rest_route=%2Fwp%2Fv2%2Fmedia&parent=598"}],"curies":[{"name":"wp","href":"https:\/\/api.w.org\/{rel}","templated":true}]}}