{"id":613,"date":"2022-01-24T20:05:07","date_gmt":"2022-01-24T20:05:07","guid":{"rendered":"http:\/\/www.isef11.edu.ar\/?page_id=613"},"modified":"2026-04-08T17:53:57","modified_gmt":"2026-04-08T20:53:57","slug":"educacion-fisica-2","status":"publish","type":"page","link":"https:\/\/www.isef11.edu.ar\/?page_id=613","title":{"rendered":"Educaci\u00f3n F\u00edsica"},"content":{"rendered":"\t\t<div data-elementor-type=\"wp-page\" data-elementor-id=\"613\" class=\"elementor elementor-613\">\n\t\t\t\t\t\t<section class=\"elementor-section elementor-top-section elementor-element elementor-element-8c3e45f elementor-section-boxed elementor-section-height-default elementor-section-height-default exad-glass-effect-no exad-sticky-section-no\" data-id=\"8c3e45f\" data-element_type=\"section\">\n\t\t\t\t\t\t<div class=\"elementor-container elementor-column-gap-default\">\n\t\t\t\t\t<div class=\"elementor-column elementor-col-100 elementor-top-column elementor-element elementor-element-36b7951 exad-glass-effect-no exad-sticky-section-no\" data-id=\"36b7951\" data-element_type=\"column\">\n\t\t\t<div class=\"elementor-widget-wrap elementor-element-populated\">\n\t\t\t\t\t\t<div class=\"elementor-element elementor-element-3d7e339 elementor-tabs-view-horizontal exad-sticky-section-no exad-glass-effect-no elementor-widget elementor-widget-tabs\" data-id=\"3d7e339\" data-element_type=\"widget\" data-widget_type=\"tabs.default\">\n\t\t\t\t<div class=\"elementor-widget-container\">\n\t\t\t\t\t\t\t<div class=\"elementor-tabs\">\n\t\t\t<div class=\"elementor-tabs-wrapper\" role=\"tablist\" >\n\t\t\t\t\t\t\t\t\t<div id=\"elementor-tab-title-6441\" class=\"elementor-tab-title elementor-tab-desktop-title\" aria-selected=\"true\" data-tab=\"1\" role=\"tab\" tabindex=\"0\" aria-controls=\"elementor-tab-content-6441\" aria-expanded=\"false\">Reinscripci\u00f3n<\/div>\n\t\t\t\t\t\t\t\t\t<div id=\"elementor-tab-title-6442\" class=\"elementor-tab-title elementor-tab-desktop-title\" aria-selected=\"false\" data-tab=\"2\" role=\"tab\" tabindex=\"-1\" aria-controls=\"elementor-tab-content-6442\" aria-expanded=\"false\">Mesas de ex\u00e1men<\/div>\n\t\t\t\t\t\t\t<\/div>\n\t\t\t<div class=\"elementor-tabs-content-wrapper\" role=\"tablist\" aria-orientation=\"vertical\">\n\t\t\t\t\t\t\t\t\t<div class=\"elementor-tab-title elementor-tab-mobile-title\" aria-selected=\"true\" data-tab=\"1\" role=\"tab\" tabindex=\"0\" aria-controls=\"elementor-tab-content-6441\" aria-expanded=\"false\">Reinscripci\u00f3n<\/div>\n\t\t\t\t\t<div id=\"elementor-tab-content-6441\" class=\"elementor-tab-content elementor-clearfix\" data-tab=\"1\" role=\"tabpanel\" aria-labelledby=\"elementor-tab-title-6441\" tabindex=\"0\" hidden=\"false\"><p style=\"text-align: left;\" align=\"center\"><span style=\"font-size: x-large;\"><u>Solicitudes de cambios de turno y de divisi\u00f3n<\/u><\/span><\/p><p style=\"text-align: left;\" align=\"center\"><span style=\"font-size: x-large;\"><u>Disoluci\u00f3n De Comisione<\/u><\/span><\/p><p style=\"text-align: left;\" align=\"center\"><span style=\"font-size: x-large;\"><u>s De 1\u00b0 A\u00f1o<\/u><\/span><\/p><p style=\"text-align: left;\" align=\"center\"><span style=\"font-size: x-large;\"><u>Re-cursado &#8211; Pases<\/u><\/span><\/p><p align=\"justify\"><a name=\"_heading=h.gjdgxs\"><\/a> <span style=\"color: #000000;\"><span style=\"font-family: Arial, serif;\"><span style=\"font-size: medium;\"><b>1. <\/b><\/span><\/span><\/span><span style=\"color: #000000;\"><span style=\"font-family: Arial, serif;\"><span style=\"font-size: large;\"><b>Tener en cuenta:<\/b><\/span><\/span><\/span><\/p><ul><li><p align=\"left\"><b>La inscripci\u00f3n es obligatoria<\/b> para todos los estudiantes que deseen mantener su condici\u00f3n de alumnos regulares<b>.<\/b><\/p><\/li><li><p align=\"left\"><b>La inscripci\u00f3n no es un tr\u00e1mite personal<\/b>: puede ser realizada por otra persona en representaci\u00f3n del estudiante.<\/p><\/li><li><p align=\"left\"><b>Cierre de inscripci\u00f3n<\/b>: Una vez vencido el plazo de inscripci\u00f3n, no se aceptar\u00e1n inscripciones fuera de t\u00e9rmino.<\/p><\/li><li><p align=\"left\"><b>Certificado de estudios secundarios completos<\/b>: Los estudiantes que no hayan entregado la copia legalizada del certificado de estudios secundarios completos <b>no podr\u00e1n inscribirse<\/b>.<\/p><\/li><li><p align=\"left\"><b>Documentaci\u00f3n completa<\/b>: La inscripci\u00f3n solo podr\u00e1 concretarse si el estudiante presenta toda la documentaci\u00f3n requerida en su totalidad.<\/p><\/li><\/ul><p align=\"justify\"><a name=\"_heading=h.30j0zll\"><\/a> <span style=\"color: #000000;\"><span style=\"font-family: Arial, serif;\"><span style=\"font-size: large;\"><b>2. Documentaci\u00f3n Requerida<\/b><\/span><\/span><\/span><\/p><p align=\"justify\">Para completar la inscripci\u00f3n, los estudiantes deber\u00e1n presentar la siguiente documentaci\u00f3n:<\/p><ul><li><p align=\"left\"><b>D.N.I.<\/b> (original y fotocopia).<\/p><\/li><li><p align=\"left\"><b>Certificado de Salud<\/b> actualizado, incluyendo electrocardiograma con informe debidamente estampillado.<\/p><\/li><li><p align=\"left\"><b>Certificado odontol\u00f3gico<\/b> v\u00e1lido.<\/p><\/li><li><p align=\"left\"><b>Original y fotocopia<\/b> de la vacuna antitet\u00e1nica si esta se encuentra vencida.<\/p><\/li><li><p align=\"left\"><b>Ergometr\u00eda<\/b> (solo para alumnos que no hayan cursado el ciclo lectivo anterior).<\/p><\/li><\/ul><p align=\"justify\"><b>Importante<\/b>: Todos los documentos deben ser entregados en tiempo y forma para poder completar el tr\u00e1mite de inscripci\u00f3n.<\/p><p align=\"justify\"><span style=\"color: #000000;\"><span style=\"font-family: Arial, serif;\"><span style=\"font-size: large;\"><b>3. Solicitudes de Cambios de Turnos y de Divisi\u00f3n<\/b><\/span><\/span><\/span><\/p><p style=\"text-align: left;\" align=\"center\"><span style=\"color: #ff0000;\"><span style=\"font-size: medium;\"><b>del Jueves 19 de febrero al Jueves 26 de febrero.<\/b><\/span><\/span><\/p><p style=\"text-align: left;\" align=\"center\"><b>(Solo para estudiantes de 2\u00ba, 3\u00ba y 4\u00ba a\u00f1o)<\/b><\/p><p style=\"text-align: left;\" align=\"justify\">Presentar una nota tipo dirigida al Director de la Escuela del Profesorado, Prof. Lic. Mariano Labadie, en Mesa de Entrada, (de 08:00 a 11:00 o de 14:00 a 17:00). La nota puede descargarse en <a href=\"https:\/\/drive.google.com\/file\/d\/1cTeKOBPZxl7RNFB4EuTD8WbWh_y4yadD\/view?usp=drive_link\"><span style=\"color: #0000ee;\"><u>Solicitud de Cambio de Recursado.pdf<\/u><\/span><\/a> y completar el formulario de Google:<\/p><p align=\"justify\"><a href=\"https:\/\/forms.gle\/Wf4JAHyTA2BdbP8y8\" target=\"_blank\" rel=\"noopener\">Cambio de turno<\/a><\/p><p align=\"justify\"><a href=\"https:\/\/forms.gle\/KNEiP518edHnzHo6A\" target=\"_blank\" rel=\"noopener\">Cambio de recursado<\/a><\/p><ul><li><p align=\"justify\"><span style=\"color: #000000;\"><span style=\"font-family: Arial, serif;\"><span style=\"font-size: small;\">Motivo: Explicar las razones de la solicitud en la nota dirigida al Director.<\/span><\/span><\/span><\/p><\/li><li><p align=\"justify\"><span style=\"color: #000000;\"><span style=\"font-family: Arial, serif;\"><span style=\"font-size: small;\">Documentaci\u00f3n: Adjuntar los siguientes documentos seg\u00fan el motivo:<\/span><\/span><\/span><\/p><ul><li><p align=\"justify\"><span style=\"color: #000000;\"><span style=\"font-family: Arial, serif;\"><span style=\"font-size: small;\"><u>Razones laborales:<\/u><\/span><\/span><\/span><\/p><ul><li><p align=\"justify\"><span style=\"color: #000000;\"><span style=\"font-family: Arial, serif;\"><span style=\"font-size: small;\">Constancia laboral que incluya raz\u00f3n social del empleador, nombre, DNI y funci\u00f3n del solicitante, d\u00edas y horarios de trabajo, y copia del \u00faltimo recibo de sueldo (si lo tuviera).<\/span><\/span><\/span><\/p><\/li><\/ul><\/li><li><p align=\"justify\"><span style=\"color: #000000;\"><span style=\"font-family: Arial, serif;\"><span style=\"font-size: small;\"><u>Razones de distancia:<\/u><\/span><\/span><\/span><\/p><ul><li><p align=\"justify\"><span style=\"color: #000000;\"><span style=\"font-family: Arial, serif;\"><span style=\"font-size: small;\">Constancia de residencia (recibo de servicio o documento oficial).<\/span><\/span><\/span><\/p><\/li><li><p align=\"justify\"><span style=\"color: #000000;\"><span style=\"font-family: Arial, serif;\"><span style=\"font-size: small;\">Certificado de Vecindad (Registro Civil o Juzgado Comunitario en Rosario).<\/span><\/span><\/span><\/p><\/li><li><p align=\"justify\"><span style=\"color: #000000;\"><span style=\"font-family: Arial, serif;\"><span style=\"font-size: small;\">Horarios de colectivos que acrediten dificultades para asistir al turno asignado.<\/span><\/span><\/span><\/p><\/li><\/ul><\/li><li><p align=\"justify\"><span style=\"color: #000000;\"><span style=\"font-family: Arial, serif;\"><span style=\"font-size: small;\"><u>Razones deportivas:<\/u><\/span><\/span><\/span><\/p><ul><li><p align=\"justify\"><span style=\"color: #000000;\"><span style=\"font-family: Arial, serif;\"><span style=\"font-size: small;\">Constancia del club\/instituci\u00f3n con d\u00edas y horarios de entrenamiento.<\/span><\/span><\/span><\/p><\/li><li><p align=\"justify\"><span style=\"color: #000000;\"><span style=\"font-family: Arial, serif;\"><span style=\"font-size: small;\">Constancia de federaci\u00f3n o club, si corresponde.<\/span><\/span><\/span><\/p><\/li><\/ul><\/li><li><p align=\"justify\"><u>Otras:<\/u><\/p><ul><li><p align=\"justify\">Explicar en una Notas las razones. Lo mas claro posible.<\/p><\/li><\/ul><\/li><\/ul><\/li><\/ul><p align=\"justify\"><u><b>Evaluaci\u00f3n y resultados:<\/b><\/u><\/p><p align=\"justify\">Las solicitudes ser\u00e1n evaluadas por la Direcci\u00f3n de la EPEF. Aquellas que sean aprobadas se publicar\u00e1n y se notificar\u00e1n a la secci\u00f3n de Alumnado<\/p><p align=\"justify\"><span style=\"color: #000000;\"><span style=\"font-family: Arial, serif;\"><span style=\"font-size: large;\"><b>4. Cronograma de Inscripci\u00f3n<\/b><\/span><\/span><\/span><\/p><p style=\"text-align: left;\" align=\"center\"><a name=\"_heading=h.c4leeltnzcbv\"><\/a> <span style=\"color: #ff0000;\"><span style=\"font-size: medium;\"><b>DEL 9 DE MARZO AL 20 DE MARZO<\/b><\/span><\/span><\/p><table width=\"610\" cellspacing=\"0\" cellpadding=\"7\"><tbody><tr><td colspan=\"3\" width=\"594\"><p style=\"text-align: left;\" align=\"center\"><span style=\"font-size: x-large;\">2\u00b0A\u00d1O<\/span><\/p><p style=\"text-align: left;\" align=\"center\">Las comisiones que se disuelven 1ra Divisi\u00f3n &#8211; 7ma Divisi\u00f3n &#8211; 11va Divisi\u00f3n<\/p><p style=\"text-align: left;\" align=\"center\">(a estos estudiantes se le asignar\u00e1 nueva divisi\u00f3n respetando el turno y los grupos de estudios propuestos)<\/p><\/td><\/tr><tr><td width=\"50\" height=\"17\">\u00a0<\/td><td bgcolor=\"#262626\" width=\"277\"><p align=\"center\"><span style=\"color: #ffffff;\"><b>LUNES 09\/03<\/b><\/span><\/p><\/td><td bgcolor=\"#262626\" width=\"239\"><p align=\"center\"><span style=\"color: #ffffff;\"><b>MARTES 10\/03<\/b><\/span><\/p><\/td><\/tr><tr><td bgcolor=\"#262626\" width=\"50\" height=\"28\"><p align=\"center\"><span style=\"color: #ffffff;\"><b>8:30<\/b><\/span><\/p><\/td><td width=\"277\"><p align=\"center\">Estudiantes que en 2025 cursaron<\/p><p align=\"center\"><b>1er a\u00f1o 1ra Divisi\u00f3n<\/b><\/p><\/td><td width=\"239\"><p align=\"center\">Estudiantes que en 2025 cursaron <b>1er a\u00f1o 3ra Divisi\u00f3n<\/b><\/p><\/td><\/tr><tr><td bgcolor=\"#262626\" width=\"50\" height=\"28\"><p align=\"center\"><span style=\"color: #ffffff;\"><b>9:30<\/b><\/span><\/p><\/td><td width=\"277\"><p align=\"center\">Estudiantes que en 2025 cursaron<\/p><p align=\"center\"><b>1er a\u00f1o 2da Divisi\u00f3n<\/b><\/p><\/td><td width=\"239\">\u00a0<\/td><\/tr><tr><td bgcolor=\"#262626\" width=\"50\" height=\"28\"><p align=\"center\"><span style=\"color: #ffffff;\"><b>10:30<\/b><\/span><\/p><\/td><td width=\"277\"><p align=\"center\">Estudiantes que en 2025 cursaron<\/p><p align=\"center\"><b>1er a\u00f1o 9na Divisi\u00f3n<\/b><\/p><\/td><td width=\"239\"><p align=\"center\">Estudiantes que en 2025 cursaron <b>1er a\u00f1o 4ta Divisi\u00f3n<\/b><\/p><\/td><\/tr><tr><td bgcolor=\"#262626\" width=\"50\" height=\"28\"><p align=\"center\"><span style=\"color: #ffffff;\"><b>13:30<\/b><\/span><\/p><\/td><td width=\"277\"><p align=\"center\">Estudiantes que en 2025 cursaron<\/p><p align=\"center\"><b>1er a\u00f1o 5ta Divisi\u00f3n<\/b><\/p><\/td><td width=\"239\"><p align=\"center\">Estudiantes que en 2025 cursaron <b>1er a\u00f1o 7ma Divisi\u00f3n<\/b><\/p><\/td><\/tr><tr><td bgcolor=\"#262626\" width=\"50\" height=\"28\"><p align=\"center\"><span style=\"color: #ffffff;\"><b>14:30<\/b><\/span><\/p><\/td><td width=\"277\"><p align=\"center\">Estudiantes que en 2025 cursaron<\/p><p align=\"center\"><b>1er a\u00f1o 6ta Divisi\u00f3n<\/b><\/p><\/td><td width=\"239\">\u00a0<\/td><\/tr><tr><td bgcolor=\"#262626\" width=\"50\" height=\"28\"><p align=\"center\"><span style=\"color: #ffffff;\"><b>15:30<\/b><\/span><\/p><\/td><td width=\"277\"><p align=\"center\">Estudiantes que en 2025 cursaron<\/p><p align=\"center\"><b>1er a\u00f1o 10ma Divisi\u00f3n<\/b><\/p><\/td><td width=\"239\"><p align=\"center\">Estudiantes que en 2025 cursaron <b>1er a\u00f1o 8va Divisi\u00f3n<\/b><\/p><\/td><\/tr><tr><td bgcolor=\"#262626\" width=\"50\" height=\"27\"><p align=\"center\"><span style=\"color: #ffffff;\"><b>17:00<\/b><\/span><\/p><\/td><td width=\"277\"><p align=\"center\">Estudiantes que en 2025 cursaron<\/p><p align=\"center\"><b>1er a\u00f1o 11va Divisi\u00f3n<\/b><\/p><\/td><td width=\"239\"><p align=\"center\">Estudiantes que en 2025 cursaron <b>1er a\u00f1o 12da y 13ra Divisi\u00f3n<\/b><\/p><\/td><\/tr><\/tbody><\/table><table width=\"611\" cellspacing=\"0\" cellpadding=\"7\"><tbody><tr><td colspan=\"3\" width=\"595\"><p align=\"center\"><a name=\"_heading=h.s3czhpcjj0nc\"><\/a><\/p><p style=\"text-align: left;\" align=\"center\"><a name=\"_heading=h.3znysh7\"><\/a> <span style=\"font-size: x-large;\">3\u00b0A\u00d1O<\/span><\/p><p style=\"text-align: left;\" align=\"center\"><a name=\"_heading=h.xwpvg4y5cau\"><\/a><\/p><\/td><\/tr><tr><td style=\"text-align: left;\" width=\"46\" height=\"17\">\u00a0<\/td><td bgcolor=\"#262626\" width=\"276\"><p align=\"center\"><span style=\"color: #ffffff;\"><b>MI\u00c9RCOLES 11\/03<\/b><\/span><\/p><\/td><td bgcolor=\"#262626\" width=\"245\"><p align=\"center\"><span style=\"color: #ffffff;\"><b>JUEVES 12\/03<\/b><\/span><\/p><\/td><\/tr><tr><td bgcolor=\"#262626\" width=\"46\" height=\"28\"><p align=\"center\"><span style=\"color: #ffffff;\"><b>8:30<\/b><\/span><\/p><\/td><td width=\"276\"><p align=\"center\">Estudiantes que en 2025 cursaron<\/p><p align=\"center\"><b>2do a\u00f1o 1ra Divisi\u00f3n<\/b><\/p><\/td><td width=\"245\"><p align=\"center\">Estudiantes que en 2025 cursaron <b>2do a\u00f1o 3ra Divisi\u00f3n<\/b><\/p><\/td><\/tr><tr><td bgcolor=\"#262626\" width=\"46\" height=\"28\"><p align=\"center\"><span style=\"color: #ffffff;\"><b>10:00<\/b><\/span><\/p><\/td><td width=\"276\"><p align=\"center\">Estudiantes que en 2025 cursaron<\/p><p align=\"center\"><b>2do a\u00f1o 2da Divisi\u00f3n<\/b><\/p><\/td><td width=\"245\"><p align=\"center\">Estudiantes que en 2025 cursaron <b>2do a\u00f1o 4ta Divisi\u00f3n<\/b><\/p><\/td><\/tr><tr><td bgcolor=\"#262626\" width=\"46\" height=\"28\"><p align=\"center\"><span style=\"color: #ffffff;\"><b>13:30<\/b><\/span><\/p><\/td><td width=\"276\"><p align=\"center\">Estudiantes que en 2025 cursaron<\/p><p align=\"center\"><b>2do a\u00f1o 5ta Divisi\u00f3n<\/b><\/p><\/td><td width=\"245\"><p align=\"center\">Estudiantes que en 2025 cursaron <b>2do a\u00f1o 7ma Divisi\u00f3n<\/b><\/p><\/td><\/tr><tr><td bgcolor=\"#262626\" width=\"46\" height=\"28\"><p align=\"center\"><span style=\"color: #ffffff;\"><b>15:00<\/b><\/span><\/p><\/td><td width=\"276\"><p align=\"center\">Estudiantes que en 2025 cursaron<\/p><p align=\"center\"><b>2do a\u00f1o 6ta Divisi\u00f3n<\/b><\/p><\/td><td width=\"245\"><p align=\"center\">Estudiantes que en 2025 cursaron <b>2do a\u00f1o 8va Divisi\u00f3n<\/b><\/p><\/td><\/tr><tr><td bgcolor=\"#262626\" width=\"46\" height=\"27\"><p align=\"center\"><span style=\"color: #ffffff;\"><b>17:00<\/b><\/span><\/p><\/td><td width=\"276\"><p align=\"center\">Estudiantes que en 2025 cursaron<\/p><p align=\"center\"><b>2do a\u00f1o 11va Divisi\u00f3n<\/b><\/p><\/td><td width=\"245\"><p align=\"center\">Estudiantes que en 2025 cursaron <b>2do a\u00f1o 12da Divisi\u00f3n<\/b><\/p><\/td><\/tr><\/tbody><\/table><table width=\"611\" cellspacing=\"0\" cellpadding=\"7\"><tbody><tr><td colspan=\"3\" width=\"595\"><p style=\"text-align: left;\" align=\"center\"><a name=\"_heading=h.2et92p0\"><\/a> <span style=\"font-size: x-large;\">4\u00b0A\u00d1O<\/span><\/p><p align=\"center\"><a name=\"_heading=h.s63rzctanjoy\"><\/a><\/p><\/td><\/tr><tr><td width=\"77\" height=\"17\">\u00a0<\/td><td bgcolor=\"#262626\" width=\"245\"><p align=\"center\"><span style=\"color: #ffffff;\"><b>VIERNES 13\/03<\/b><\/span><\/p><\/td><td bgcolor=\"#262626\" width=\"245\"><p align=\"center\"><span style=\"color: #ffffff;\"><b>LUNES 16\/03<\/b><\/span><\/p><\/td><\/tr><tr><td bgcolor=\"#262626\" width=\"77\" height=\"28\"><p align=\"center\"><a name=\"_heading=h.tyjcwt\"><\/a> <span style=\"color: #ffffff;\"><b>8:30<\/b><\/span><\/p><\/td><td width=\"245\"><p align=\"center\">Estudiantes que en 2025 cursaron <b>3er a\u00f1o 1ra Divisi\u00f3n<\/b><\/p><\/td><td width=\"245\"><p align=\"center\">Estudiantes que en 2025 cursaron <b>3er a\u00f1o 3ra Divisi\u00f3n<\/b><\/p><\/td><\/tr><tr><td bgcolor=\"#262626\" width=\"77\" height=\"28\"><p align=\"center\"><span style=\"color: #ffffff;\"><b>10:00<\/b><\/span><\/p><\/td><td width=\"245\"><p align=\"center\">Estudiantes que en 2025 cursaron <b>3er a\u00f1o 2da Divisi\u00f3n<\/b><\/p><\/td><td width=\"245\"><p align=\"center\">Estudiantes que en 2025 cursaron <b>3er a\u00f1o 4ta Divisi\u00f3n<\/b><\/p><\/td><\/tr><tr><td bgcolor=\"#262626\" width=\"77\" height=\"28\"><p align=\"center\"><span style=\"color: #ffffff;\"><b>13:30<\/b><\/span><\/p><\/td><td width=\"245\"><p align=\"center\">Estudiantes que en 2025 cursaron <b>3er a\u00f1o 5ta Divisi\u00f3n<\/b><\/p><\/td><td width=\"245\"><p align=\"center\">Estudiantes que en 2025 cursaron <b>3er a\u00f1o 7ma Divisi\u00f3n<\/b><\/p><\/td><\/tr><tr><td bgcolor=\"#262626\" width=\"77\" height=\"28\"><p align=\"center\"><span style=\"color: #ffffff;\"><b>15:00<\/b><\/span><\/p><\/td><td width=\"245\"><p align=\"center\">Estudiantes que en 2025 cursaron <b>3er a\u00f1o 6ta Divisi\u00f3n<\/b><\/p><\/td><td width=\"245\"><p align=\"center\">Estudiantes que en 2025 cursaron <b>3er a\u00f1o 8va Divisi\u00f3n<\/b><\/p><\/td><\/tr><tr><td bgcolor=\"#262626\" width=\"77\" height=\"27\"><p align=\"center\"><span style=\"color: #ffffff;\"><b>17:00<\/b><\/span><\/p><\/td><td width=\"245\"><p align=\"center\">Estudiantes que en 2025 cursaron <b>3er a\u00f1o 11va Divisi\u00f3n<\/b><\/p><\/td><td width=\"245\"><p align=\"center\">Estudiantes que en 2025 cursaron <b>3er a\u00f1o 12da Divisi\u00f3n<\/b><\/p><\/td><\/tr><\/tbody><\/table><table width=\"611\" cellspacing=\"0\" cellpadding=\"7\"><tbody><tr><td colspan=\"4\" width=\"595\"><p style=\"text-align: left;\" align=\"center\"><span style=\"font-size: x-large;\"><b>RECURSANTES y A\u00d1O ACAD\u00c9MICO<\/b><\/span><\/p><p style=\"text-align: left;\" align=\"center\">Estudiantes que terminaron su cohorte o que solo cursan espacios (materias)<\/p><p style=\"text-align: left;\" align=\"center\">Estudiantes que solo deben rendir espacios curriculares en mesa de examen.<\/p><p style=\"text-align: left;\" align=\"center\">Ver comisiones designadas para recusar <a href=\"https:\/\/drive.google.com\/drive\/folders\/10OiG9oMPw3wBabdDN35XKNzXFQLF_6La?usp=sharing\"><span style=\"color: #1155cc;\"><u> Comisiones de recursado<\/u><\/span><\/a> &#8211; <a href=\"https:\/\/drive.google.com\/file\/d\/1cTeKOBPZxl7RNFB4EuTD8WbWh_y4yadD\/view?usp=drive_link\"><span style=\"color: #1155cc;\"><u>Nota solicitud cambio de Recursado<\/u><\/span><\/a><\/p><\/td><\/tr><tr><td width=\"77\" height=\"17\">\u00a0<\/td><td bgcolor=\"#262626\" width=\"159\"><p align=\"center\"><span style=\"color: #ffffff;\"><b>MARTES 17\/03<\/b><\/span><\/p><\/td><td bgcolor=\"#262626\" width=\"159\"><p align=\"center\"><span style=\"color: #ffffff;\"><b>MI\u00c9RCOLES 18\/03<\/b><\/span><\/p><\/td><td bgcolor=\"#262626\" width=\"158\"><p align=\"center\"><span style=\"color: #ffffff;\"><b>JUEVES 19\/03<\/b><\/span><\/p><\/td><\/tr><tr><td bgcolor=\"#262626\" width=\"77\" height=\"48\"><p align=\"center\"><span style=\"color: #ffffff;\"><b>De 8:30<\/b><\/span><\/p><p align=\"center\"><span style=\"color: #ffffff;\"><b>A 11:00<\/b><\/span><\/p><\/td><td width=\"159\"><p align=\"center\">DNI terminados<\/p><p align=\"center\">en <b>1 y 2<\/b><\/p><\/td><td width=\"159\"><p align=\"center\">DNI terminados<\/p><p align=\"center\">En <b>4<\/b><\/p><\/td><td width=\"158\"><p align=\"center\">DNI terminados<\/p><p align=\"center\">En <b>7 y 8<\/b><\/p><\/td><\/tr><tr><td bgcolor=\"#262626\" width=\"77\" height=\"47\"><p align=\"center\"><span style=\"color: #ffffff;\"><b>De 14:00<\/b><\/span><\/p><p align=\"center\"><span style=\"color: #ffffff;\"><b>A 17:00<\/b><\/span><\/p><\/td><td width=\"159\"><p align=\"center\">DNI terminados<\/p><p align=\"center\">en <b>3<\/b><\/p><\/td><td width=\"159\"><p align=\"center\">DNI terminados<\/p><p align=\"center\">en <b>5 y 6<\/b><\/p><\/td><td width=\"158\"><p align=\"center\">DNI terminados<\/p><p align=\"center\">en <b>9 y 0<\/b><\/p><\/td><\/tr><\/tbody><\/table><table dir=\"ltr\" width=\"611\" cellspacing=\"0\" cellpadding=\"7\" align=\"left\"><tbody><tr><td colspan=\"2\" width=\"595\"><p style=\"text-align: left;\" align=\"center\"><span style=\"font-size: x-large;\"><b>PASES<\/b><\/span><\/p><p style=\"text-align: left;\" align=\"center\">Ver documentaci\u00f3n requerida en el siguiente link <a href=\"https:\/\/docs.google.com\/document\/d\/1NHenE_556e2_rHfOKwOrUQKwjOlqZVbj50sM5bTuctA\/edit?usp=sharing\"><span style=\"color: #0000ee;\"><u>Protocolo: Recepci\u00f3n de Pases<\/u><\/span><\/a><\/p><\/td><\/tr><tr><td width=\"77\" height=\"17\">\u00a0<\/td><td bgcolor=\"#262626\" width=\"504\"><p align=\"center\"><span style=\"color: #ffffff;\"><b>VIERNES 20\/03<\/b><\/span><\/p><\/td><\/tr><tr><td bgcolor=\"#262626\" width=\"77\" height=\"48\"><p align=\"center\"><span style=\"color: #ffffff;\"><b>De 8:30<\/b><\/span><\/p><p align=\"center\"><span style=\"color: #ffffff;\"><b>A 11:00<\/b><\/span><\/p><\/td><td width=\"504\"><p align=\"center\">DNI terminados en<\/p><p align=\"center\"><b>1, 3, 5 ,7 y 9<\/b><\/p><\/td><\/tr><tr><td bgcolor=\"#262626\" width=\"77\" height=\"47\"><p align=\"center\"><span style=\"color: #ffffff;\"><b>De 14:00<\/b><\/span><\/p><p align=\"center\"><span style=\"color: #ffffff;\"><b>A 17:00<\/b><\/span><\/p><\/td><td width=\"504\"><p align=\"center\">DNI terminados en<\/p><p align=\"center\"><b>0, 2, 4, 6, y 8<\/b><\/p><\/td><\/tr><\/tbody><\/table><p>\u00a0<\/p><div><span style=\"color: #000000;\"><span style=\"font-family: Arial, serif;\"><span style=\"font-size: large;\"><b>5. Solicitudes de Homologaciones<\/b><\/span><\/span><\/span><\/div><div>Fechas y procedimientos para la solicitud de homologaciones<\/div><div>\u00a0<\/div><div>Periodo de solicitud \u00a0de tr\u00e1mite de homologaciones ser\u00e1 desde el 13 al 30 de abril.\u00a0<\/div><div>\u00a0<\/div><div><b>Requisitos:<\/b><br \/><ul><li>Constancia de materias aprobadas o t\u00edtulo.<\/li><li>Plan de estudio legalizado con detalle de horas semanales de cada asignatura<\/li><li>Programas legalizados de materias aprobadas por las que solicita homologaci\u00f3n.<\/li><\/ul>Una vez que sean aprobadas por el Consejo Acad\u00e9mico, se notificar\u00e1 a los solicitantes. Las homologaciones se podr\u00e1n otorgar en forma total o parcial seg\u00fan lo establece el RAM Decreto 4199\/15 en el Cap\u00edtulo 6.<br \/><br \/><b><a href=\"http:\/\/www.isef11.edu.ar\/wp-content\/uploads\/2026\/04\/FHomologacion.pdf\" target=\"_blank\" rel=\"noopener\">Descargar formulario<\/a><\/b><\/div><div>\u00a0<\/div><div>Entregar toda la documentaci\u00f3n por mesa de entrada en los siguientes horarios:<\/div><div><ul><li>De 8:30 a 12:00<\/li><li>De 13:00 a 19:00<\/li><\/ul><\/div><div><div class=\"gmail_signature\" dir=\"ltr\" data-smartmail=\"gmail_signature\"><div dir=\"ltr\">\u00a0<\/div><\/div><\/div><\/div>\n\t\t\t\t\t\t\t\t\t<div class=\"elementor-tab-title elementor-tab-mobile-title\" aria-selected=\"false\" data-tab=\"2\" role=\"tab\" tabindex=\"-1\" aria-controls=\"elementor-tab-content-6442\" aria-expanded=\"false\">Mesas de ex\u00e1men<\/div>\n\t\t\t\t\t<div id=\"elementor-tab-content-6442\" class=\"elementor-tab-content elementor-clearfix\" data-tab=\"2\" role=\"tabpanel\" aria-labelledby=\"elementor-tab-title-6442\" tabindex=\"0\" hidden=\"hidden\"><ul><li><span style=\"text-decoration: underline;\"><span style=\"color: #ffffff;\"><a style=\"color: #ffffff; text-decoration: underline;\" href=\"https:\/\/www.isef11.edu.ar\/?page_id=2091\"><strong>Mesas Examinadoras Especiales 2026<\/strong><\/a><\/span><\/span><\/li><li><span style=\"color: #ffffff;\"><a style=\"color: #ffffff;\" href=\"https:\/\/www.isef11.edu.ar\/?page_id=1998\"><span style=\"text-decoration: underline;\"><strong>Mesas de Ex\u00e1menes\u00a0 FEB\/MARZO 2026<\/strong><\/span><\/a><\/span><\/li><\/ul><\/div>\n\t\t\t\t\t\t\t<\/div>\n\t\t<\/div>\n\t\t\t\t\t\t<\/div>\n\t\t\t\t<\/div>\n\t\t\t\t\t<\/div>\n\t\t<\/div>\n\t\t\t\t\t<\/div>\n\t\t<\/section>\n\t\t\t\t<\/div>\n\t\t","protected":false},"excerpt":{"rendered":"<p>Reinscripci\u00f3n Mesas de ex\u00e1men Reinscripci\u00f3n Solicitudes de cambios de turno y de divisi\u00f3n Disoluci\u00f3n De Comisione s De 1\u00b0 A\u00f1o Re-cursado &#8211; Pases 1. Tener en cuenta: La inscripci\u00f3n es [&hellip;]<\/p>\n","protected":false},"author":1,"featured_media":0,"parent":0,"menu_order":0,"comment_status":"closed","ping_status":"closed","template":"elementor_header_footer","meta":{"footnotes":""},"class_list":["post-613","page","type-page","status-publish","hentry"],"_links":{"self":[{"href":"https:\/\/www.isef11.edu.ar\/index.php?rest_route=\/wp\/v2\/pages\/613","targetHints":{"allow":["GET"]}}],"collection":[{"href":"https:\/\/www.isef11.edu.ar\/index.php?rest_route=\/wp\/v2\/pages"}],"about":[{"href":"https:\/\/www.isef11.edu.ar\/index.php?rest_route=\/wp\/v2\/types\/page"}],"author":[{"embeddable":true,"href":"https:\/\/www.isef11.edu.ar\/index.php?rest_route=\/wp\/v2\/users\/1"}],"replies":[{"embeddable":true,"href":"https:\/\/www.isef11.edu.ar\/index.php?rest_route=%2Fwp%2Fv2%2Fcomments&post=613"}],"version-history":[{"count":43,"href":"https:\/\/www.isef11.edu.ar\/index.php?rest_route=\/wp\/v2\/pages\/613\/revisions"}],"predecessor-version":[{"id":2111,"href":"https:\/\/www.isef11.edu.ar\/index.php?rest_route=\/wp\/v2\/pages\/613\/revisions\/2111"}],"wp:attachment":[{"href":"https:\/\/www.isef11.edu.ar\/index.php?rest_route=%2Fwp%2Fv2%2Fmedia&parent=613"}],"curies":[{"name":"wp","href":"https:\/\/api.w.org\/{rel}","templated":true}]}}