{"id":615,"date":"2022-01-24T20:05:07","date_gmt":"2022-01-24T20:05:07","guid":{"rendered":"http:\/\/www.isef11.edu.ar\/?page_id=615"},"modified":"2026-02-15T19:00:09","modified_gmt":"2026-02-15T22:00:09","slug":"director-tecnico-de-futbol-2","status":"publish","type":"page","link":"https:\/\/www.isef11.edu.ar\/?page_id=615","title":{"rendered":"Director T\u00e9cnico de F\u00fatbol"},"content":{"rendered":"\t\t<div data-elementor-type=\"wp-page\" data-elementor-id=\"615\" class=\"elementor elementor-615\">\n\t\t\t\t\t\t<section class=\"elementor-section elementor-top-section elementor-element elementor-element-531b76b elementor-section-boxed elementor-section-height-default elementor-section-height-default exad-glass-effect-no exad-sticky-section-no\" data-id=\"531b76b\" data-element_type=\"section\">\n\t\t\t\t\t\t<div class=\"elementor-container elementor-column-gap-default\">\n\t\t\t\t\t<div class=\"elementor-column elementor-col-100 elementor-top-column elementor-element elementor-element-563727c exad-glass-effect-no exad-sticky-section-no\" data-id=\"563727c\" data-element_type=\"column\">\n\t\t\t<div class=\"elementor-widget-wrap elementor-element-populated\">\n\t\t\t\t\t\t<div class=\"elementor-element elementor-element-5fd58ae elementor-tabs-view-horizontal exad-sticky-section-no exad-glass-effect-no elementor-widget elementor-widget-tabs\" data-id=\"5fd58ae\" data-element_type=\"widget\" data-widget_type=\"tabs.default\">\n\t\t\t\t<div class=\"elementor-widget-container\">\n\t\t\t\t\t\t\t<div class=\"elementor-tabs\">\n\t\t\t<div class=\"elementor-tabs-wrapper\" role=\"tablist\" >\n\t\t\t\t\t\t\t\t\t<div id=\"elementor-tab-title-1001\" class=\"elementor-tab-title elementor-tab-desktop-title\" aria-selected=\"true\" data-tab=\"1\" role=\"tab\" tabindex=\"0\" aria-controls=\"elementor-tab-content-1001\" aria-expanded=\"false\">Reinscripci\u00f3n<\/div>\n\t\t\t\t\t\t\t\t\t<div id=\"elementor-tab-title-1002\" class=\"elementor-tab-title elementor-tab-desktop-title\" aria-selected=\"false\" data-tab=\"2\" role=\"tab\" tabindex=\"-1\" aria-controls=\"elementor-tab-content-1002\" aria-expanded=\"false\">Mesas de ex\u00e1men<\/div>\n\t\t\t\t\t\t\t<\/div>\n\t\t\t<div class=\"elementor-tabs-content-wrapper\" role=\"tablist\" aria-orientation=\"vertical\">\n\t\t\t\t\t\t\t\t\t<div class=\"elementor-tab-title elementor-tab-mobile-title\" aria-selected=\"true\" data-tab=\"1\" role=\"tab\" tabindex=\"0\" aria-controls=\"elementor-tab-content-1001\" aria-expanded=\"false\">Reinscripci\u00f3n<\/div>\n\t\t\t\t\t<div id=\"elementor-tab-content-1001\" class=\"elementor-tab-content elementor-clearfix\" data-tab=\"1\" role=\"tabpanel\" aria-labelledby=\"elementor-tab-title-1001\" tabindex=\"0\" hidden=\"false\"><p style=\"text-align: left;\" align=\"center\"><span style=\"font-size: x-large;\"><u>Inscripci\u00f3n al ciclo lectivo 2026<\/u><\/span><\/p><p style=\"text-align: left;\" align=\"center\"><span style=\"font-size: x-large;\"><u>Re-cursado &#8211; Pases<\/u><\/span><\/p><p align=\"justify\"><a name=\"_heading=h.gjdgxs\"><\/a> <span style=\"color: #000000;\"><span style=\"font-family: Arial, serif;\"><span style=\"font-size: medium;\"><b>1. <\/b><\/span><\/span><\/span><span style=\"color: #000000;\"><span style=\"font-family: Arial, serif;\"><span style=\"font-size: large;\"><b>Tener en cuenta:<\/b><\/span><\/span><\/span><\/p><ul><li><p align=\"left\"><b>La inscripci\u00f3n es obligatoria<\/b> para todos los estudiantes que deseen mantener su condici\u00f3n de alumnos regulares<b>.<\/b><\/p><\/li><li><p align=\"left\"><b>La inscripci\u00f3n no es un tr\u00e1mite personal<\/b>: puede ser realizada por otra persona en representaci\u00f3n del estudiante.<\/p><\/li><li><p align=\"left\"><b>Cierre de inscripci\u00f3n<\/b>: Una vez vencido el plazo de inscripci\u00f3n, no se aceptar\u00e1n inscripciones fuera de t\u00e9rmino.<\/p><\/li><li><p align=\"left\"><b>Certificado de estudios secundarios completos<\/b>: Los estudiantes que no hayan entregado la copia legalizada del certificado de estudios secundarios completos <b>no podr\u00e1n inscribirse<\/b>.<\/p><\/li><li><p align=\"left\"><b>Documentaci\u00f3n completa<\/b>: La inscripci\u00f3n solo podr\u00e1 concretarse si el estudiante presenta toda la documentaci\u00f3n requerida en su totalidad.<\/p><\/li><\/ul><p align=\"justify\"><a name=\"_heading=h.30j0zll\"><\/a> <span style=\"color: #000000;\"><span style=\"font-family: Arial, serif;\"><span style=\"font-size: large;\"><b>2. Documentaci\u00f3n Requerida<\/b><\/span><\/span><\/span><\/p><p align=\"justify\">Para completar la inscripci\u00f3n, los estudiantes deber\u00e1n presentar la siguiente documentaci\u00f3n:<\/p><ul><li><p align=\"left\"><b>D.N.I.<\/b> (original y fotocopia).<\/p><\/li><li><p align=\"left\"><b>Certificado de Salud<\/b> actualizado, incluyendo electrocardiograma con informe debidamente estampillado.<\/p><\/li><li><p align=\"left\"><b>Certificado odontol\u00f3gico<\/b> v\u00e1lido.<\/p><\/li><li><p align=\"left\"><b>Original y fotocopia<\/b> de la vacuna antitet\u00e1nica si esta se encuentra vencida.<\/p><\/li><li><p align=\"left\"><b>Ergometr\u00eda<\/b> (solo para alumnos de DIRECTOR T\u00c9CNICO DE F\u00daTBOL que no hayan cursado el ciclo lectivo anterior).<\/p><\/li><\/ul><p align=\"justify\"><b>Importante<\/b>: Todos los documentos deben ser entregados en tiempo y forma para poder completar el tr\u00e1mite de inscripci\u00f3n.<\/p><p align=\"justify\"><span style=\"color: #000000;\"><span style=\"font-family: Arial, serif;\"><span style=\"font-size: large;\"><b>3. Cronograma de Inscripci\u00f3n<\/b><\/span><\/span><\/span><\/p><table width=\"609\" cellspacing=\"0\" cellpadding=\"7\"><tbody><tr><td width=\"593\"><p align=\"center\"><span style=\"font-size: x-large;\">2\u00b0A\u00d1O DT<\/span><\/p><\/td><\/tr><tr><td bgcolor=\"#434343\" width=\"593\" height=\"27\"><p align=\"center\"><span style=\"color: #ffffff;\"><b>MI\u00c9RCOLES 11 DE MARZO<\/b><\/span><\/p><p align=\"center\"><span style=\"color: #ffffff;\"><b>DE 18:00 A 20:00<\/b><\/span><\/p><\/td><\/tr><\/tbody><\/table><table width=\"611\" cellspacing=\"0\" cellpadding=\"7\"><tbody><tr><td colspan=\"4\" width=\"595\"><p style=\"text-align: left;\" align=\"center\"><span style=\"font-size: x-large;\"><b>RECURSANTES y A\u00d1O ACAD\u00c9MICO<\/b><\/span><\/p><p style=\"text-align: left;\" align=\"center\">Estudiantes que terminaron su cohorte o que solo cursan espacios (materias)<\/p><p style=\"text-align: left;\" align=\"center\">Estudiantes que solo deben rendir espacios curriculares en mesa de examen.<\/p><\/td><\/tr><tr><td width=\"77\" height=\"17\">\u00a0<\/td><td bgcolor=\"#262626\" width=\"159\"><p align=\"center\"><span style=\"color: #ffffff;\"><b>JUEVES 12\/03<\/b><\/span><\/p><\/td><td bgcolor=\"#262626\" width=\"159\"><p align=\"center\"><span style=\"color: #ffffff;\"><b>VIERNES 13\/03<\/b><\/span><\/p><\/td><td bgcolor=\"#262626\" width=\"158\"><p align=\"center\"><span style=\"color: #ffffff;\"><b>LUNES 16\/03<\/b><\/span><\/p><\/td><\/tr><tr><td bgcolor=\"#262626\" width=\"77\" height=\"47\"><p align=\"center\"><span style=\"color: #ffffff;\"><b>De 18:0<\/b><\/span><\/p><p align=\"center\"><span style=\"color: #ffffff;\"><b>A 20:00<\/b><\/span><\/p><\/td><td width=\"159\"><p align=\"center\">DNI terminados<\/p><p align=\"center\">en <b>1, 2 y 3<\/b><\/p><\/td><td width=\"159\"><p align=\"center\">DNI terminados<\/p><p align=\"center\">en <b>4, 5 y 6<\/b><\/p><\/td><td width=\"158\"><p align=\"center\">DNI terminados<\/p><p align=\"center\">en <b>7, 8 y 9<\/b><\/p><\/td><\/tr><\/tbody><\/table><table dir=\"ltr\" width=\"611\" cellspacing=\"0\" cellpadding=\"7\" align=\"left\"><tbody><tr><td width=\"595\"><p style=\"text-align: left;\" align=\"center\"><span style=\"font-size: x-large;\"><b>PASES<\/b><\/span><\/p><p style=\"text-align: left;\" align=\"center\">Ver documentaci\u00f3n requerida en el siguiente link <a href=\"https:\/\/docs.google.com\/document\/d\/1NHenE_556e2_rHfOKwOrUQKwjOlqZVbj50sM5bTuctA\/edit?usp=sharing\"><span style=\"color: #0000ee;\"><u>Protocolo: Recepci\u00f3n de Pases<\/u><\/span><\/a><\/p><\/td><\/tr><tr><td bgcolor=\"#434343\" width=\"595\" height=\"16\"><p align=\"center\"><span style=\"color: #ffffff;\"><b>MARTES 17 DE MARZO<\/b><\/span><\/p><p align=\"center\"><span style=\"color: #ffffff;\"><b>DE 18:00 A 20:00<\/b><\/span><\/p><\/td><\/tr><\/tbody><\/table><\/div>\n\t\t\t\t\t\t\t\t\t<div class=\"elementor-tab-title elementor-tab-mobile-title\" aria-selected=\"false\" data-tab=\"2\" role=\"tab\" tabindex=\"-1\" aria-controls=\"elementor-tab-content-1002\" aria-expanded=\"false\">Mesas de ex\u00e1men<\/div>\n\t\t\t\t\t<div id=\"elementor-tab-content-1002\" class=\"elementor-tab-content elementor-clearfix\" data-tab=\"2\" role=\"tabpanel\" aria-labelledby=\"elementor-tab-title-1002\" tabindex=\"0\" hidden=\"hidden\"><ul><li><span style=\"color: #ffffff;\"><a style=\"color: #ffffff;\" href=\"https:\/\/www.isef11.edu.ar\/?page_id=2025\"><span style=\"text-decoration: underline;\"><span><strong>MESAS DE EX\u00c1MEN FEB\/MARZO 2026<\/strong><\/span><\/span><\/a><\/span><\/li><li><a href=\"http:\/\/www.isef11.edu.ar\/?p=131\"><span style=\"text-decoration: underline; color: #ffffff;\"><span style=\"color: #000000; text-decoration: underline;\"><strong><span style=\"color: #ffffff; text-decoration: underline;\">MESAS DE EX\u00c1MEN FEB\/MARZO 2022<\/span><\/strong><\/span><\/span><\/a><\/li><\/ul><\/div>\n\t\t\t\t\t\t\t<\/div>\n\t\t<\/div>\n\t\t\t\t\t\t<\/div>\n\t\t\t\t<\/div>\n\t\t\t\t\t<\/div>\n\t\t<\/div>\n\t\t\t\t\t<\/div>\n\t\t<\/section>\n\t\t\t\t<\/div>\n\t\t","protected":false},"excerpt":{"rendered":"<p>Reinscripci\u00f3n Mesas de ex\u00e1men Reinscripci\u00f3n Inscripci\u00f3n al ciclo lectivo 2026 Re-cursado &#8211; Pases 1. Tener en cuenta: La inscripci\u00f3n es obligatoria para todos los estudiantes que deseen mantener su condici\u00f3n [&hellip;]<\/p>\n","protected":false},"author":1,"featured_media":0,"parent":0,"menu_order":0,"comment_status":"closed","ping_status":"closed","template":"elementor_header_footer","meta":{"footnotes":""},"class_list":["post-615","page","type-page","status-publish","hentry"],"_links":{"self":[{"href":"https:\/\/www.isef11.edu.ar\/index.php?rest_route=\/wp\/v2\/pages\/615","targetHints":{"allow":["GET"]}}],"collection":[{"href":"https:\/\/www.isef11.edu.ar\/index.php?rest_route=\/wp\/v2\/pages"}],"about":[{"href":"https:\/\/www.isef11.edu.ar\/index.php?rest_route=\/wp\/v2\/types\/page"}],"author":[{"embeddable":true,"href":"https:\/\/www.isef11.edu.ar\/index.php?rest_route=\/wp\/v2\/users\/1"}],"replies":[{"embeddable":true,"href":"https:\/\/www.isef11.edu.ar\/index.php?rest_route=%2Fwp%2Fv2%2Fcomments&post=615"}],"version-history":[{"count":10,"href":"https:\/\/www.isef11.edu.ar\/index.php?rest_route=\/wp\/v2\/pages\/615\/revisions"}],"predecessor-version":[{"id":2036,"href":"https:\/\/www.isef11.edu.ar\/index.php?rest_route=\/wp\/v2\/pages\/615\/revisions\/2036"}],"wp:attachment":[{"href":"https:\/\/www.isef11.edu.ar\/index.php?rest_route=%2Fwp%2Fv2%2Fmedia&parent=615"}],"curies":[{"name":"wp","href":"https:\/\/api.w.org\/{rel}","templated":true}]}}